{"id":3256,"date":"2014-08-11T14:42:13","date_gmt":"2014-08-11T14:42:13","guid":{"rendered":"https:\/\/www.osteopatiamotec.com\/?page_id=3256"},"modified":"2022-01-26T14:01:15","modified_gmt":"2022-01-26T13:01:15","slug":"una-sessio-a-motec","status":"publish","type":"page","link":"https:\/\/www.osteopatiamotec.com\/ca\/que-es-losteopatia\/una-sessio-a-motec\/","title":{"rendered":"Una sessi\u00f3 a MOTEC"},"content":{"rendered":"<div class=\"fusion-fullwidth fullwidth-box fusion-builder-row-1 fusion-flex-container nonhundred-percent-fullwidth non-hundred-percent-height-scrolling\" style=\"background-color: rgba(255,255,255,0);background-position: left top;background-repeat: no-repeat;border-width: 0px 0px 0px 0px;border-color:#e8ebef;border-style:solid;\" ><div class=\"fusion-builder-row fusion-row fusion-flex-align-items-stretch fusion-flex-justify-content-center\" style=\"max-width:1248px;margin-left: calc(-4% \/ 2 );margin-right: calc(-4% \/ 2 );\"><div class=\"fusion-layout-column fusion_builder_column fusion-builder-column-0 fusion_builder_column_3_5 3_5 fusion-flex-column\"><div class=\"fusion-column-wrapper fusion-flex-justify-content-flex-start fusion-content-layout-column\" style=\"background-position:left top;background-repeat:no-repeat;-webkit-background-size:cover;-moz-background-size:cover;-o-background-size:cover;background-size:cover;background-color:#ffffff;padding: 0px 40px 40px 40px;\"><div class=\"fusion-text fusion-text-1\" style=\"text-transform:none;\"><h3 style=\"font-weight: 400;\">Com \u00e9s una sessi\u00f3 d&#8217;Osteopatia a Motec?<\/h3>\n<\/div><div class=\"fusion-text fusion-text-2\"><p>Una sessi\u00f3 d&#8217;osteopatia a Motec (Medicina Osteop\u00e0tica i Ter\u00e0pia Crani-Sacral) \u00e9s sempre individual. S&#8217;hi estableix un di\u00e0leg entre les mans de l&#8217;oste\u00f2pata i els teixits del pacient. Consta dun primer temps avaluatiu i un segon temps terap\u00e8utic. A la sessi\u00f3 es realitzar\u00e0 la hist\u00f2ria cl\u00ednica juntament amb els test diagn\u00f2stics ia posteriori s&#8217;aplicaran les t\u00e8cniques manuals adequades per resoldre els s\u00edmptomes del pacient.<\/p>\n<p>Les t\u00e8cniques d&#8217;elecci\u00f3 varien en funci\u00f3 de les caracter\u00edstiques del pacient (edat, sexe, malalties associades&#8230;) i la naturalesa de la lesi\u00f3 (estructural, visceral, cranial, miofascial\u2026). La multitud de t\u00e8cniques inclou manipulacions vertebrals i articulars, mobilitzacions, t\u00e8cniques de teixits tous, t\u00e8cniques miofascials, t\u00e8cniques d&#8217;escolta cranial, tractaments viscerals, tractament craneosacral, etc.<\/p>\n<\/div><div ><span class=\" fusion-imageframe imageframe-none imageframe-1 hover-type-zoomin\" style=\"border-radius:12px;\"><img loading=\"lazy\" decoding=\"async\" width=\"1820\" height=\"1095\" alt=\"osteopata en barcelona\" title=\"osteopata en barcelona\" src=\"https:\/\/www.osteopatiamotec.com\/wp-content\/uploads\/osteopata-en-barcelona.jpg\" class=\"img-responsive wp-image-5531\" srcset=\"https:\/\/www.osteopatiamotec.com\/wp-content\/uploads\/osteopata-en-barcelona-200x120.jpg 200w, https:\/\/www.osteopatiamotec.com\/wp-content\/uploads\/osteopata-en-barcelona-400x241.jpg 400w, https:\/\/www.osteopatiamotec.com\/wp-content\/uploads\/osteopata-en-barcelona-600x361.jpg 600w, https:\/\/www.osteopatiamotec.com\/wp-content\/uploads\/osteopata-en-barcelona-800x481.jpg 800w, https:\/\/www.osteopatiamotec.com\/wp-content\/uploads\/osteopata-en-barcelona-1200x722.jpg 1200w, https:\/\/www.osteopatiamotec.com\/wp-content\/uploads\/osteopata-en-barcelona.jpg 1820w\" sizes=\"auto, (max-width: 640px) 100vw, 600px\" \/><\/span><\/div><div class=\"fusion-text fusion-text-3\" style=\"text-transform:none;\"><p>L&#8217;aplicaci\u00f3 de les t\u00e8cniques osteop\u00e0tiques es realitzaran respectant SEMPRE el l\u00edmit del dolor del pacient.<\/p>\n<blockquote>\n<h4 style=\"text-align: left;\">L&#8217;oste\u00f2pata ajuda que el cos segueixi el cam\u00ed de la curaci\u00f3. Per aix\u00f2 cal un temps de descans entre una sessi\u00f3 i una altra perqu\u00e8 el pacient s&#8217;adapti i es curi.<\/h4>\n<\/blockquote>\n<\/div><\/div><style type=\"text\/css\">.fusion-body .fusion-builder-column-0{width:60% !important;margin-top : 20px;margin-bottom : 20px;}.fusion-builder-column-0 > .fusion-column-wrapper {padding-top : 0px !important;padding-right : 40px !important;margin-right : 3.2%;padding-bottom : 40px !important;padding-left : 40px !important;margin-left : 3.2%;}@media only screen and (max-width:1200px) {.fusion-body .fusion-builder-column-0{width:60% !important;order : 0;}.fusion-builder-column-0 > .fusion-column-wrapper {margin-right : 3.2%;margin-left : 3.2%;}}@media only screen and (max-width:640px) {.fusion-body .fusion-builder-column-0{width:100% !important;order : 0;}.fusion-builder-column-0 > .fusion-column-wrapper {margin-right : 1.92%;margin-left : 1.92%;}}<\/style><\/div><\/div><style type=\"text\/css\">.fusion-body .fusion-flex-container.fusion-builder-row-1{ padding-top : 0px;margin-top : 0px;padding-right : 0px;padding-bottom : 100px;margin-bottom : 0px;padding-left : 0px;}<\/style><\/div>\n","protected":false},"excerpt":{"rendered":"","protected":false},"author":1,"featured_media":0,"parent":3254,"menu_order":0,"comment_status":"closed","ping_status":"closed","template":"","meta":{"footnotes":""},"class_list":["post-3256","page","type-page","status-publish","hentry"],"yoast_head":"<!-- This site is optimized with the Yoast SEO plugin v27.6 - https:\/\/yoast.com\/product\/yoast-seo-wordpress\/ -->\n<title>Una sessi\u00f3 d&#039;osteopatia a MOTEC<\/title>\n<meta name=\"description\" content=\"A la sessi\u00f3 es realitzar\u00e0 la hist\u00f2ria cl\u00ednica juntament amb els test diagn\u00f2stics ia posteriori s&#039;aplicaran les t\u00e8cniques manuals adequades per resoldre els s\u00edmptomes del pacient.\" \/>\n<meta name=\"robots\" content=\"index, follow, max-snippet:-1, max-image-preview:large, max-video-preview:-1\" \/>\n<link rel=\"canonical\" href=\"https:\/\/www.osteopatiamotec.com\/ca\/que-es-losteopatia\/una-sessio-a-motec\/\" \/>\n<meta property=\"og:locale\" content=\"ca_ES\" \/>\n<meta property=\"og:type\" content=\"article\" \/>\n<meta property=\"og:title\" content=\"Una sessi\u00f3 d&#039;osteopatia a MOTEC\" \/>\n<meta property=\"og:description\" content=\"A la sessi\u00f3 es realitzar\u00e0 la hist\u00f2ria cl\u00ednica juntament amb els test diagn\u00f2stics ia posteriori s&#039;aplicaran les t\u00e8cniques manuals adequades per resoldre els s\u00edmptomes del pacient.\" \/>\n<meta property=\"og:url\" content=\"https:\/\/www.osteopatiamotec.com\/ca\/que-es-losteopatia\/una-sessio-a-motec\/\" \/>\n<meta property=\"og:site_name\" content=\"Centro de Osteopat\u00eda en Barcelona - Motec\" \/>\n<meta property=\"article:publisher\" content=\"https:\/\/www.facebook.com\/osteopatiamotec\/\" \/>\n<meta property=\"article:modified_time\" content=\"2022-01-26T13:01:15+00:00\" \/>\n<meta property=\"og:image\" content=\"https:\/\/www.osteopatiamotec.com\/wp-content\/uploads\/osteopatiamotec-social.jpg\" \/>\n\t<meta property=\"og:image:width\" content=\"1200\" \/>\n\t<meta property=\"og:image:height\" content=\"800\" \/>\n\t<meta property=\"og:image:type\" content=\"image\/jpeg\" \/>\n<meta name=\"twitter:card\" content=\"summary_large_image\" \/>\n<meta name=\"twitter:site\" content=\"@motecosteopatia\" \/>\n<meta name=\"twitter:label1\" content=\"Est. reading time\" \/>\n\t<meta name=\"twitter:data1\" content=\"6 minutes\" \/>\n<script type=\"application\/ld+json\" class=\"yoast-schema-graph\">{\"@context\":\"https:\\\/\\\/schema.org\",\"@graph\":[{\"@type\":[\"WebPage\",\"MedicalWebPage\"],\"@id\":\"https:\\\/\\\/www.osteopatiamotec.com\\\/ca\\\/que-es-losteopatia\\\/una-sessio-a-motec\\\/\",\"url\":\"https:\\\/\\\/www.osteopatiamotec.com\\\/ca\\\/que-es-losteopatia\\\/una-sessio-a-motec\\\/\",\"name\":\"Una sessi\u00f3 d'osteopatia a MOTEC\",\"isPartOf\":{\"@id\":\"https:\\\/\\\/www.osteopatiamotec.com\\\/ca\\\/#website\"},\"datePublished\":\"2014-08-11T14:42:13+00:00\",\"dateModified\":\"2022-01-26T13:01:15+00:00\",\"description\":\"A la sessi\u00f3 es realitzar\u00e0 la hist\u00f2ria cl\u00ednica juntament amb els test diagn\u00f2stics ia posteriori s'aplicaran les t\u00e8cniques manuals adequades per resoldre els s\u00edmptomes del pacient.\",\"breadcrumb\":{\"@id\":\"https:\\\/\\\/www.osteopatiamotec.com\\\/ca\\\/que-es-losteopatia\\\/una-sessio-a-motec\\\/#breadcrumb\"},\"inLanguage\":\"ca-ES\",\"potentialAction\":[{\"@type\":\"ReadAction\",\"target\":[\"https:\\\/\\\/www.osteopatiamotec.com\\\/ca\\\/que-es-losteopatia\\\/una-sessio-a-motec\\\/\"]}]},{\"@type\":\"BreadcrumbList\",\"@id\":\"https:\\\/\\\/www.osteopatiamotec.com\\\/ca\\\/que-es-losteopatia\\\/una-sessio-a-motec\\\/#breadcrumb\",\"itemListElement\":[{\"@type\":\"ListItem\",\"position\":1,\"name\":\"Home\",\"item\":\"https:\\\/\\\/www.osteopatiamotec.com\\\/ca\\\/\"},{\"@type\":\"ListItem\",\"position\":2,\"name\":\"Qu\u00e8 \u00e9s l&#8217;osteopatia\",\"item\":\"https:\\\/\\\/www.osteopatiamotec.com\\\/ca\\\/que-es-losteopatia\\\/\"},{\"@type\":\"ListItem\",\"position\":3,\"name\":\"Una sessi\u00f3 a MOTEC\"}]},{\"@type\":\"WebSite\",\"@id\":\"https:\\\/\\\/www.osteopatiamotec.com\\\/ca\\\/#website\",\"url\":\"https:\\\/\\\/www.osteopatiamotec.com\\\/ca\\\/\",\"name\":\"Centro de Osteopat\u00eda en Barcelona - Motec\",\"description\":\"En el Centro de Osteopat\u00eda Motec de Barcelona (Medicina Osteop\u00e1tica y Terapia Cr\u00e1neo-Sacral) no tratamos s\u00f3lo enfermedades, sino que tratamos personas. Debido a nuestra continua formaci\u00f3n, integramos desde t\u00e9cnicas osteop\u00e1ticas cl\u00e1sicas a viscerales, craneales, membranosas, fasciales, somatoemocionales, pedi\u00e1tricas, craneosacrales, seguimiento del embarazo\u2026\",\"publisher\":{\"@id\":\"https:\\\/\\\/www.osteopatiamotec.com\\\/ca\\\/#organization\"},\"potentialAction\":[{\"@type\":\"SearchAction\",\"target\":{\"@type\":\"EntryPoint\",\"urlTemplate\":\"https:\\\/\\\/www.osteopatiamotec.com\\\/ca\\\/?s={search_term_string}\"},\"query-input\":{\"@type\":\"PropertyValueSpecification\",\"valueRequired\":true,\"valueName\":\"search_term_string\"}}],\"inLanguage\":\"ca-ES\"},{\"@type\":\"Organization\",\"@id\":\"https:\\\/\\\/www.osteopatiamotec.com\\\/ca\\\/#organization\",\"name\":\"Centro de Osteopat\u00eda Motec Barcelona\",\"url\":\"https:\\\/\\\/www.osteopatiamotec.com\\\/ca\\\/\",\"logo\":{\"@type\":\"ImageObject\",\"inLanguage\":\"ca-ES\",\"@id\":\"https:\\\/\\\/www.osteopatiamotec.com\\\/ca\\\/#\\\/schema\\\/logo\\\/image\\\/\",\"url\":\"https:\\\/\\\/www.osteopatiamotec.com\\\/wp-content\\\/uploads\\\/osteopatiamotec-social.jpg\",\"contentUrl\":\"https:\\\/\\\/www.osteopatiamotec.com\\\/wp-content\\\/uploads\\\/osteopatiamotec-social.jpg\",\"width\":1200,\"height\":800,\"caption\":\"Centro de Osteopat\u00eda Motec Barcelona\"},\"image\":{\"@id\":\"https:\\\/\\\/www.osteopatiamotec.com\\\/ca\\\/#\\\/schema\\\/logo\\\/image\\\/\"},\"sameAs\":[\"https:\\\/\\\/www.facebook.com\\\/osteopatiamotec\\\/\",\"https:\\\/\\\/x.com\\\/motecosteopatia\",\"https:\\\/\\\/www.instagram.com\\\/osteopatiamotec\\\/\",\"https:\\\/\\\/www.youtube.com\\\/channel\\\/UCiJMpuIx-plYD-Y3Y9Pod6A\"]}]}<\/script>\n<!-- \/ Yoast SEO plugin. -->","yoast_head_json":{"title":"Una sessi\u00f3 d'osteopatia a MOTEC","description":"A la sessi\u00f3 es realitzar\u00e0 la hist\u00f2ria cl\u00ednica juntament amb els test diagn\u00f2stics ia posteriori s'aplicaran les t\u00e8cniques manuals adequades per resoldre els s\u00edmptomes del pacient.","robots":{"index":"index","follow":"follow","max-snippet":"max-snippet:-1","max-image-preview":"max-image-preview:large","max-video-preview":"max-video-preview:-1"},"canonical":"https:\/\/www.osteopatiamotec.com\/ca\/que-es-losteopatia\/una-sessio-a-motec\/","og_locale":"ca_ES","og_type":"article","og_title":"Una sessi\u00f3 d'osteopatia a MOTEC","og_description":"A la sessi\u00f3 es realitzar\u00e0 la hist\u00f2ria cl\u00ednica juntament amb els test diagn\u00f2stics ia posteriori s'aplicaran les t\u00e8cniques manuals adequades per resoldre els s\u00edmptomes del pacient.","og_url":"https:\/\/www.osteopatiamotec.com\/ca\/que-es-losteopatia\/una-sessio-a-motec\/","og_site_name":"Centro de Osteopat\u00eda en Barcelona - Motec","article_publisher":"https:\/\/www.facebook.com\/osteopatiamotec\/","article_modified_time":"2022-01-26T13:01:15+00:00","og_image":[{"width":1200,"height":800,"url":"https:\/\/www.osteopatiamotec.com\/wp-content\/uploads\/osteopatiamotec-social.jpg","type":"image\/jpeg"}],"twitter_card":"summary_large_image","twitter_site":"@motecosteopatia","twitter_misc":{"Est. reading time":"6 minutes"},"schema":{"@context":"https:\/\/schema.org","@graph":[{"@type":["WebPage","MedicalWebPage"],"@id":"https:\/\/www.osteopatiamotec.com\/ca\/que-es-losteopatia\/una-sessio-a-motec\/","url":"https:\/\/www.osteopatiamotec.com\/ca\/que-es-losteopatia\/una-sessio-a-motec\/","name":"Una sessi\u00f3 d'osteopatia a MOTEC","isPartOf":{"@id":"https:\/\/www.osteopatiamotec.com\/ca\/#website"},"datePublished":"2014-08-11T14:42:13+00:00","dateModified":"2022-01-26T13:01:15+00:00","description":"A la sessi\u00f3 es realitzar\u00e0 la hist\u00f2ria cl\u00ednica juntament amb els test diagn\u00f2stics ia posteriori s'aplicaran les t\u00e8cniques manuals adequades per resoldre els s\u00edmptomes del pacient.","breadcrumb":{"@id":"https:\/\/www.osteopatiamotec.com\/ca\/que-es-losteopatia\/una-sessio-a-motec\/#breadcrumb"},"inLanguage":"ca-ES","potentialAction":[{"@type":"ReadAction","target":["https:\/\/www.osteopatiamotec.com\/ca\/que-es-losteopatia\/una-sessio-a-motec\/"]}]},{"@type":"BreadcrumbList","@id":"https:\/\/www.osteopatiamotec.com\/ca\/que-es-losteopatia\/una-sessio-a-motec\/#breadcrumb","itemListElement":[{"@type":"ListItem","position":1,"name":"Home","item":"https:\/\/www.osteopatiamotec.com\/ca\/"},{"@type":"ListItem","position":2,"name":"Qu\u00e8 \u00e9s l&#8217;osteopatia","item":"https:\/\/www.osteopatiamotec.com\/ca\/que-es-losteopatia\/"},{"@type":"ListItem","position":3,"name":"Una sessi\u00f3 a MOTEC"}]},{"@type":"WebSite","@id":"https:\/\/www.osteopatiamotec.com\/ca\/#website","url":"https:\/\/www.osteopatiamotec.com\/ca\/","name":"Centro de Osteopat\u00eda en Barcelona - Motec","description":"En el Centro de Osteopat\u00eda Motec de Barcelona (Medicina Osteop\u00e1tica y Terapia Cr\u00e1neo-Sacral) no tratamos s\u00f3lo enfermedades, sino que tratamos personas. Debido a nuestra continua formaci\u00f3n, integramos desde t\u00e9cnicas osteop\u00e1ticas cl\u00e1sicas a viscerales, craneales, membranosas, fasciales, somatoemocionales, pedi\u00e1tricas, craneosacrales, seguimiento del embarazo\u2026","publisher":{"@id":"https:\/\/www.osteopatiamotec.com\/ca\/#organization"},"potentialAction":[{"@type":"SearchAction","target":{"@type":"EntryPoint","urlTemplate":"https:\/\/www.osteopatiamotec.com\/ca\/?s={search_term_string}"},"query-input":{"@type":"PropertyValueSpecification","valueRequired":true,"valueName":"search_term_string"}}],"inLanguage":"ca-ES"},{"@type":"Organization","@id":"https:\/\/www.osteopatiamotec.com\/ca\/#organization","name":"Centro de Osteopat\u00eda Motec Barcelona","url":"https:\/\/www.osteopatiamotec.com\/ca\/","logo":{"@type":"ImageObject","inLanguage":"ca-ES","@id":"https:\/\/www.osteopatiamotec.com\/ca\/#\/schema\/logo\/image\/","url":"https:\/\/www.osteopatiamotec.com\/wp-content\/uploads\/osteopatiamotec-social.jpg","contentUrl":"https:\/\/www.osteopatiamotec.com\/wp-content\/uploads\/osteopatiamotec-social.jpg","width":1200,"height":800,"caption":"Centro de Osteopat\u00eda Motec Barcelona"},"image":{"@id":"https:\/\/www.osteopatiamotec.com\/ca\/#\/schema\/logo\/image\/"},"sameAs":["https:\/\/www.facebook.com\/osteopatiamotec\/","https:\/\/x.com\/motecosteopatia","https:\/\/www.instagram.com\/osteopatiamotec\/","https:\/\/www.youtube.com\/channel\/UCiJMpuIx-plYD-Y3Y9Pod6A"]}]}},"_links":{"self":[{"href":"https:\/\/www.osteopatiamotec.com\/ca\/wp-json\/wp\/v2\/pages\/3256","targetHints":{"allow":["GET"]}}],"collection":[{"href":"https:\/\/www.osteopatiamotec.com\/ca\/wp-json\/wp\/v2\/pages"}],"about":[{"href":"https:\/\/www.osteopatiamotec.com\/ca\/wp-json\/wp\/v2\/types\/page"}],"author":[{"embeddable":true,"href":"https:\/\/www.osteopatiamotec.com\/ca\/wp-json\/wp\/v2\/users\/1"}],"replies":[{"embeddable":true,"href":"https:\/\/www.osteopatiamotec.com\/ca\/wp-json\/wp\/v2\/comments?post=3256"}],"version-history":[{"count":0,"href":"https:\/\/www.osteopatiamotec.com\/ca\/wp-json\/wp\/v2\/pages\/3256\/revisions"}],"up":[{"embeddable":true,"href":"https:\/\/www.osteopatiamotec.com\/ca\/wp-json\/wp\/v2\/pages\/3254"}],"wp:attachment":[{"href":"https:\/\/www.osteopatiamotec.com\/ca\/wp-json\/wp\/v2\/media?parent=3256"}],"curies":[{"name":"wp","href":"https:\/\/api.w.org\/{rel}","templated":true}]}}