{"id":3265,"date":"2014-08-11T14:49:39","date_gmt":"2014-08-11T14:49:39","guid":{"rendered":"https:\/\/www.osteopatiamotec.com\/?page_id=3265"},"modified":"2022-01-26T19:25:21","modified_gmt":"2022-01-26T18:25:21","slug":"principis-de-losteopatia","status":"publish","type":"page","link":"https:\/\/www.osteopatiamotec.com\/ca\/que-es-losteopatia\/principis-de-losteopatia\/","title":{"rendered":"Principis de l&#8217;osteopatia (ROE)"},"content":{"rendered":"<div class=\"fusion-fullwidth fullwidth-box fusion-builder-row-1 fusion-flex-container nonhundred-percent-fullwidth non-hundred-percent-height-scrolling\" style=\"background-color: rgba(255,255,255,0);background-position: center center;background-repeat: no-repeat;border-width: 0px 0px 0px 0px;border-color:#e8ebef;border-style:solid;\" ><div class=\"fusion-builder-row fusion-row fusion-flex-align-items-flex-start fusion-flex-justify-content-center\" style=\"max-width:1248px;margin-left: calc(-4% \/ 2 );margin-right: calc(-4% \/ 2 );\"><div class=\"fusion-layout-column fusion_builder_column fusion-builder-column-0 fusion_builder_column_3_4 3_4 fusion-flex-column\"><div class=\"fusion-column-wrapper fusion-flex-justify-content-flex-start fusion-content-layout-column\" style=\"background-position:left top;background-repeat:no-repeat;-webkit-background-size:cover;-moz-background-size:cover;-o-background-size:cover;background-size:cover;border-width: 1px 1px 1px 1px;border-color:#dddddd;border-style:solid;padding: 0px 40px 40px 40px;\"><div class=\"fusion-text fusion-text-1\"><h3 style=\"font-weight: 400;\">Principis de l&#8217;osteopatia<\/h3>\n<\/div><div class=\"fusion-text fusion-text-2\"><p style=\"text-align: justify;\">Els principis descrits en aquesta secci\u00f3 s\u00f3n fonamentalment els ideals que l&#8217;oste\u00f2pata intenta buscar a la seva visi\u00f3 de la salut i de la malaltia. Cal tenir en compte que l&#8217;osteopatia no \u00e9s una simple combinaci\u00f3 de medicina occidental i de manipulacions i, per tant, aquests principis no nom\u00e9s han de ser aplicats a la manipulaci\u00f3 pr\u00f2piament dita, sin\u00f3 tamb\u00e9 a la cura de la salut global de pacient.<\/p>\n<p style=\"text-align: justify;\">Els quatre primers principis van ser establerts pel Kirksville College of Osteopathic Medicine el 1953. La resta, van ser publicats al Journal of American Osteopathy el 1981:<\/p>\n<p style=\"text-align: justify;\"><strong>1. &#8220;EL COS \u00c9S UNA UNITAT&#8221; <\/strong><\/p>\n<p style=\"text-align: justify;\">L&#8217;\u00e9sser hum\u00e0 no funciona com una s\u00e8rie de parts independents sin\u00f3 com un tot. Tot dit est\u00e0 \u00f2bviament format per diferents parts, totes treballant per al benefici de l&#8217;organisme en la seva totalitat. El mecanisme d&#8217;uni\u00f3 entre les diferents parts \u00e9s donat per la f\u00e0scia (teixit connectiu). Els sistemes musculoesquel\u00e8tic i nervi\u00f3s contribueixen a la comunicaci\u00f3 ia la locomoci\u00f3, mentre que els sistemes arterial, ven\u00f3s i limf\u00e0tic afavoreixen la nutrici\u00f3 dels teixits i l&#8217;eliminaci\u00f3 de subst\u00e0ncies t\u00f2xiques.<\/p>\n<p style=\"text-align: justify;\"><strong>2. &#8220;L&#8217;ESTRUCTURA I LA FUNCI\u00d3 ESTAN RELACIONADES&#8221; <\/strong><\/p>\n<p style=\"text-align: justify;\">Qualsevol part del cos compleix una funci\u00f3 que ve marcada per la pr\u00f2pia estructura. Aix\u00ed, ia mode d&#8217;exemple, la forma de les costelles, la seva relaci\u00f3 amb les v\u00e8rtebres dorsals o amb l&#8217;estern, unit a la mobilitat dels m\u00fasculs de la respiraci\u00f3 determina la manera com funciona. L&#8217;estructura, doncs, governa la funci\u00f3. D&#8217;altra banda, la funci\u00f3 pot modificar l&#8217;estructura, ja que per exemple un exc\u00e9s d&#8217;\u00fas d&#8217;un tend\u00f3 determinat pot acabar comportant canvis en l&#8217;os en qu\u00e8 s&#8217;insereix.<\/p>\n<p style=\"text-align: justify;\"><strong>3. &#8220;EL COS POSSEIX MECANISMES D&#8217;AUTORREGULACI\u00d3&#8221; <\/strong><\/p>\n<p style=\"text-align: justify;\">L&#8217;individu tendeix a l&#8217;equilibri dels sistemes. Hi ha nombrosos mecanismes de tipus neuronal, hormonal, vascular, etc. a partir dels quals el cos en pot regular les funcions de manera no conscient. Aix\u00ed, per exemple, l&#8217;alliberament d&#8217;hormones a l&#8217;hipot\u00e0lem produeix alliberament d&#8217;hormones a la hip\u00f2fisi; aquesta alhora allibera hormones que actuaran sobre un \u00f2rgan diana, el qual acabar\u00e0 alliberant productes finals que podran ser detectats. Mitjan\u00e7ant un mecanisme de feedback que detecta aquests productes finals es regula la funci\u00f3 inicial de l&#8217;hipot\u00e0lem sobre la hip\u00f2fisi. Tot funciona seguint el concepte del cos com a unitat.<\/p>\n<p style=\"text-align: justify;\"><strong>4. &#8220;EL COS T\u00c9 LA CAPACITAT INHERENT DE DEFENSAR-SE I DE REPARAR-SE&#8221; <\/strong><\/p>\n<p style=\"text-align: justify;\">\u00c9s sorprenent que la malaltia no aparegui amb m\u00e9s freq\u00fc\u00e8ncia si tenim en compte que al nostre entorn hi ha infinitat d&#8217;elements pat\u00f2gens, irritants i moltes subst\u00e0ncies t\u00f2xiques. La primera l\u00ednia de defensa es troba a la pell ia les mucoses, on hi ha sistemes per detectar i negar l&#8217;entrada a elements nocius per al cos. Si aquesta defensa \u00e9s superada, el sistema immune humoral i cel\u00b7lular s&#8217;activa per protegir l&#8217;organisme d&#8217;elements potencialment nocius. Per la seva banda, l&#8217;augment de la temperatura (regulat pel sistema nervi\u00f3s central) pot apar\u00e8ixer com a resposta a l&#8217;aparici\u00f3 d&#8217;elements pat\u00f2gens i ho fa per inhibir la reproducci\u00f3 de microorganismes, donant temps a la resposta immune a actuar. D&#8217;altra banda, cal tenir en compte que una temperatura excessiva (febre) pot esdevenir perjudicial per a l&#8217;individu.<\/p>\n<p style=\"text-align: justify;\">El cos t\u00e9 alhora la capacitat de reparar-se i aix\u00f2 ho veiem amb freq\u00fc\u00e8ncia en el cas de ferides, esquin\u00e7os o fractures i ho fa d&#8217;entrada mitjan\u00e7ant mecanismes d&#8217;adaptaci\u00f3. Aquesta adaptaci\u00f3 \u00e9s clau en la funci\u00f3 del cos i pot esdevenir extraordin\u00e0ria en determinats moments. Aix\u00ed, en el cas d\u201funa disfunci\u00f3 d\u201fun rony\u00f3, el rony\u00f3 sa passa a complir les funcions de l\u201faltre doblant pr\u00e0cticament la seva c\u00e0rrega de treball.<\/p>\n<p style=\"text-align: justify;\"><strong>5. &#8220;SI LA CAPACITAT D&#8217;ADAPTACI\u00d3 I AUTOREGULACI\u00d3 DE PERD, POT APAR\u00c8IXER LA MALALTIA&#8221; <\/strong><\/p>\n<p style=\"text-align: justify;\">La malaltia \u00e9s una interacci\u00f3 entre la persona i els mitjans intern i extern i passa quan se superen els mecanismes de defensa o dadaptaci\u00f3 a una situaci\u00f3. La causa pot ser una alteraci\u00f3 de lestructura o de la funci\u00f3 que impedeixi aquesta adaptaci\u00f3. A m\u00e9s, la suma de factors lesionals o pat\u00f2gens multiplica la dificultat per superar-los.<\/p>\n<p style=\"text-align: justify;\"><strong>6. &#8220;UN TRACTAMENT RACIONAL HA DE BASSAR-SE EN ELS PRINCIPIS ANTERIORS&#8221; <\/strong><\/p>\n<p style=\"text-align: justify;\">El tractament manual osteop\u00e0tic no s&#8217;esmenta en aquests principis. Quan ATStill va anunciar la seva filosofia el 1874 no va esmentar la manipulaci\u00f3 i de fet, sembla que no va comen\u00e7ar a utilitzar-les fins a 5 anys despr\u00e9s com a eina diagn\u00f2stica i de tractament. La manipulaci\u00f3 \u00e9s nom\u00e9s un aspecte de la filosofia osteop\u00e0tica i no necess\u00e0riament el m\u00e9s important. De tota manera, recon\u00e8ixer la import\u00e0ncia del component som\u00e0tic de la malaltia far\u00e0 m\u00e9s \u00fatil aquesta manipulaci\u00f3.<\/p>\n<p style=\"text-align: justify;\">Com a afegit als principis b\u00e0sics de la filosofia osteop\u00e0tica hi ha altres conceptes que ajuden l&#8217;oste\u00f2pata en el seu enfocament del pacient:<\/p>\n<p style=\"text-align: justify;\"><strong>\u2022 &#8220;EL MOVIMENT DELS FLUIDS \u00c9S ESSENCIAL PER AL MANTENIMENT DE LA SALUT&#8221; <\/strong><\/p>\n<p style=\"text-align: justify;\">Les art\u00e8ries i la resta d&#8217;estructures tubulars tenen un paper crucial tant a l&#8217;aportaci\u00f3 nutricional com a la retirada de les subst\u00e0ncies de rebuig. Una alteraci\u00f3 de la circulaci\u00f3 en aquest sentit produeix patologia ja sigui com a inflamaci\u00f3, atr\u00f2fia, irritaci\u00f3 o trauma. A m\u00e9s a m\u00e9s en aquesta situaci\u00f3, els processos curatius es veuen alentits i fins i tot impossibilitats. L&#8217;oste\u00f2pata ha de focalitzar la seva atenci\u00f3 en aquelles \u00e0rees de disfunci\u00f3 que puguin influenciar la circulaci\u00f3 cap a una zona de lesi\u00f3 o patol\u00f2gica.<\/p>\n<p style=\"text-align: justify;\"><strong>\u2022 &#8220;EL SISTEMA NERVI\u00d3S ACOMPLA UN PAPER VITAL AL CONTROL DEL COS&#8221; <\/strong><\/p>\n<p style=\"text-align: justify;\">El sistema nervi\u00f3s en fonamental en el control del flux sanguini. Una alteraci\u00f3 del control del sistema nervi\u00f3s aut\u00f2nom a nivell tor\u00e0cic pot comportar canvis vasculars en els dermatomes som\u00e0tics inervats per aquests segments. Aix\u00f2 comportar\u00e0 canvis de temperatura, dolor, edema, etc. L&#8217;oste\u00f2pata requereix un gran coneixement de l&#8217;anatomia i de la fisiologia per poder detectar i resoldre qualsevol alteraci\u00f3 i corregir la funci\u00f3 del sistema nervi\u00f3s aut\u00f2nom de manera precisa.<\/p>\n<p style=\"text-align: justify;\"><strong>\u2022 &#8220;HI HA COMPONENTS SOM\u00c0TICS DE LA MALALTIA QUE NO S\u00d3N \u00daNICAMENT MANIFESTACIONS DE LA MATEIXA, SIN\u00d3 FACTORS DE MANTENIMENT DE LA MALALTIA&#8221; <\/strong><\/p>\n<p style=\"text-align: justify;\">El component som\u00e0tic de la malaltia pot ser causat per una lesi\u00f3 directa al cos (impacte, traumatisme, etc.) o apar\u00e8ixer com a resposta visceral a la patologia. Aix\u00ed, ia mode d&#8217;exemple en el cas d&#8217;una apendicitis podem observar un espasme del m\u00fascul psoes o de la paret abdominal. Sembla que el mecanisme d&#8217;aquesta resposta som\u00e0tica \u00e9s degut al reflex viscerosom\u00e0tic segmentari. Moltes vegades, la lesi\u00f3 apareix del desequilibri entre el sistema neuromuscular i els sistemes viscerals.<\/p>\n<\/div><\/div><style type=\"text\/css\">.fusion-body .fusion-builder-column-0{width:75% !important;margin-top : 20px;margin-bottom : 0px;}.fusion-builder-column-0 > .fusion-column-wrapper {padding-top : 0px !important;padding-right : 40px !important;margin-right : 2.56%;padding-bottom : 40px !important;padding-left : 40px !important;margin-left : 2.56%;}@media only screen and (max-width:1200px) {.fusion-body .fusion-builder-column-0{width:75% !important;order : 0;}.fusion-builder-column-0 > .fusion-column-wrapper {margin-right : 2.56%;margin-left : 2.56%;}}@media only screen and (max-width:640px) {.fusion-body .fusion-builder-column-0{width:100% !important;order : 0;}.fusion-builder-column-0 > .fusion-column-wrapper {margin-right : 1.92%;margin-left : 1.92%;}}<\/style><\/div><\/div><style type=\"text\/css\">.fusion-body .fusion-flex-container.fusion-builder-row-1{ padding-top : 0px;margin-top : 0px;padding-right : 0px;padding-bottom : 0px;margin-bottom : 0px;padding-left : 0px;}<\/style><\/div>\n","protected":false},"excerpt":{"rendered":"","protected":false},"author":1,"featured_media":0,"parent":3254,"menu_order":10,"comment_status":"open","ping_status":"open","template":"","meta":{"footnotes":""},"class_list":["post-3265","page","type-page","status-publish","hentry"],"yoast_head":"<!-- This site is optimized with the Yoast SEO plugin v27.2 - https:\/\/yoast.com\/product\/yoast-seo-wordpress\/ -->\n<title>Principis de l&#039;osteopatia - Centro de Osteopat\u00eda Motec<\/title>\n<meta name=\"description\" content=\"Els principis descrits en aquesta secci\u00f3 s\u00f3n fonamentalment els ideals que l&#039;oste\u00f2pata intenta buscar a la seva visi\u00f3 de la salut i de la malaltia.\" \/>\n<meta name=\"robots\" content=\"index, follow, max-snippet:-1, max-image-preview:large, max-video-preview:-1\" \/>\n<link rel=\"canonical\" href=\"https:\/\/www.osteopatiamotec.com\/ca\/que-es-losteopatia\/principis-de-losteopatia\/\" \/>\n<meta property=\"og:locale\" content=\"ca_ES\" \/>\n<meta property=\"og:type\" content=\"article\" \/>\n<meta property=\"og:title\" content=\"Principis de l&#039;osteopatia - Centro de Osteopat\u00eda Motec\" \/>\n<meta property=\"og:description\" content=\"Els principis descrits en aquesta secci\u00f3 s\u00f3n fonamentalment els ideals que l&#039;oste\u00f2pata intenta buscar a la seva visi\u00f3 de la salut i de la malaltia.\" \/>\n<meta property=\"og:url\" content=\"https:\/\/www.osteopatiamotec.com\/ca\/que-es-losteopatia\/principis-de-losteopatia\/\" \/>\n<meta property=\"og:site_name\" content=\"Centro de Osteopat\u00eda en Barcelona - Motec\" \/>\n<meta property=\"article:publisher\" content=\"https:\/\/www.facebook.com\/osteopatiamotec\/\" \/>\n<meta property=\"article:modified_time\" content=\"2022-01-26T18:25:21+00:00\" \/>\n<meta property=\"og:image\" content=\"https:\/\/www.osteopatiamotec.com\/wp-content\/uploads\/osteopatiamotec-social.jpg\" \/>\n\t<meta property=\"og:image:width\" content=\"1200\" \/>\n\t<meta property=\"og:image:height\" content=\"800\" \/>\n\t<meta property=\"og:image:type\" content=\"image\/jpeg\" \/>\n<meta name=\"twitter:card\" content=\"summary_large_image\" \/>\n<meta name=\"twitter:site\" content=\"@motecosteopatia\" \/>\n<meta name=\"twitter:label1\" content=\"Est. reading time\" \/>\n\t<meta name=\"twitter:data1\" content=\"9 minutes\" \/>\n<script type=\"application\/ld+json\" class=\"yoast-schema-graph\">{\"@context\":\"https:\/\/schema.org\",\"@graph\":[{\"@type\":[\"WebPage\",\"MedicalWebPage\"],\"@id\":\"https:\/\/www.osteopatiamotec.com\/ca\/que-es-losteopatia\/principis-de-losteopatia\/\",\"url\":\"https:\/\/www.osteopatiamotec.com\/ca\/que-es-losteopatia\/principis-de-losteopatia\/\",\"name\":\"Principis de l'osteopatia - Centro de Osteopat\u00eda Motec\",\"isPartOf\":{\"@id\":\"https:\/\/www.osteopatiamotec.com\/ca\/#website\"},\"datePublished\":\"2014-08-11T14:49:39+00:00\",\"dateModified\":\"2022-01-26T18:25:21+00:00\",\"description\":\"Els principis descrits en aquesta secci\u00f3 s\u00f3n fonamentalment els ideals que l'oste\u00f2pata intenta buscar a la seva visi\u00f3 de la salut i de la malaltia.\",\"breadcrumb\":{\"@id\":\"https:\/\/www.osteopatiamotec.com\/ca\/que-es-losteopatia\/principis-de-losteopatia\/#breadcrumb\"},\"inLanguage\":\"ca-ES\",\"potentialAction\":[{\"@type\":\"ReadAction\",\"target\":[\"https:\/\/www.osteopatiamotec.com\/ca\/que-es-losteopatia\/principis-de-losteopatia\/\"]}]},{\"@type\":\"BreadcrumbList\",\"@id\":\"https:\/\/www.osteopatiamotec.com\/ca\/que-es-losteopatia\/principis-de-losteopatia\/#breadcrumb\",\"itemListElement\":[{\"@type\":\"ListItem\",\"position\":1,\"name\":\"Home\",\"item\":\"https:\/\/www.osteopatiamotec.com\/ca\/\"},{\"@type\":\"ListItem\",\"position\":2,\"name\":\"Qu\u00e8 \u00e9s l&#8217;osteopatia\",\"item\":\"https:\/\/www.osteopatiamotec.com\/ca\/que-es-losteopatia\/\"},{\"@type\":\"ListItem\",\"position\":3,\"name\":\"Principis de l&#8217;osteopatia (ROE)\"}]},{\"@type\":\"WebSite\",\"@id\":\"https:\/\/www.osteopatiamotec.com\/ca\/#website\",\"url\":\"https:\/\/www.osteopatiamotec.com\/ca\/\",\"name\":\"Centro de Osteopat\u00eda en Barcelona - Motec\",\"description\":\"En el Centro de Osteopat\u00eda Motec de Barcelona (Medicina Osteop\u00e1tica y Terapia Cr\u00e1neo-Sacral) no tratamos s\u00f3lo enfermedades, sino que tratamos personas. Debido a nuestra continua formaci\u00f3n, integramos desde t\u00e9cnicas osteop\u00e1ticas cl\u00e1sicas a viscerales, craneales, membranosas, fasciales, somatoemocionales, pedi\u00e1tricas, craneosacrales, seguimiento del embarazo\u2026\",\"publisher\":{\"@id\":\"https:\/\/www.osteopatiamotec.com\/ca\/#organization\"},\"potentialAction\":[{\"@type\":\"SearchAction\",\"target\":{\"@type\":\"EntryPoint\",\"urlTemplate\":\"https:\/\/www.osteopatiamotec.com\/ca\/?s={search_term_string}\"},\"query-input\":{\"@type\":\"PropertyValueSpecification\",\"valueRequired\":true,\"valueName\":\"search_term_string\"}}],\"inLanguage\":\"ca-ES\"},{\"@type\":\"Organization\",\"@id\":\"https:\/\/www.osteopatiamotec.com\/ca\/#organization\",\"name\":\"Centro de Osteopat\u00eda Motec Barcelona\",\"url\":\"https:\/\/www.osteopatiamotec.com\/ca\/\",\"logo\":{\"@type\":\"ImageObject\",\"inLanguage\":\"ca-ES\",\"@id\":\"https:\/\/www.osteopatiamotec.com\/ca\/#\/schema\/logo\/image\/\",\"url\":\"https:\/\/www.osteopatiamotec.com\/wp-content\/uploads\/osteopatiamotec-social.jpg\",\"contentUrl\":\"https:\/\/www.osteopatiamotec.com\/wp-content\/uploads\/osteopatiamotec-social.jpg\",\"width\":1200,\"height\":800,\"caption\":\"Centro de Osteopat\u00eda Motec Barcelona\"},\"image\":{\"@id\":\"https:\/\/www.osteopatiamotec.com\/ca\/#\/schema\/logo\/image\/\"},\"sameAs\":[\"https:\/\/www.facebook.com\/osteopatiamotec\/\",\"https:\/\/x.com\/motecosteopatia\",\"https:\/\/www.instagram.com\/osteopatiamotec\/\",\"https:\/\/www.youtube.com\/channel\/UCiJMpuIx-plYD-Y3Y9Pod6A\"]}]}<\/script>\n<!-- \/ Yoast SEO plugin. -->","yoast_head_json":{"title":"Principis de l'osteopatia - Centro de Osteopat\u00eda Motec","description":"Els principis descrits en aquesta secci\u00f3 s\u00f3n fonamentalment els ideals que l'oste\u00f2pata intenta buscar a la seva visi\u00f3 de la salut i de la malaltia.","robots":{"index":"index","follow":"follow","max-snippet":"max-snippet:-1","max-image-preview":"max-image-preview:large","max-video-preview":"max-video-preview:-1"},"canonical":"https:\/\/www.osteopatiamotec.com\/ca\/que-es-losteopatia\/principis-de-losteopatia\/","og_locale":"ca_ES","og_type":"article","og_title":"Principis de l'osteopatia - Centro de Osteopat\u00eda Motec","og_description":"Els principis descrits en aquesta secci\u00f3 s\u00f3n fonamentalment els ideals que l'oste\u00f2pata intenta buscar a la seva visi\u00f3 de la salut i de la malaltia.","og_url":"https:\/\/www.osteopatiamotec.com\/ca\/que-es-losteopatia\/principis-de-losteopatia\/","og_site_name":"Centro de Osteopat\u00eda en Barcelona - Motec","article_publisher":"https:\/\/www.facebook.com\/osteopatiamotec\/","article_modified_time":"2022-01-26T18:25:21+00:00","og_image":[{"width":1200,"height":800,"url":"https:\/\/www.osteopatiamotec.com\/wp-content\/uploads\/osteopatiamotec-social.jpg","type":"image\/jpeg"}],"twitter_card":"summary_large_image","twitter_site":"@motecosteopatia","twitter_misc":{"Est. reading time":"9 minutes"},"schema":{"@context":"https:\/\/schema.org","@graph":[{"@type":["WebPage","MedicalWebPage"],"@id":"https:\/\/www.osteopatiamotec.com\/ca\/que-es-losteopatia\/principis-de-losteopatia\/","url":"https:\/\/www.osteopatiamotec.com\/ca\/que-es-losteopatia\/principis-de-losteopatia\/","name":"Principis de l'osteopatia - Centro de Osteopat\u00eda Motec","isPartOf":{"@id":"https:\/\/www.osteopatiamotec.com\/ca\/#website"},"datePublished":"2014-08-11T14:49:39+00:00","dateModified":"2022-01-26T18:25:21+00:00","description":"Els principis descrits en aquesta secci\u00f3 s\u00f3n fonamentalment els ideals que l'oste\u00f2pata intenta buscar a la seva visi\u00f3 de la salut i de la malaltia.","breadcrumb":{"@id":"https:\/\/www.osteopatiamotec.com\/ca\/que-es-losteopatia\/principis-de-losteopatia\/#breadcrumb"},"inLanguage":"ca-ES","potentialAction":[{"@type":"ReadAction","target":["https:\/\/www.osteopatiamotec.com\/ca\/que-es-losteopatia\/principis-de-losteopatia\/"]}]},{"@type":"BreadcrumbList","@id":"https:\/\/www.osteopatiamotec.com\/ca\/que-es-losteopatia\/principis-de-losteopatia\/#breadcrumb","itemListElement":[{"@type":"ListItem","position":1,"name":"Home","item":"https:\/\/www.osteopatiamotec.com\/ca\/"},{"@type":"ListItem","position":2,"name":"Qu\u00e8 \u00e9s l&#8217;osteopatia","item":"https:\/\/www.osteopatiamotec.com\/ca\/que-es-losteopatia\/"},{"@type":"ListItem","position":3,"name":"Principis de l&#8217;osteopatia (ROE)"}]},{"@type":"WebSite","@id":"https:\/\/www.osteopatiamotec.com\/ca\/#website","url":"https:\/\/www.osteopatiamotec.com\/ca\/","name":"Centro de Osteopat\u00eda en Barcelona - Motec","description":"En el Centro de Osteopat\u00eda Motec de Barcelona (Medicina Osteop\u00e1tica y Terapia Cr\u00e1neo-Sacral) no tratamos s\u00f3lo enfermedades, sino que tratamos personas. Debido a nuestra continua formaci\u00f3n, integramos desde t\u00e9cnicas osteop\u00e1ticas cl\u00e1sicas a viscerales, craneales, membranosas, fasciales, somatoemocionales, pedi\u00e1tricas, craneosacrales, seguimiento del embarazo\u2026","publisher":{"@id":"https:\/\/www.osteopatiamotec.com\/ca\/#organization"},"potentialAction":[{"@type":"SearchAction","target":{"@type":"EntryPoint","urlTemplate":"https:\/\/www.osteopatiamotec.com\/ca\/?s={search_term_string}"},"query-input":{"@type":"PropertyValueSpecification","valueRequired":true,"valueName":"search_term_string"}}],"inLanguage":"ca-ES"},{"@type":"Organization","@id":"https:\/\/www.osteopatiamotec.com\/ca\/#organization","name":"Centro de Osteopat\u00eda Motec Barcelona","url":"https:\/\/www.osteopatiamotec.com\/ca\/","logo":{"@type":"ImageObject","inLanguage":"ca-ES","@id":"https:\/\/www.osteopatiamotec.com\/ca\/#\/schema\/logo\/image\/","url":"https:\/\/www.osteopatiamotec.com\/wp-content\/uploads\/osteopatiamotec-social.jpg","contentUrl":"https:\/\/www.osteopatiamotec.com\/wp-content\/uploads\/osteopatiamotec-social.jpg","width":1200,"height":800,"caption":"Centro de Osteopat\u00eda Motec Barcelona"},"image":{"@id":"https:\/\/www.osteopatiamotec.com\/ca\/#\/schema\/logo\/image\/"},"sameAs":["https:\/\/www.facebook.com\/osteopatiamotec\/","https:\/\/x.com\/motecosteopatia","https:\/\/www.instagram.com\/osteopatiamotec\/","https:\/\/www.youtube.com\/channel\/UCiJMpuIx-plYD-Y3Y9Pod6A"]}]}},"_links":{"self":[{"href":"https:\/\/www.osteopatiamotec.com\/ca\/wp-json\/wp\/v2\/pages\/3265","targetHints":{"allow":["GET"]}}],"collection":[{"href":"https:\/\/www.osteopatiamotec.com\/ca\/wp-json\/wp\/v2\/pages"}],"about":[{"href":"https:\/\/www.osteopatiamotec.com\/ca\/wp-json\/wp\/v2\/types\/page"}],"author":[{"embeddable":true,"href":"https:\/\/www.osteopatiamotec.com\/ca\/wp-json\/wp\/v2\/users\/1"}],"replies":[{"embeddable":true,"href":"https:\/\/www.osteopatiamotec.com\/ca\/wp-json\/wp\/v2\/comments?post=3265"}],"version-history":[{"count":0,"href":"https:\/\/www.osteopatiamotec.com\/ca\/wp-json\/wp\/v2\/pages\/3265\/revisions"}],"up":[{"embeddable":true,"href":"https:\/\/www.osteopatiamotec.com\/ca\/wp-json\/wp\/v2\/pages\/3254"}],"wp:attachment":[{"href":"https:\/\/www.osteopatiamotec.com\/ca\/wp-json\/wp\/v2\/media?parent=3265"}],"curies":[{"name":"wp","href":"https:\/\/api.w.org\/{rel}","templated":true}]}}