{"id":3269,"date":"2014-08-11T14:52:34","date_gmt":"2014-08-11T14:52:34","guid":{"rendered":"https:\/\/www.osteopatiamotec.com\/?page_id=3269"},"modified":"2022-01-26T13:32:04","modified_gmt":"2022-01-26T12:32:04","slug":"urgencies-osteopatia-fisioterapia-a-barcelona","status":"publish","type":"page","link":"https:\/\/www.osteopatiamotec.com\/ca\/urgencies-osteopatia-fisioterapia-a-barcelona\/","title":{"rendered":"Urg\u00e8ncies a Domicili"},"content":{"rendered":"<div class=\"fusion-fullwidth fullwidth-box fusion-builder-row-1 fusion-flex-container hundred-percent-fullwidth non-hundred-percent-height-scrolling\" style=\"background-color: rgba(255,255,255,0);background-position: center center;background-repeat: no-repeat;border-width: 1px 0px 1px 0px;border-color:#dddddd;border-style:solid;\" ><div class=\"fusion-builder-row fusion-row fusion-flex-align-items-flex-start\" style=\"width:104% !important;max-width:104% !important;margin-left: calc(-4% \/ 2 );margin-right: calc(-4% \/ 2 );\"><div class=\"fusion-layout-column fusion_builder_column fusion-builder-column-0 fusion_builder_column_1_1 1_1 fusion-flex-column\"><div class=\"fusion-column-wrapper fusion-flex-justify-content-flex-start fusion-content-layout-column\" style=\"background-position:left top;background-repeat:no-repeat;-webkit-background-size:cover;-moz-background-size:cover;-o-background-size:cover;background-size:cover;background-color:#f6f6f6;border-width: 0 0 0 5px;border-color:#8bc34a;border-style:solid;padding: 20px 40px 40px 40px;\"><div class=\"fusion-text fusion-text-1\"><h2 style=\"font-weight: 400;\">Urg\u00e8ncies d&#8217;osteopatia a domicili<\/h2>\n<\/div><div class=\"fusion-text fusion-text-2\"><p>Estem a la disposici\u00f3 de les persones que necessitin un tractament personalitzat a domicili. Apropem els nostres tractaments als pacients, que per qualsevol causa patol\u00f2gica, no es poden despla\u00e7ar a Motec. Aquest servei est\u00e0 subjecte a condicions i caracter\u00edstiques especials de contractaci\u00f3.<\/p>\n<\/div><ul class=\"fusion-checklist fusion-checklist-1\" style=\"font-size:18px;line-height:30.6px;\">\n\n<li style=\"background-color:rgba(255,255,255,0);\" class=\"fusion-li-item\"><span style=\"height:30.6px;width:30.6px;margin-right:12.6px;\" class=\"icon-wrapper circle-no\"><i class=\"fusion-li-icon awb-icon-check\" style=\"color:#ffffff;\" aria-hidden=\"true\"><\/i><\/span><div class=\"fusion-li-item-content\" style=\"margin-left:43.2px;color:#59667d;\">Lesions esportives: Esquin\u00e7os, luxacions, contractures musculars, tendinitis,epicondilitis\u2026<\/div><\/li>\n<li style=\"background-color:rgba(255,255,255,0);\" class=\"fusion-li-item\"><span style=\"height:30.6px;width:30.6px;margin-right:12.6px;\" class=\"icon-wrapper circle-no\"><i class=\"fusion-li-icon awb-icon-check\" style=\"color:#ffffff;\" aria-hidden=\"true\"><\/i><\/span><div class=\"fusion-li-item-content\" style=\"margin-left:43.2px;color:#59667d;\">Dolor d&#8217;esquena: cervic\u00e0lgies, dors\u00e0lgies, lumb\u00e0lgies, problemes discals, h\u00e8rnies discals, escoliosi, artrosi, torticoli&#8230;<\/div><\/li>\n<li style=\"background-color:rgba(255,255,255,0);\" class=\"fusion-li-item\"><span style=\"height:30.6px;width:30.6px;margin-right:12.6px;\" class=\"icon-wrapper circle-no\"><i class=\"fusion-li-icon awb-icon-check\" style=\"color:#ffffff;\" aria-hidden=\"true\"><\/i><\/span><div class=\"fusion-li-item-content\" style=\"margin-left:43.2px;color:#59667d;\">Traumatismes: accidents de cotxe, fuetada cervical, caigudes&#8230;<\/div><\/li>\n<li style=\"background-color:rgba(255,255,255,0);\" class=\"fusion-li-item\"><span style=\"height:30.6px;width:30.6px;margin-right:12.6px;\" class=\"icon-wrapper circle-no\"><i class=\"fusion-li-icon awb-icon-check\" style=\"color:#ffffff;\" aria-hidden=\"true\"><\/i><\/span><div class=\"fusion-li-item-content\" style=\"margin-left:43.2px;color:#59667d;\">Mal de cap, migranyes, cefalees, fibromi\u00e0lgia, dolor generalitzat&#8230;<\/div><\/li>\n<li style=\"background-color:rgba(255,255,255,0);\" class=\"fusion-li-item\"><span style=\"height:30.6px;width:30.6px;margin-right:12.6px;\" class=\"icon-wrapper circle-no\"><i class=\"fusion-li-icon awb-icon-check\" style=\"color:#ffffff;\" aria-hidden=\"true\"><\/i><\/span><div class=\"fusion-li-item-content\" style=\"margin-left:43.2px;color:#59667d;\">Ci\u00e0tiques, crur\u00e0lgies, Cervicobraqui\u00e0lgies<\/div><\/li>\n<li style=\"background-color:rgba(255,255,255,0);\" class=\"fusion-li-item\"><span style=\"height:30.6px;width:30.6px;margin-right:12.6px;\" class=\"icon-wrapper circle-no\"><i class=\"fusion-li-icon awb-icon-check\" style=\"color:#ffffff;\" aria-hidden=\"true\"><\/i><\/span><div class=\"fusion-li-item-content\" style=\"margin-left:43.2px;color:#59667d;\">Trastorns digestius: gastritis, h\u00e8rnies de hiat, \u00falceres, restrenyiment, malaltia de Crohn&#8230;<\/div><\/li>\n<li style=\"background-color:rgba(255,255,255,0);\" class=\"fusion-li-item\"><span style=\"height:30.6px;width:30.6px;margin-right:12.6px;\" class=\"icon-wrapper circle-no\"><i class=\"fusion-li-icon awb-icon-check\" style=\"color:#ffffff;\" aria-hidden=\"true\"><\/i><\/span><div class=\"fusion-li-item-content\" style=\"margin-left:43.2px;color:#59667d;\">Vertigos,mareos i Acufenos ( Brunzits)&#8230;<\/div><\/li>\n\n<\/ul><ul class=\"fusion-checklist fusion-checklist-2\" style=\"font-size:18px;line-height:30.6px;\">\n\n<li style=\"background-color:rgba(255,255,255,0);\" class=\"fusion-li-item\"><span style=\"height:30.6px;width:30.6px;margin-right:12.6px;\" class=\"icon-wrapper circle-no\"><i class=\"fusion-li-icon awb-icon-check\" style=\"color:#ffffff;\" aria-hidden=\"true\"><\/i><\/span><div class=\"fusion-li-item-content\" style=\"margin-left:43.2px;color:#59667d;\">Dolors postquir\u00fargics, cicatrius\u2026<\/div><\/li>\n<li style=\"background-color:rgba(255,255,255,0);\" class=\"fusion-li-item\"><span style=\"height:30.6px;width:30.6px;margin-right:12.6px;\" class=\"icon-wrapper circle-no\"><i class=\"fusion-li-icon awb-icon-check\" style=\"color:#ffffff;\" aria-hidden=\"true\"><\/i><\/span><div class=\"fusion-li-item-content\" style=\"margin-left:43.2px;color:#59667d;\">Disfuncions ginecol\u00f2gics: Dolor menstrual, problemes hormonals, cistitis de repetici\u00f3, dolors lumbars&#8230;<\/div><\/li>\n<li style=\"background-color:rgba(255,255,255,0);\" class=\"fusion-li-item\"><span style=\"height:30.6px;width:30.6px;margin-right:12.6px;\" class=\"icon-wrapper circle-no\"><i class=\"fusion-li-icon awb-icon-check\" style=\"color:#ffffff;\" aria-hidden=\"true\"><\/i><\/span><div class=\"fusion-li-item-content\" style=\"margin-left:43.2px;color:#59667d;\">Embar\u00e0s: Pre i postpart<\/div><\/li>\n<li style=\"background-color:rgba(255,255,255,0);\" class=\"fusion-li-item\"><span style=\"height:30.6px;width:30.6px;margin-right:12.6px;\" class=\"icon-wrapper circle-no\"><i class=\"fusion-li-icon awb-icon-check\" style=\"color:#ffffff;\" aria-hidden=\"true\"><\/i><\/span><div class=\"fusion-li-item-content\" style=\"margin-left:43.2px;color:#59667d;\">Ansietat, estr\u00e8s, cansament, insomni, manca de concentraci\u00f3<\/div><\/li>\n<li style=\"background-color:rgba(255,255,255,0);\" class=\"fusion-li-item\"><span style=\"height:30.6px;width:30.6px;margin-right:12.6px;\" class=\"icon-wrapper circle-no\"><i class=\"fusion-li-icon awb-icon-check\" style=\"color:#ffffff;\" aria-hidden=\"true\"><\/i><\/span><div class=\"fusion-li-item-content\" style=\"margin-left:43.2px;color:#59667d;\">Problemes oculars, otitis, sinusitis i rinitis, patologia temporomandibulars: bloqueig mandibular, espetec, dolor, bruxisme&#8230;<\/div><\/li>\n<li style=\"background-color:rgba(255,255,255,0);\" class=\"fusion-li-item\"><span style=\"height:30.6px;width:30.6px;margin-right:12.6px;\" class=\"icon-wrapper circle-no\"><i class=\"fusion-li-icon awb-icon-check\" style=\"color:#ffffff;\" aria-hidden=\"true\"><\/i><\/span><div class=\"fusion-li-item-content\" style=\"margin-left:43.2px;color:#59667d;\">Pediatria: Plagiocef\u00e0lies, torticoli congenites, insomi, c\u00f2lics en lactants, hiperactivitat, falta de concentraci\u00f3, plor excessiu, peu zambo, escoliosi cranial<\/div><\/li>\n\n<\/ul><div class=\"fusion-separator fusion-full-width-sep\" style=\"align-self: center;margin-left: auto;margin-right: auto;margin-top:20px;width:100%;\"><\/div><div style=\"text-align:center;\"><span class=\" fusion-imageframe imageframe-none imageframe-1 hover-type-zoomin\" style=\"border-radius:12px;\"><img loading=\"lazy\" decoding=\"async\" width=\"654\" height=\"1555\" alt=\"urgencias domicilio osteopatia2\" title=\"urgencias domicilio osteopatia2\" src=\"https:\/\/www.osteopatiamotec.com\/wp-content\/uploads\/urgencias-domicilio-osteopatia2.jpg\" class=\"img-responsive wp-image-7181\" srcset=\"https:\/\/www.osteopatiamotec.com\/wp-content\/uploads\/urgencias-domicilio-osteopatia2-200x476.jpg 200w, https:\/\/www.osteopatiamotec.com\/wp-content\/uploads\/urgencias-domicilio-osteopatia2-400x951.jpg 400w, https:\/\/www.osteopatiamotec.com\/wp-content\/uploads\/urgencias-domicilio-osteopatia2-600x1427.jpg 600w, https:\/\/www.osteopatiamotec.com\/wp-content\/uploads\/urgencias-domicilio-osteopatia2.jpg 654w\" sizes=\"auto, (max-width: 640px) 100vw, 654px\" \/><\/span><\/div><\/div><style type=\"text\/css\">.fusion-body .fusion-builder-column-0{width:100% !important;margin-top : 3%;margin-bottom : 20px;}.fusion-builder-column-0 > .fusion-column-wrapper {padding-top : 20px !important;padding-right : 40px !important;margin-right : 1.92%;padding-bottom : 40px !important;padding-left : 40px !important;margin-left : 1.92%;}@media only screen and (max-width:1200px) {.fusion-body .fusion-builder-column-0{width:100% !important;}.fusion-builder-column-0 > .fusion-column-wrapper {margin-right : 1.92%;margin-left : 1.92%;}}@media only screen and (max-width:640px) {.fusion-body .fusion-builder-column-0{width:100% !important;}.fusion-builder-column-0 > .fusion-column-wrapper {margin-right : 1.92%;margin-left : 1.92%;}}<\/style><\/div><\/div><style type=\"text\/css\">.fusion-body .fusion-flex-container.fusion-builder-row-1{ padding-top : 40px;margin-top : 0px;padding-right : 40px;padding-bottom : 40px;margin-bottom : 0px;padding-left : 40px;}<\/style><\/div>\n","protected":false},"excerpt":{"rendered":"","protected":false},"author":1,"featured_media":0,"parent":0,"menu_order":0,"comment_status":"open","ping_status":"open","template":"","meta":{"footnotes":""},"class_list":["post-3269","page","type-page","status-publish","hentry"],"yoast_head":"<!-- This site is optimized with the Yoast SEO plugin v27.6 - https:\/\/yoast.com\/product\/yoast-seo-wordpress\/ -->\n<title>Urg\u00e8ncies Fisioter\u00e0pia a Domicili Barcelona - MOTEC<\/title>\n<meta name=\"description\" content=\"Urg\u00e8ncies fisioter\u00e0pia a Domicili, osteopatia a domicili a barcelona, fisioter\u00e0pia a domicili a barcelona\" \/>\n<meta name=\"robots\" content=\"index, follow, max-snippet:-1, max-image-preview:large, max-video-preview:-1\" \/>\n<link rel=\"canonical\" href=\"https:\/\/www.osteopatiamotec.com\/ca\/urgencies-osteopatia-fisioterapia-a-barcelona\/\" \/>\n<meta property=\"og:locale\" content=\"ca_ES\" \/>\n<meta property=\"og:type\" content=\"article\" \/>\n<meta property=\"og:title\" content=\"Urg\u00e8ncies Fisioter\u00e0pia a Domicili Barcelona - MOTEC\" \/>\n<meta property=\"og:description\" content=\"Urg\u00e8ncies fisioter\u00e0pia a Domicili, osteopatia a domicili a barcelona, fisioter\u00e0pia a domicili a barcelona\" \/>\n<meta property=\"og:url\" content=\"https:\/\/www.osteopatiamotec.com\/ca\/urgencies-osteopatia-fisioterapia-a-barcelona\/\" \/>\n<meta property=\"og:site_name\" content=\"Centro de Osteopat\u00eda en Barcelona - Motec\" \/>\n<meta property=\"article:publisher\" content=\"https:\/\/www.facebook.com\/osteopatiamotec\/\" \/>\n<meta property=\"article:modified_time\" content=\"2022-01-26T12:32:04+00:00\" \/>\n<meta property=\"og:image\" content=\"https:\/\/www.osteopatiamotec.com\/wp-content\/uploads\/urgencias-domicilio-osteopatia2.jpg\" \/>\n<meta name=\"twitter:card\" content=\"summary_large_image\" \/>\n<meta name=\"twitter:site\" content=\"@motecosteopatia\" \/>\n<meta name=\"twitter:label1\" content=\"Est. reading time\" \/>\n\t<meta name=\"twitter:data1\" content=\"2 minutes\" \/>\n<script type=\"application\/ld+json\" class=\"yoast-schema-graph\">{\"@context\":\"https:\\\/\\\/schema.org\",\"@graph\":[{\"@type\":[\"WebPage\",\"MedicalWebPage\"],\"@id\":\"https:\\\/\\\/www.osteopatiamotec.com\\\/ca\\\/urgencies-osteopatia-fisioterapia-a-barcelona\\\/\",\"url\":\"https:\\\/\\\/www.osteopatiamotec.com\\\/ca\\\/urgencies-osteopatia-fisioterapia-a-barcelona\\\/\",\"name\":\"Urg\u00e8ncies Fisioter\u00e0pia a Domicili Barcelona - MOTEC\",\"isPartOf\":{\"@id\":\"https:\\\/\\\/www.osteopatiamotec.com\\\/ca\\\/#website\"},\"primaryImageOfPage\":{\"@id\":\"https:\\\/\\\/www.osteopatiamotec.com\\\/ca\\\/urgencies-osteopatia-fisioterapia-a-barcelona\\\/#primaryimage\"},\"image\":{\"@id\":\"https:\\\/\\\/www.osteopatiamotec.com\\\/ca\\\/urgencies-osteopatia-fisioterapia-a-barcelona\\\/#primaryimage\"},\"thumbnailUrl\":\"https:\\\/\\\/www.osteopatiamotec.com\\\/wp-content\\\/uploads\\\/urgencias-domicilio-osteopatia2.jpg\",\"datePublished\":\"2014-08-11T14:52:34+00:00\",\"dateModified\":\"2022-01-26T12:32:04+00:00\",\"description\":\"Urg\u00e8ncies fisioter\u00e0pia a Domicili, osteopatia a domicili a barcelona, fisioter\u00e0pia a domicili a barcelona\",\"breadcrumb\":{\"@id\":\"https:\\\/\\\/www.osteopatiamotec.com\\\/ca\\\/urgencies-osteopatia-fisioterapia-a-barcelona\\\/#breadcrumb\"},\"inLanguage\":\"ca-ES\",\"potentialAction\":[{\"@type\":\"ReadAction\",\"target\":[\"https:\\\/\\\/www.osteopatiamotec.com\\\/ca\\\/urgencies-osteopatia-fisioterapia-a-barcelona\\\/\"]}]},{\"@type\":\"ImageObject\",\"inLanguage\":\"ca-ES\",\"@id\":\"https:\\\/\\\/www.osteopatiamotec.com\\\/ca\\\/urgencies-osteopatia-fisioterapia-a-barcelona\\\/#primaryimage\",\"url\":\"https:\\\/\\\/www.osteopatiamotec.com\\\/wp-content\\\/uploads\\\/urgencias-domicilio-osteopatia2.jpg\",\"contentUrl\":\"https:\\\/\\\/www.osteopatiamotec.com\\\/wp-content\\\/uploads\\\/urgencias-domicilio-osteopatia2.jpg\"},{\"@type\":\"BreadcrumbList\",\"@id\":\"https:\\\/\\\/www.osteopatiamotec.com\\\/ca\\\/urgencies-osteopatia-fisioterapia-a-barcelona\\\/#breadcrumb\",\"itemListElement\":[{\"@type\":\"ListItem\",\"position\":1,\"name\":\"Home\",\"item\":\"https:\\\/\\\/www.osteopatiamotec.com\\\/ca\\\/\"},{\"@type\":\"ListItem\",\"position\":2,\"name\":\"Urg\u00e8ncies a Domicili\"}]},{\"@type\":\"WebSite\",\"@id\":\"https:\\\/\\\/www.osteopatiamotec.com\\\/ca\\\/#website\",\"url\":\"https:\\\/\\\/www.osteopatiamotec.com\\\/ca\\\/\",\"name\":\"Centro de Osteopat\u00eda en Barcelona - Motec\",\"description\":\"En el Centro de Osteopat\u00eda Motec de Barcelona (Medicina Osteop\u00e1tica y Terapia Cr\u00e1neo-Sacral) no tratamos s\u00f3lo enfermedades, sino que tratamos personas. Debido a nuestra continua formaci\u00f3n, integramos desde t\u00e9cnicas osteop\u00e1ticas cl\u00e1sicas a viscerales, craneales, membranosas, fasciales, somatoemocionales, pedi\u00e1tricas, craneosacrales, seguimiento del embarazo\u2026\",\"publisher\":{\"@id\":\"https:\\\/\\\/www.osteopatiamotec.com\\\/ca\\\/#organization\"},\"potentialAction\":[{\"@type\":\"SearchAction\",\"target\":{\"@type\":\"EntryPoint\",\"urlTemplate\":\"https:\\\/\\\/www.osteopatiamotec.com\\\/ca\\\/?s={search_term_string}\"},\"query-input\":{\"@type\":\"PropertyValueSpecification\",\"valueRequired\":true,\"valueName\":\"search_term_string\"}}],\"inLanguage\":\"ca-ES\"},{\"@type\":\"Organization\",\"@id\":\"https:\\\/\\\/www.osteopatiamotec.com\\\/ca\\\/#organization\",\"name\":\"Centro de Osteopat\u00eda Motec Barcelona\",\"url\":\"https:\\\/\\\/www.osteopatiamotec.com\\\/ca\\\/\",\"logo\":{\"@type\":\"ImageObject\",\"inLanguage\":\"ca-ES\",\"@id\":\"https:\\\/\\\/www.osteopatiamotec.com\\\/ca\\\/#\\\/schema\\\/logo\\\/image\\\/\",\"url\":\"https:\\\/\\\/www.osteopatiamotec.com\\\/wp-content\\\/uploads\\\/osteopatiamotec-social.jpg\",\"contentUrl\":\"https:\\\/\\\/www.osteopatiamotec.com\\\/wp-content\\\/uploads\\\/osteopatiamotec-social.jpg\",\"width\":1200,\"height\":800,\"caption\":\"Centro de Osteopat\u00eda Motec Barcelona\"},\"image\":{\"@id\":\"https:\\\/\\\/www.osteopatiamotec.com\\\/ca\\\/#\\\/schema\\\/logo\\\/image\\\/\"},\"sameAs\":[\"https:\\\/\\\/www.facebook.com\\\/osteopatiamotec\\\/\",\"https:\\\/\\\/x.com\\\/motecosteopatia\",\"https:\\\/\\\/www.instagram.com\\\/osteopatiamotec\\\/\",\"https:\\\/\\\/www.youtube.com\\\/channel\\\/UCiJMpuIx-plYD-Y3Y9Pod6A\"]}]}<\/script>\n<!-- \/ Yoast SEO plugin. -->","yoast_head_json":{"title":"Urg\u00e8ncies Fisioter\u00e0pia a Domicili Barcelona - MOTEC","description":"Urg\u00e8ncies fisioter\u00e0pia a Domicili, osteopatia a domicili a barcelona, fisioter\u00e0pia a domicili a barcelona","robots":{"index":"index","follow":"follow","max-snippet":"max-snippet:-1","max-image-preview":"max-image-preview:large","max-video-preview":"max-video-preview:-1"},"canonical":"https:\/\/www.osteopatiamotec.com\/ca\/urgencies-osteopatia-fisioterapia-a-barcelona\/","og_locale":"ca_ES","og_type":"article","og_title":"Urg\u00e8ncies Fisioter\u00e0pia a Domicili Barcelona - MOTEC","og_description":"Urg\u00e8ncies fisioter\u00e0pia a Domicili, osteopatia a domicili a barcelona, fisioter\u00e0pia a domicili a barcelona","og_url":"https:\/\/www.osteopatiamotec.com\/ca\/urgencies-osteopatia-fisioterapia-a-barcelona\/","og_site_name":"Centro de Osteopat\u00eda en Barcelona - Motec","article_publisher":"https:\/\/www.facebook.com\/osteopatiamotec\/","article_modified_time":"2022-01-26T12:32:04+00:00","og_image":[{"url":"https:\/\/www.osteopatiamotec.com\/wp-content\/uploads\/urgencias-domicilio-osteopatia2.jpg","type":"","width":"","height":""}],"twitter_card":"summary_large_image","twitter_site":"@motecosteopatia","twitter_misc":{"Est. reading time":"2 minutes"},"schema":{"@context":"https:\/\/schema.org","@graph":[{"@type":["WebPage","MedicalWebPage"],"@id":"https:\/\/www.osteopatiamotec.com\/ca\/urgencies-osteopatia-fisioterapia-a-barcelona\/","url":"https:\/\/www.osteopatiamotec.com\/ca\/urgencies-osteopatia-fisioterapia-a-barcelona\/","name":"Urg\u00e8ncies Fisioter\u00e0pia a Domicili Barcelona - MOTEC","isPartOf":{"@id":"https:\/\/www.osteopatiamotec.com\/ca\/#website"},"primaryImageOfPage":{"@id":"https:\/\/www.osteopatiamotec.com\/ca\/urgencies-osteopatia-fisioterapia-a-barcelona\/#primaryimage"},"image":{"@id":"https:\/\/www.osteopatiamotec.com\/ca\/urgencies-osteopatia-fisioterapia-a-barcelona\/#primaryimage"},"thumbnailUrl":"https:\/\/www.osteopatiamotec.com\/wp-content\/uploads\/urgencias-domicilio-osteopatia2.jpg","datePublished":"2014-08-11T14:52:34+00:00","dateModified":"2022-01-26T12:32:04+00:00","description":"Urg\u00e8ncies fisioter\u00e0pia a Domicili, osteopatia a domicili a barcelona, fisioter\u00e0pia a domicili a barcelona","breadcrumb":{"@id":"https:\/\/www.osteopatiamotec.com\/ca\/urgencies-osteopatia-fisioterapia-a-barcelona\/#breadcrumb"},"inLanguage":"ca-ES","potentialAction":[{"@type":"ReadAction","target":["https:\/\/www.osteopatiamotec.com\/ca\/urgencies-osteopatia-fisioterapia-a-barcelona\/"]}]},{"@type":"ImageObject","inLanguage":"ca-ES","@id":"https:\/\/www.osteopatiamotec.com\/ca\/urgencies-osteopatia-fisioterapia-a-barcelona\/#primaryimage","url":"https:\/\/www.osteopatiamotec.com\/wp-content\/uploads\/urgencias-domicilio-osteopatia2.jpg","contentUrl":"https:\/\/www.osteopatiamotec.com\/wp-content\/uploads\/urgencias-domicilio-osteopatia2.jpg"},{"@type":"BreadcrumbList","@id":"https:\/\/www.osteopatiamotec.com\/ca\/urgencies-osteopatia-fisioterapia-a-barcelona\/#breadcrumb","itemListElement":[{"@type":"ListItem","position":1,"name":"Home","item":"https:\/\/www.osteopatiamotec.com\/ca\/"},{"@type":"ListItem","position":2,"name":"Urg\u00e8ncies a Domicili"}]},{"@type":"WebSite","@id":"https:\/\/www.osteopatiamotec.com\/ca\/#website","url":"https:\/\/www.osteopatiamotec.com\/ca\/","name":"Centro de Osteopat\u00eda en Barcelona - Motec","description":"En el Centro de Osteopat\u00eda Motec de Barcelona (Medicina Osteop\u00e1tica y Terapia Cr\u00e1neo-Sacral) no tratamos s\u00f3lo enfermedades, sino que tratamos personas. Debido a nuestra continua formaci\u00f3n, integramos desde t\u00e9cnicas osteop\u00e1ticas cl\u00e1sicas a viscerales, craneales, membranosas, fasciales, somatoemocionales, pedi\u00e1tricas, craneosacrales, seguimiento del embarazo\u2026","publisher":{"@id":"https:\/\/www.osteopatiamotec.com\/ca\/#organization"},"potentialAction":[{"@type":"SearchAction","target":{"@type":"EntryPoint","urlTemplate":"https:\/\/www.osteopatiamotec.com\/ca\/?s={search_term_string}"},"query-input":{"@type":"PropertyValueSpecification","valueRequired":true,"valueName":"search_term_string"}}],"inLanguage":"ca-ES"},{"@type":"Organization","@id":"https:\/\/www.osteopatiamotec.com\/ca\/#organization","name":"Centro de Osteopat\u00eda Motec Barcelona","url":"https:\/\/www.osteopatiamotec.com\/ca\/","logo":{"@type":"ImageObject","inLanguage":"ca-ES","@id":"https:\/\/www.osteopatiamotec.com\/ca\/#\/schema\/logo\/image\/","url":"https:\/\/www.osteopatiamotec.com\/wp-content\/uploads\/osteopatiamotec-social.jpg","contentUrl":"https:\/\/www.osteopatiamotec.com\/wp-content\/uploads\/osteopatiamotec-social.jpg","width":1200,"height":800,"caption":"Centro de Osteopat\u00eda Motec Barcelona"},"image":{"@id":"https:\/\/www.osteopatiamotec.com\/ca\/#\/schema\/logo\/image\/"},"sameAs":["https:\/\/www.facebook.com\/osteopatiamotec\/","https:\/\/x.com\/motecosteopatia","https:\/\/www.instagram.com\/osteopatiamotec\/","https:\/\/www.youtube.com\/channel\/UCiJMpuIx-plYD-Y3Y9Pod6A"]}]}},"_links":{"self":[{"href":"https:\/\/www.osteopatiamotec.com\/ca\/wp-json\/wp\/v2\/pages\/3269","targetHints":{"allow":["GET"]}}],"collection":[{"href":"https:\/\/www.osteopatiamotec.com\/ca\/wp-json\/wp\/v2\/pages"}],"about":[{"href":"https:\/\/www.osteopatiamotec.com\/ca\/wp-json\/wp\/v2\/types\/page"}],"author":[{"embeddable":true,"href":"https:\/\/www.osteopatiamotec.com\/ca\/wp-json\/wp\/v2\/users\/1"}],"replies":[{"embeddable":true,"href":"https:\/\/www.osteopatiamotec.com\/ca\/wp-json\/wp\/v2\/comments?post=3269"}],"version-history":[{"count":0,"href":"https:\/\/www.osteopatiamotec.com\/ca\/wp-json\/wp\/v2\/pages\/3269\/revisions"}],"wp:attachment":[{"href":"https:\/\/www.osteopatiamotec.com\/ca\/wp-json\/wp\/v2\/media?parent=3269"}],"curies":[{"name":"wp","href":"https:\/\/api.w.org\/{rel}","templated":true}]}}