{"id":5185,"date":"2018-09-08T10:36:35","date_gmt":"2018-09-08T10:36:35","guid":{"rendered":"https:\/\/www.osteopatiamotec.com\/especialista-en-acufenos-en-barcelona-osteopatia\/"},"modified":"2022-01-26T16:15:27","modified_gmt":"2022-01-26T15:15:27","slug":"especialista-en-acufens-a-barcelona-osteopatia","status":"publish","type":"page","link":"https:\/\/www.osteopatiamotec.com\/ca\/especialista-en-acufens-a-barcelona-osteopatia\/","title":{"rendered":"Especialista en ac\u00fafens amb osteopatia"},"content":{"rendered":"<p><div class=\"fusion-fullwidth fullwidth-box fusion-builder-row-1 fusion-flex-container nonhundred-percent-fullwidth non-hundred-percent-height-scrolling\" style=\"background-color: rgba(255,255,255,0);background-position: left top;background-repeat: no-repeat;border-width: 0px 0px 0px 0px;border-color:#e8ebef;border-style:solid;\" ><div class=\"fusion-builder-row fusion-row fusion-flex-align-items-flex-start fusion-flex-justify-content-center\" style=\"max-width:1248px;margin-left: calc(-4% \/ 2 );margin-right: calc(-4% \/ 2 );\"><div class=\"fusion-layout-column fusion_builder_column fusion-builder-column-0 fusion_builder_column_2_3 2_3 fusion-flex-column\"><div class=\"fusion-column-wrapper fusion-flex-justify-content-flex-start fusion-content-layout-column\" style=\"background-position:left top;background-repeat:no-repeat;-webkit-background-size:cover;-moz-background-size:cover;-o-background-size:cover;background-size:cover;padding: 0px 0px 0px 0px;\"><div class=\"fusion-text fusion-text-1\"><h3>Qu\u00e8 s\u00f3n els ac\u00fafens?<\/h3>\n<div class=\"contentDescription clearfix\">\n<div class=\"cmBlock\">\n<p class=\"cmParagraph\">Els <strong>ac\u00fafens<\/strong> no s\u00f3n una malaltia, sin\u00f3 un s\u00edmptoma relacionat amb el <strong>sistema auditiu.<\/strong> Es manifesten amb <strong>sons, brunzits o sorolls,<\/strong> en una o en les dues orelles <strong>.<\/strong> \u00c9s un fenomen relativament normal, que gaireb\u00e9 tothom experimenta en algun moment de la seva vida.<\/p>\n<p>Tamb\u00e9 coneguts com a <strong>&#8220;tinnitus&#8221;<\/strong> , de vegades apareixen malgrat no existir un origen real que pugui justificar-los. Els ac\u00fafens <strong>no sempre van associats a la disminuci\u00f3 de l&#8217;audici\u00f3<\/strong> oa l&#8217;aparici\u00f3 de la sordesa.<\/p>\n<\/div>\n<\/div>\n<\/div><div ><span class=\" fusion-imageframe imageframe-none imageframe-1 hover-type-zoomin fusion-animated\" data-animationType=\"fadeInDown\" data-animationDuration=\"1.0\" data-animationOffset=\"top-into-view\"><img loading=\"lazy\" decoding=\"async\" width=\"269\" height=\"187\" alt=\"acufeno 1\" title=\"acufeno 1\" src=\"https:\/\/www.osteopatiamotec.com\/wp-content\/uploads\/acufeno-1.jpeg\" class=\"img-responsive wp-image-5382\" srcset=\"https:\/\/www.osteopatiamotec.com\/wp-content\/uploads\/acufeno-1-200x139.jpeg 200w, https:\/\/www.osteopatiamotec.com\/wp-content\/uploads\/acufeno-1.jpeg 269w\" sizes=\"auto, (max-width: 640px) 100vw, 269px\" \/><\/span><\/div><div class=\"fusion-separator\" style=\"align-self: flex-start;margin-right:auto;margin-top:0px;margin-bottom:35px;width:100%;max-width:170px;\"><div class=\"fusion-separator-border sep-single sep-solid\" style=\"border-color:#e2e3e8;border-top-width:3px;\"><\/div><\/div><div class=\"fusion-text fusion-text-2\"><h3>A qui Afecten?<\/h3>\n<p><strong>Entre el 10% i el 17% de la poblaci\u00f3 mundial pateix ac\u00fafens<\/strong> . D&#8217;altra banda, el 85% de les malalties de l&#8217;orella s&#8217;acompanyen d&#8217;ac\u00fafens.<\/p>\n<\/div><\/div><style type=\"text\/css\">.fusion-body .fusion-builder-column-0{width:66.666666666667% !important;margin-top : 20px;margin-bottom : 20px;}.fusion-builder-column-0 > .fusion-column-wrapper {padding-top : 0px !important;padding-right : 0px !important;margin-right : 3.84%;padding-bottom : 0px !important;padding-left : 0px !important;margin-left : 2.88%;}@media only screen and (max-width:1200px) {.fusion-body .fusion-builder-column-0{width:66.666666666667% !important;}.fusion-builder-column-0 > .fusion-column-wrapper {margin-right : 3.84%;margin-left : 2.88%;}}@media only screen and (max-width:640px) {.fusion-body .fusion-builder-column-0{width:100% !important;}.fusion-builder-column-0 > .fusion-column-wrapper {margin-right : 1.92%;margin-left : 1.92%;}}<\/style><\/div><\/div><style type=\"text\/css\">.fusion-body .fusion-flex-container.fusion-builder-row-1{ padding-top : 0px;margin-top : -20;padding-right : 0px;padding-bottom : 20px;margin-bottom : 0px;padding-left : 0px;}<\/style><\/div><div class=\"fusion-fullwidth fullwidth-box fusion-builder-row-2 fusion-flex-container nonhundred-percent-fullwidth non-hundred-percent-height-scrolling\" style=\"background-color: #e7e6da;background-position: left top;background-repeat: no-repeat;border-width: 0px 0px 0px 0px;border-color:#e8ebef;border-style:solid;\" ><div class=\"fusion-builder-row fusion-row fusion-flex-align-items-flex-start fusion-flex-justify-content-center\" style=\"max-width:1248px;margin-left: calc(-4% \/ 2 );margin-right: calc(-4% \/ 2 );\"><div class=\"fusion-layout-column fusion_builder_column fusion-builder-column-1 fusion_builder_column_2_3 2_3 fusion-flex-column\"><div class=\"fusion-column-wrapper fusion-flex-justify-content-flex-start fusion-content-layout-column\" style=\"background-position:left top;background-repeat:no-repeat;-webkit-background-size:cover;-moz-background-size:cover;-o-background-size:cover;background-size:cover;background-color:#e7e6da;padding: 0px 0px 0px 0px;\"><div class=\"fusion-separator fusion-full-width-sep\" style=\"align-self: center;margin-left: auto;margin-right: auto;margin-top:-20px;width:100%;\"><\/div><div class=\"fusion-text fusion-text-3\"><div style=\"padding: 25px;\">\n<h3><strong>Com tractem els ac\u00fafens o tinnitus al Centre d&#8217;Osteopatia MOTEC?<\/strong><\/h3>\n<p><strong>L&#8217;osteopatia permet atenuar o fer desapar\u00e8ixer els s\u00edmptomes dels ac\u00fafens<\/strong> . El resultat dependr\u00e0 del tipus de pacient i de les causes de l&#8217;ac\u00faf\u00e8. El primer treball de l&#8217;oste\u00f2pata consistir\u00e0 a <strong>determinar qu\u00e8 en causa el tinnitus<\/strong> i com es pot actuar.<\/p>\n<p>Hi ha una gran varietat d&#8217;estructures implicades i nombroses opcions de tractament, totes encaminades a resoldre els ac\u00fafens. <strong>L&#8217;etapa de diagn\u00f2stic, doncs, \u00e9s molt important<\/strong> en l&#8217;osteopatia. De fet, fins i tot si ja s&#8217;ha consultat altres metges o especialistes (ORL), \u00e9s possible que no s&#8217;hagi trobat la causa dels ac\u00fafens.<\/p>\n<\/div>\n<\/div><div class=\"fusion-separator fusion-full-width-sep\" style=\"align-self: center;margin-left: auto;margin-right: auto;margin-top:10px;margin-bottom:10px;width:100%;\"><\/div><div style=\"text-align:center;\"><style>.fusion-body .fusion-button.button-1{border-color:#a0ce4e;border-width:1px 1px 1px 1px;border-radius:20px 20px 20px 20px;background:#ffffff;}.fusion-body .fusion-button.button-1 .fusion-button-text,.fusion-body .fusion-button.button-1 i,.fusion-body .fusion-button.button-1:hover .fusion-button-text,.fusion-body .fusion-button.button-1:hover i,.fusion-body .fusion-button.button-1:focus .fusion-button-text,.fusion-body .fusion-button.button-1:focus i,.fusion-body .fusion-button.button-1:active .fusion-button-text,.fusion-body .fusion-button.button-1:active i{color:#a0ce4e;}.fusion-body .fusion-button.button-1:hover,.fusion-body .fusion-button.button-1:active,.fusion-body .fusion-button.button-1:focus{border-color:#a0ce4e;border-width:1px 1px 1px 1px;background:#dcf29b;}<\/style><a class=\"fusion-button button-flat button-xlarge button-custom button-1 fusion-button-default-span \" target=\"_self\" href=\"https:\/\/www.osteopatiamotec.com\/ca\/demanar-cita\/\"><span class=\"fusion-button-text\">DEMANA CITA<\/span><\/a><\/div><\/div><style type=\"text\/css\">.fusion-body .fusion-builder-column-1{width:66.666666666667% !important;margin-top : 20px;margin-bottom : 20px;}.fusion-builder-column-1 > .fusion-column-wrapper {padding-top : 0px !important;padding-right : 0px !important;margin-right : 2.88%;padding-bottom : 0px !important;padding-left : 0px !important;margin-left : 2.88%;}@media only screen and (max-width:1200px) {.fusion-body .fusion-builder-column-1{width:66.666666666667% !important;}.fusion-builder-column-1 > .fusion-column-wrapper {margin-right : 2.88%;margin-left : 2.88%;}}@media only screen and (max-width:640px) {.fusion-body .fusion-builder-column-1{width:100% !important;}.fusion-builder-column-1 > .fusion-column-wrapper {margin-right : 1.92%;margin-left : 1.92%;}}<\/style><\/div><\/div><style type=\"text\/css\">.fusion-body .fusion-flex-container.fusion-builder-row-2{ padding-top : 20px;margin-top : 0px;padding-right : 0px;padding-bottom : 20px;margin-bottom : 0px;padding-left : 0px;}<\/style><\/div><div class=\"fusion-fullwidth fullwidth-box fusion-builder-row-3 fusion-flex-container nonhundred-percent-fullwidth non-hundred-percent-height-scrolling\" style=\"background-color: rgba(255,255,255,0);background-position: left top;background-repeat: no-repeat;border-width: 0px 0px 0px 0px;border-color:#e8ebef;border-style:solid;\" ><div class=\"fusion-builder-row fusion-row fusion-flex-align-items-stretch fusion-flex-justify-content-center\" style=\"max-width:1248px;margin-left: calc(-4% \/ 2 );margin-right: calc(-4% \/ 2 );\"><div class=\"fusion-layout-column fusion_builder_column fusion-builder-column-2 fusion_builder_column_2_3 2_3 fusion-flex-column\"><div class=\"fusion-column-wrapper fusion-flex-justify-content-flex-start fusion-content-layout-column\" style=\"background-position:left top;background-repeat:no-repeat;-webkit-background-size:cover;-moz-background-size:cover;-o-background-size:cover;background-size:cover;background-color:#f8f8f8;padding: 0px 0px 0px 0px;\"><div style=\"text-align:center;\"><span class=\" fusion-imageframe imageframe-none imageframe-2 hover-type-zoomin\" style=\"border-radius:12px;\"><img loading=\"lazy\" decoding=\"async\" width=\"1024\" height=\"768\" alt=\"acufeno 3\" title=\"acufeno 3\" src=\"https:\/\/www.osteopatiamotec.com\/wp-content\/uploads\/acufeno-3-1024x768.jpg\" class=\"img-responsive wp-image-5388\" srcset=\"https:\/\/www.osteopatiamotec.com\/wp-content\/uploads\/acufeno-3-200x150.jpg 200w, https:\/\/www.osteopatiamotec.com\/wp-content\/uploads\/acufeno-3-400x300.jpg 400w, https:\/\/www.osteopatiamotec.com\/wp-content\/uploads\/acufeno-3-600x450.jpg 600w, https:\/\/www.osteopatiamotec.com\/wp-content\/uploads\/acufeno-3-800x600.jpg 800w, https:\/\/www.osteopatiamotec.com\/wp-content\/uploads\/acufeno-3.jpg 1073w\" sizes=\"auto, (max-width: 640px) 100vw, 800px\" \/><\/span><\/div><div class=\"fusion-text fusion-text-4\"><div style=\"padding: 25px;\">\n<h3>Quina \u00e9s la causa dels ac\u00fafens?<\/h3>\n<p>Els casos de tinnitus o ac\u00fafens que rebem al Centre d&#8217;osteopatia MOTEC (Barcelona), solen ser per les causes seg\u00fcents:<\/p>\n<ul>\n<li>Problemes cervicals<\/li>\n<li>Problemes de mand\u00edbula ATM<\/li>\n<li>Compressions cranials<\/li>\n<li>Intervenci\u00f3 dental<\/li>\n<li>Trastorns posturals<\/li>\n<li>Un problema visceral ( generalment disfuncions del fetge )<\/li>\n<li>Accidents o caigudes.<\/li>\n<\/ul>\n<\/div>\n<\/div><div style=\"text-align:center;\"><span class=\" fusion-imageframe imageframe-none imageframe-3 hover-type-zoomin\" style=\"border-radius:12px;\"><img loading=\"lazy\" decoding=\"async\" width=\"620\" height=\"310\" alt=\"acufeno 2\" title=\"acufeno 2\" src=\"https:\/\/www.osteopatiamotec.com\/wp-content\/uploads\/acufeno-2.jpg\" class=\"img-responsive wp-image-5385\" srcset=\"https:\/\/www.osteopatiamotec.com\/wp-content\/uploads\/acufeno-2-200x100.jpg 200w, https:\/\/www.osteopatiamotec.com\/wp-content\/uploads\/acufeno-2-400x200.jpg 400w, https:\/\/www.osteopatiamotec.com\/wp-content\/uploads\/acufeno-2-600x300.jpg 600w, https:\/\/www.osteopatiamotec.com\/wp-content\/uploads\/acufeno-2.jpg 620w\" sizes=\"auto, (max-width: 640px) 100vw, 620px\" \/><\/span><\/div><div class=\"fusion-text fusion-text-5\"><div style=\"padding: 25px;\">\n<h3>S\u00edmptomes dels ac\u00fafens o t\u00ednnitus<\/h3>\n<p>Els principals s\u00edmptomes d&#8217;ac\u00fafens s\u00f3n:<\/p>\n<ul>\n<li>Alteracions del somni<\/li>\n<li>Fatiga<\/li>\n<li>Tristesa<\/li>\n<li>Irritabilitat<\/li>\n<li>P\u00e8rdua de la concentraci\u00f3<\/li>\n<li>Angoixa<\/li>\n<li>P\u00e8rdua d&#8217;audici\u00f3.<\/li>\n<\/ul>\n<\/div>\n<\/div><\/div><style type=\"text\/css\">.fusion-body .fusion-builder-column-2{width:66.666666666667% !important;margin-top : 20px;margin-bottom : 40px;}.fusion-builder-column-2 > .fusion-column-wrapper {padding-top : 0px !important;padding-right : 0px !important;margin-right : 3.456%;padding-bottom : 0px !important;padding-left : 0px !important;margin-left : 2.88%;}@media only screen and (max-width:1200px) {.fusion-body .fusion-builder-column-2{width:66.666666666667% !important;}.fusion-builder-column-2 > .fusion-column-wrapper {margin-right : 3.456%;margin-left : 2.88%;}}@media only screen and (max-width:640px) {.fusion-body .fusion-builder-column-2{width:100% !important;}.fusion-builder-column-2 > .fusion-column-wrapper {margin-right : 1.92%;margin-left : 1.92%;}}<\/style><\/div><\/div><style type=\"text\/css\">.fusion-body .fusion-flex-container.fusion-builder-row-3{ padding-top : 20px;margin-top : 0px;padding-right : 0px;padding-bottom : 20px;margin-bottom : 0px;padding-left : 0px;}<\/style><\/div><div class=\"fusion-fullwidth fullwidth-box fusion-builder-row-4 fusion-flex-container nonhundred-percent-fullwidth non-hundred-percent-height-scrolling\" style=\"background-color: rgba(255,255,255,0);background-position: center center;background-repeat: no-repeat;border-width: 0px 0px 0px 0px;border-color:#e8ebef;border-style:solid;\" ><div class=\"fusion-builder-row fusion-row fusion-flex-align-items-flex-start\" style=\"max-width:1248px;margin-left: calc(-4% \/ 2 );margin-right: calc(-4% \/ 2 );\"><\/div><style type=\"text\/css\">.fusion-body .fusion-flex-container.fusion-builder-row-4{ padding-top : 0px;margin-top : 0px;padding-right : 0px;padding-bottom : 0px;margin-bottom : 0px;padding-left : 0px;}<\/style><\/div><\/p>\n","protected":false},"excerpt":{"rendered":"","protected":false},"author":1,"featured_media":0,"parent":0,"menu_order":0,"comment_status":"closed","ping_status":"closed","template":"","meta":{"footnotes":""},"class_list":["post-5185","page","type-page","status-publish","hentry"],"yoast_head":"<!-- This site is optimized with the Yoast SEO plugin v27.4 - https:\/\/yoast.com\/product\/yoast-seo-wordpress\/ -->\n<title>Especialista en ac\u00fafens amb osteopatia &#8211; Centro de Osteopat\u00eda en Barcelona - Motec<\/title>\n<meta name=\"description\" content=\"L&#039;osteopatia permet atenuar o fer desapar\u00e8ixer els s\u00edmptomes dels ac\u00fafens. La primera feina de l&#039;oste\u00f2pata consistir\u00e0 a determinar qu\u00e8 la causa.\" \/>\n<meta name=\"robots\" content=\"index, follow, max-snippet:-1, max-image-preview:large, max-video-preview:-1\" \/>\n<link rel=\"canonical\" href=\"https:\/\/www.osteopatiamotec.com\/ca\/especialista-en-acufens-a-barcelona-osteopatia\/\" \/>\n<meta property=\"og:locale\" content=\"ca_ES\" \/>\n<meta property=\"og:type\" content=\"article\" \/>\n<meta property=\"og:title\" content=\"Especialista en ac\u00fafens amb osteopatia &#8211; Centro de Osteopat\u00eda en Barcelona - Motec\" \/>\n<meta property=\"og:description\" content=\"L&#039;osteopatia permet atenuar o fer desapar\u00e8ixer els s\u00edmptomes dels ac\u00fafens. La primera feina de l&#039;oste\u00f2pata consistir\u00e0 a determinar qu\u00e8 la causa.\" \/>\n<meta property=\"og:url\" content=\"https:\/\/www.osteopatiamotec.com\/ca\/especialista-en-acufens-a-barcelona-osteopatia\/\" \/>\n<meta property=\"og:site_name\" content=\"Centro de Osteopat\u00eda en Barcelona - Motec\" \/>\n<meta property=\"article:publisher\" content=\"https:\/\/www.facebook.com\/osteopatiamotec\/\" \/>\n<meta property=\"article:modified_time\" content=\"2022-01-26T15:15:27+00:00\" \/>\n<meta property=\"og:image\" content=\"https:\/\/www.osteopatiamotec.com\/wp-content\/uploads\/osteopatiamotec-social.jpg\" \/>\n\t<meta property=\"og:image:width\" content=\"1200\" \/>\n\t<meta property=\"og:image:height\" content=\"800\" \/>\n\t<meta property=\"og:image:type\" content=\"image\/jpeg\" \/>\n<meta name=\"twitter:card\" content=\"summary_large_image\" \/>\n<meta name=\"twitter:site\" content=\"@motecosteopatia\" \/>\n<meta name=\"twitter:label1\" content=\"Est. reading time\" \/>\n\t<meta name=\"twitter:data1\" content=\"13 minutes\" \/>\n<script type=\"application\/ld+json\" class=\"yoast-schema-graph\">{\"@context\":\"https:\\\/\\\/schema.org\",\"@graph\":[{\"@type\":[\"WebPage\",\"MedicalWebPage\"],\"@id\":\"https:\\\/\\\/www.osteopatiamotec.com\\\/ca\\\/especialista-en-acufens-a-barcelona-osteopatia\\\/\",\"url\":\"https:\\\/\\\/www.osteopatiamotec.com\\\/ca\\\/especialista-en-acufens-a-barcelona-osteopatia\\\/\",\"name\":\"Especialista en ac\u00fafens amb osteopatia &#8211; Centro de Osteopat\u00eda en Barcelona - Motec\",\"isPartOf\":{\"@id\":\"https:\\\/\\\/www.osteopatiamotec.com\\\/ca\\\/#website\"},\"datePublished\":\"2018-09-08T10:36:35+00:00\",\"dateModified\":\"2022-01-26T15:15:27+00:00\",\"description\":\"L'osteopatia permet atenuar o fer desapar\u00e8ixer els s\u00edmptomes dels ac\u00fafens. La primera feina de l'oste\u00f2pata consistir\u00e0 a determinar qu\u00e8 la causa.\",\"breadcrumb\":{\"@id\":\"https:\\\/\\\/www.osteopatiamotec.com\\\/ca\\\/especialista-en-acufens-a-barcelona-osteopatia\\\/#breadcrumb\"},\"inLanguage\":\"ca-ES\",\"potentialAction\":[{\"@type\":\"ReadAction\",\"target\":[\"https:\\\/\\\/www.osteopatiamotec.com\\\/ca\\\/especialista-en-acufens-a-barcelona-osteopatia\\\/\"]}]},{\"@type\":\"BreadcrumbList\",\"@id\":\"https:\\\/\\\/www.osteopatiamotec.com\\\/ca\\\/especialista-en-acufens-a-barcelona-osteopatia\\\/#breadcrumb\",\"itemListElement\":[{\"@type\":\"ListItem\",\"position\":1,\"name\":\"Home\",\"item\":\"https:\\\/\\\/www.osteopatiamotec.com\\\/ca\\\/\"},{\"@type\":\"ListItem\",\"position\":2,\"name\":\"Especialista en ac\u00fafens amb osteopatia\"}]},{\"@type\":\"WebSite\",\"@id\":\"https:\\\/\\\/www.osteopatiamotec.com\\\/ca\\\/#website\",\"url\":\"https:\\\/\\\/www.osteopatiamotec.com\\\/ca\\\/\",\"name\":\"Centro de Osteopat\u00eda en Barcelona - Motec\",\"description\":\"En el Centro de Osteopat\u00eda Motec de Barcelona (Medicina Osteop\u00e1tica y Terapia Cr\u00e1neo-Sacral) no tratamos s\u00f3lo enfermedades, sino que tratamos personas. Debido a nuestra continua formaci\u00f3n, integramos desde t\u00e9cnicas osteop\u00e1ticas cl\u00e1sicas a viscerales, craneales, membranosas, fasciales, somatoemocionales, pedi\u00e1tricas, craneosacrales, seguimiento del embarazo\u2026\",\"publisher\":{\"@id\":\"https:\\\/\\\/www.osteopatiamotec.com\\\/ca\\\/#organization\"},\"potentialAction\":[{\"@type\":\"SearchAction\",\"target\":{\"@type\":\"EntryPoint\",\"urlTemplate\":\"https:\\\/\\\/www.osteopatiamotec.com\\\/ca\\\/?s={search_term_string}\"},\"query-input\":{\"@type\":\"PropertyValueSpecification\",\"valueRequired\":true,\"valueName\":\"search_term_string\"}}],\"inLanguage\":\"ca-ES\"},{\"@type\":\"Organization\",\"@id\":\"https:\\\/\\\/www.osteopatiamotec.com\\\/ca\\\/#organization\",\"name\":\"Centro de Osteopat\u00eda Motec Barcelona\",\"url\":\"https:\\\/\\\/www.osteopatiamotec.com\\\/ca\\\/\",\"logo\":{\"@type\":\"ImageObject\",\"inLanguage\":\"ca-ES\",\"@id\":\"https:\\\/\\\/www.osteopatiamotec.com\\\/ca\\\/#\\\/schema\\\/logo\\\/image\\\/\",\"url\":\"https:\\\/\\\/www.osteopatiamotec.com\\\/wp-content\\\/uploads\\\/osteopatiamotec-social.jpg\",\"contentUrl\":\"https:\\\/\\\/www.osteopatiamotec.com\\\/wp-content\\\/uploads\\\/osteopatiamotec-social.jpg\",\"width\":1200,\"height\":800,\"caption\":\"Centro de Osteopat\u00eda Motec Barcelona\"},\"image\":{\"@id\":\"https:\\\/\\\/www.osteopatiamotec.com\\\/ca\\\/#\\\/schema\\\/logo\\\/image\\\/\"},\"sameAs\":[\"https:\\\/\\\/www.facebook.com\\\/osteopatiamotec\\\/\",\"https:\\\/\\\/x.com\\\/motecosteopatia\",\"https:\\\/\\\/www.instagram.com\\\/osteopatiamotec\\\/\",\"https:\\\/\\\/www.youtube.com\\\/channel\\\/UCiJMpuIx-plYD-Y3Y9Pod6A\"]}]}<\/script>\n<!-- \/ Yoast SEO plugin. -->","yoast_head_json":{"title":"Especialista en ac\u00fafens amb osteopatia &#8211; Centro de Osteopat\u00eda en Barcelona - Motec","description":"L'osteopatia permet atenuar o fer desapar\u00e8ixer els s\u00edmptomes dels ac\u00fafens. La primera feina de l'oste\u00f2pata consistir\u00e0 a determinar qu\u00e8 la causa.","robots":{"index":"index","follow":"follow","max-snippet":"max-snippet:-1","max-image-preview":"max-image-preview:large","max-video-preview":"max-video-preview:-1"},"canonical":"https:\/\/www.osteopatiamotec.com\/ca\/especialista-en-acufens-a-barcelona-osteopatia\/","og_locale":"ca_ES","og_type":"article","og_title":"Especialista en ac\u00fafens amb osteopatia &#8211; Centro de Osteopat\u00eda en Barcelona - Motec","og_description":"L'osteopatia permet atenuar o fer desapar\u00e8ixer els s\u00edmptomes dels ac\u00fafens. La primera feina de l'oste\u00f2pata consistir\u00e0 a determinar qu\u00e8 la causa.","og_url":"https:\/\/www.osteopatiamotec.com\/ca\/especialista-en-acufens-a-barcelona-osteopatia\/","og_site_name":"Centro de Osteopat\u00eda en Barcelona - Motec","article_publisher":"https:\/\/www.facebook.com\/osteopatiamotec\/","article_modified_time":"2022-01-26T15:15:27+00:00","og_image":[{"width":1200,"height":800,"url":"https:\/\/www.osteopatiamotec.com\/wp-content\/uploads\/osteopatiamotec-social.jpg","type":"image\/jpeg"}],"twitter_card":"summary_large_image","twitter_site":"@motecosteopatia","twitter_misc":{"Est. reading time":"13 minutes"},"schema":{"@context":"https:\/\/schema.org","@graph":[{"@type":["WebPage","MedicalWebPage"],"@id":"https:\/\/www.osteopatiamotec.com\/ca\/especialista-en-acufens-a-barcelona-osteopatia\/","url":"https:\/\/www.osteopatiamotec.com\/ca\/especialista-en-acufens-a-barcelona-osteopatia\/","name":"Especialista en ac\u00fafens amb osteopatia &#8211; Centro de Osteopat\u00eda en Barcelona - Motec","isPartOf":{"@id":"https:\/\/www.osteopatiamotec.com\/ca\/#website"},"datePublished":"2018-09-08T10:36:35+00:00","dateModified":"2022-01-26T15:15:27+00:00","description":"L'osteopatia permet atenuar o fer desapar\u00e8ixer els s\u00edmptomes dels ac\u00fafens. La primera feina de l'oste\u00f2pata consistir\u00e0 a determinar qu\u00e8 la causa.","breadcrumb":{"@id":"https:\/\/www.osteopatiamotec.com\/ca\/especialista-en-acufens-a-barcelona-osteopatia\/#breadcrumb"},"inLanguage":"ca-ES","potentialAction":[{"@type":"ReadAction","target":["https:\/\/www.osteopatiamotec.com\/ca\/especialista-en-acufens-a-barcelona-osteopatia\/"]}]},{"@type":"BreadcrumbList","@id":"https:\/\/www.osteopatiamotec.com\/ca\/especialista-en-acufens-a-barcelona-osteopatia\/#breadcrumb","itemListElement":[{"@type":"ListItem","position":1,"name":"Home","item":"https:\/\/www.osteopatiamotec.com\/ca\/"},{"@type":"ListItem","position":2,"name":"Especialista en ac\u00fafens amb osteopatia"}]},{"@type":"WebSite","@id":"https:\/\/www.osteopatiamotec.com\/ca\/#website","url":"https:\/\/www.osteopatiamotec.com\/ca\/","name":"Centro de Osteopat\u00eda en Barcelona - Motec","description":"En el Centro de Osteopat\u00eda Motec de Barcelona (Medicina Osteop\u00e1tica y Terapia Cr\u00e1neo-Sacral) no tratamos s\u00f3lo enfermedades, sino que tratamos personas. Debido a nuestra continua formaci\u00f3n, integramos desde t\u00e9cnicas osteop\u00e1ticas cl\u00e1sicas a viscerales, craneales, membranosas, fasciales, somatoemocionales, pedi\u00e1tricas, craneosacrales, seguimiento del embarazo\u2026","publisher":{"@id":"https:\/\/www.osteopatiamotec.com\/ca\/#organization"},"potentialAction":[{"@type":"SearchAction","target":{"@type":"EntryPoint","urlTemplate":"https:\/\/www.osteopatiamotec.com\/ca\/?s={search_term_string}"},"query-input":{"@type":"PropertyValueSpecification","valueRequired":true,"valueName":"search_term_string"}}],"inLanguage":"ca-ES"},{"@type":"Organization","@id":"https:\/\/www.osteopatiamotec.com\/ca\/#organization","name":"Centro de Osteopat\u00eda Motec Barcelona","url":"https:\/\/www.osteopatiamotec.com\/ca\/","logo":{"@type":"ImageObject","inLanguage":"ca-ES","@id":"https:\/\/www.osteopatiamotec.com\/ca\/#\/schema\/logo\/image\/","url":"https:\/\/www.osteopatiamotec.com\/wp-content\/uploads\/osteopatiamotec-social.jpg","contentUrl":"https:\/\/www.osteopatiamotec.com\/wp-content\/uploads\/osteopatiamotec-social.jpg","width":1200,"height":800,"caption":"Centro de Osteopat\u00eda Motec Barcelona"},"image":{"@id":"https:\/\/www.osteopatiamotec.com\/ca\/#\/schema\/logo\/image\/"},"sameAs":["https:\/\/www.facebook.com\/osteopatiamotec\/","https:\/\/x.com\/motecosteopatia","https:\/\/www.instagram.com\/osteopatiamotec\/","https:\/\/www.youtube.com\/channel\/UCiJMpuIx-plYD-Y3Y9Pod6A"]}]}},"_links":{"self":[{"href":"https:\/\/www.osteopatiamotec.com\/ca\/wp-json\/wp\/v2\/pages\/5185","targetHints":{"allow":["GET"]}}],"collection":[{"href":"https:\/\/www.osteopatiamotec.com\/ca\/wp-json\/wp\/v2\/pages"}],"about":[{"href":"https:\/\/www.osteopatiamotec.com\/ca\/wp-json\/wp\/v2\/types\/page"}],"author":[{"embeddable":true,"href":"https:\/\/www.osteopatiamotec.com\/ca\/wp-json\/wp\/v2\/users\/1"}],"replies":[{"embeddable":true,"href":"https:\/\/www.osteopatiamotec.com\/ca\/wp-json\/wp\/v2\/comments?post=5185"}],"version-history":[{"count":0,"href":"https:\/\/www.osteopatiamotec.com\/ca\/wp-json\/wp\/v2\/pages\/5185\/revisions"}],"wp:attachment":[{"href":"https:\/\/www.osteopatiamotec.com\/ca\/wp-json\/wp\/v2\/media?parent=5185"}],"curies":[{"name":"wp","href":"https:\/\/api.w.org\/{rel}","templated":true}]}}