{"id":5210,"date":"2018-09-17T19:17:54","date_gmt":"2018-09-17T19:17:54","guid":{"rendered":"https:\/\/www.osteopatiamotec.com\/?page_id=5210"},"modified":"2022-01-26T15:45:33","modified_gmt":"2022-01-26T14:45:33","slug":"oteopatia-de-esport-barcelona","status":"publish","type":"page","link":"https:\/\/www.osteopatiamotec.com\/ca\/oteopatia-de-esport-barcelona\/","title":{"rendered":"Oteopatia per a esportistes"},"content":{"rendered":"<p><div class=\"fusion-fullwidth fullwidth-box fusion-builder-row-1 fusion-flex-container nonhundred-percent-fullwidth non-hundred-percent-height-scrolling\" style=\"background-color: rgba(255,255,255,0);background-position: left top;background-repeat: no-repeat;border-width: 0px 0px 0px 0px;border-color:#e8ebef;border-style:solid;\" ><div class=\"fusion-builder-row fusion-row fusion-flex-align-items-flex-start\" style=\"max-width:1248px;margin-left: calc(-4% \/ 2 );margin-right: calc(-4% \/ 2 );\"><div class=\"fusion-layout-column fusion_builder_column fusion-builder-column-0 fusion_builder_column_2_3 2_3 fusion-flex-column\"><div class=\"fusion-column-wrapper fusion-flex-justify-content-flex-start fusion-content-layout-column\" style=\"background-position:left top;background-repeat:no-repeat;-webkit-background-size:cover;-moz-background-size:cover;-o-background-size:cover;background-size:cover;padding: 0px 0px 0px 0px;\"><div class=\"fusion-text fusion-text-1\"><p>L&#8217;esport o l&#8217;activitat f\u00edsica genera m\u00faltiples beneficis per\u00f2 tamb\u00e9 comporta desequilibris o alteracions que poden provocar lesions, desgast, escur\u00e7ament muscular o simplement dolor.<\/p>\n<h3 class=\"Cuerpo\">Quins beneficis aporta l&#8217;osteopatia a esportistes?<\/h3>\n<p class=\"Cuerpo\">El cos d&#8217;un esportista absorbeix una gran quantitat d&#8217;estr\u00e8s i tensi\u00f3 en diferents parts del cos, per la qual cosa no \u00e9s estrany que durant o despr\u00e9s de practicar esport pateixi alguna mol\u00e8stia o alteraci\u00f3 al cos.<\/p>\n<p class=\"Cuerpo\">La nostra missi\u00f3 al Centre d&#8217;osteopatia MOTEC ser\u00e0 aturar el dolor per evitar una lesi\u00f3 greu que pugui frenar la pr\u00e0ctica esportiva del nostre pacient.<\/p>\n<\/div><div class=\"fusion-separator\" style=\"align-self: flex-start;margin-right:auto;margin-top:0px;margin-bottom:35px;width:100%;max-width:170px;\"><div class=\"fusion-separator-border sep-single sep-solid\" style=\"border-color:#e2e3e8;border-top-width:3px;\"><\/div><\/div><\/div><style type=\"text\/css\">.fusion-body .fusion-builder-column-0{width:66.666666666667% !important;margin-top : 20px;margin-bottom : 20px;}.fusion-builder-column-0 > .fusion-column-wrapper {padding-top : 0px !important;padding-right : 0px !important;margin-right : 3.84%;padding-bottom : 0px !important;padding-left : 0px !important;margin-left : 2.88%;}@media only screen and (max-width:1200px) {.fusion-body .fusion-builder-column-0{width:66.666666666667% !important;}.fusion-builder-column-0 > .fusion-column-wrapper {margin-right : 3.84%;margin-left : 2.88%;}}@media only screen and (max-width:640px) {.fusion-body .fusion-builder-column-0{width:100% !important;}.fusion-builder-column-0 > .fusion-column-wrapper {margin-right : 1.92%;margin-left : 1.92%;}}<\/style><\/div><div class=\"fusion-layout-column fusion_builder_column fusion-builder-column-1 fusion_builder_column_1_3 1_3 fusion-flex-column\"><div class=\"fusion-column-wrapper fusion-flex-justify-content-flex-start fusion-content-layout-column\" style=\"background-position:left top;background-repeat:no-repeat;-webkit-background-size:cover;-moz-background-size:cover;-o-background-size:cover;background-size:cover;padding: 0px 0px 0px 0px;\"><div ><span class=\" fusion-imageframe imageframe-none imageframe-1 hover-type-zoomin fusion-animated\" data-animationType=\"fadeInDown\" data-animationDuration=\"1.0\" data-animationOffset=\"top-into-view\"><a href=\"https:\/\/www.osteopatiamotec.com\/wp-content\/uploads\/deporte-1.jpeg\" class=\"fusion-lightbox\" data-rel=\"iLightbox[ef88f191e0fb80a0393]\" data-caption=\"deporte 1\" data-title=\"deporte 1\" title=\"deporte 1\"><img loading=\"lazy\" decoding=\"async\" width=\"275\" height=\"183\" alt=\"deporte 1\" src=\"https:\/\/www.osteopatiamotec.com\/wp-content\/uploads\/deporte-1.jpeg\" class=\"img-responsive wp-image-5212\" srcset=\"https:\/\/www.osteopatiamotec.com\/wp-content\/uploads\/deporte-1-200x133.jpeg 200w, https:\/\/www.osteopatiamotec.com\/wp-content\/uploads\/deporte-1.jpeg 275w\" sizes=\"auto, (max-width: 640px) 100vw, 275px\" \/><\/a><\/span><\/div><\/div><style type=\"text\/css\">.fusion-body .fusion-builder-column-1{width:33.333333333333% !important;margin-top : 20px;margin-bottom : 20px;}.fusion-builder-column-1 > .fusion-column-wrapper {padding-top : 0px !important;padding-right : 0px !important;margin-right : 5.76%;padding-bottom : 0px !important;padding-left : 0px !important;margin-left : 3.8399999999999%;}@media only screen and (max-width:1200px) {.fusion-body .fusion-builder-column-1{width:33.333333333333% !important;}.fusion-builder-column-1 > .fusion-column-wrapper {margin-right : 5.76%;margin-left : 3.8399999999999%;}}@media only screen and (max-width:640px) {.fusion-body .fusion-builder-column-1{width:100% !important;}.fusion-builder-column-1 > .fusion-column-wrapper {margin-right : 1.92%;margin-left : 1.92%;}}<\/style><\/div><\/div><style type=\"text\/css\">.fusion-body .fusion-flex-container.fusion-builder-row-1{ padding-top : 0px;margin-top : -20;padding-right : 0px;padding-bottom : 20px;margin-bottom : 0px;padding-left : 0px;}<\/style><\/div><div class=\"fusion-fullwidth fullwidth-box fusion-builder-row-2 fusion-flex-container nonhundred-percent-fullwidth non-hundred-percent-height-scrolling\" style=\"background-color: #e7e6da;background-position: left top;background-repeat: no-repeat;border-width: 0px 0px 0px 0px;border-color:#e8ebef;border-style:solid;\" ><div class=\"fusion-builder-row fusion-row fusion-flex-align-items-flex-start\" style=\"max-width:calc( 1200px + 0px );margin-left: calc(-0px \/ 2 );margin-right: calc(-0px \/ 2 );\"><div class=\"fusion-layout-column fusion_builder_column fusion-builder-column-2 fusion_builder_column_1_1 1_1 fusion-flex-column\"><div class=\"fusion-column-wrapper fusion-flex-justify-content-flex-start fusion-content-layout-column\" style=\"background-position:left top;background-repeat:no-repeat;-webkit-background-size:cover;-moz-background-size:cover;-o-background-size:cover;background-size:cover;background-color:#e7e6da;padding: 0px 0px 0px 0px;\"><div class=\"fusion-separator fusion-full-width-sep\" style=\"align-self: center;margin-left: auto;margin-right: auto;margin-top:-20px;width:100%;\"><\/div><div class=\"fusion-text fusion-text-2\"><div style=\"padding: 25px;\">\n<h3 class=\"Cuerpo\">Com pot ajudar l&#8217;osteopatia a l&#8217;esportista:<\/h3>\n<ol>\n<li>\u00c9s interessant fer una tasca preventiva de les lesions que es trobin relacionades amb les fixacions mec\u00e0niques.<\/li>\n<li>Equilibrar les asimetries o desequilibris.<\/li>\n<li>Millora de la mobilitat i la flexibilitat del cos.<\/li>\n<li>Promoure una recuperaci\u00f3 m\u00e9s r\u00e0pida de la lesi\u00f3 o del dolor.<\/li>\n<\/ol>\n<\/div>\n<\/div><div class=\"fusion-separator fusion-full-width-sep\" style=\"align-self: center;margin-left: auto;margin-right: auto;margin-top:10px;margin-bottom:10px;width:100%;\"><\/div><div style=\"text-align:center;\"><style>.fusion-body .fusion-button.button-1{border-color:#ffffff;border-width:1px 1px 1px 1px;border-radius:20px 20px 20px 20px;background:#ffffff;}.fusion-body .fusion-button.button-1 .fusion-button-text,.fusion-body .fusion-button.button-1 i,.fusion-body .fusion-button.button-1:hover .fusion-button-text,.fusion-body .fusion-button.button-1:hover i,.fusion-body .fusion-button.button-1:focus .fusion-button-text,.fusion-body .fusion-button.button-1:focus i,.fusion-body .fusion-button.button-1:active .fusion-button-text,.fusion-body .fusion-button.button-1:active i{color:#a0ce4e;}.fusion-body .fusion-button.button-1:hover,.fusion-body .fusion-button.button-1:active,.fusion-body .fusion-button.button-1:focus{border-color:#a0ce4e;border-width:1px 1px 1px 1px;background:#dcf29b;}<\/style><a class=\"fusion-button button-flat button-xlarge button-custom button-1 fusion-button-default-span \" target=\"_self\" href=\"https:\/\/www.osteopatiamotec.com\/ca\/demanar-cita\/\"><span class=\"fusion-button-text\">DEMANA CITA<\/span><\/a><\/div><\/div><style type=\"text\/css\">.fusion-body .fusion-builder-column-2{width:100% !important;margin-top : 20px;margin-bottom : 20px;}.fusion-builder-column-2 > .fusion-column-wrapper {padding-top : 0px !important;padding-right : 0px !important;margin-right : 0px;padding-bottom : 0px !important;padding-left : 0px !important;margin-left : 0px;}@media only screen and (max-width:1200px) {.fusion-body .fusion-builder-column-2{width:100% !important;}.fusion-builder-column-2 > .fusion-column-wrapper {margin-right : 0px;margin-left : 0px;}}@media only screen and (max-width:640px) {.fusion-body .fusion-builder-column-2{width:100% !important;}.fusion-builder-column-2 > .fusion-column-wrapper {margin-right : 0px;margin-left : 0px;}}<\/style><\/div><\/div><style type=\"text\/css\">.fusion-body .fusion-flex-container.fusion-builder-row-2{ padding-top : 20px;margin-top : 0px;padding-right : 0px;padding-bottom : 20px;margin-bottom : 0px;padding-left : 0px;}<\/style><\/div><div class=\"fusion-fullwidth fullwidth-box fusion-builder-row-3 fusion-flex-container nonhundred-percent-fullwidth non-hundred-percent-height-scrolling\" style=\"background-color: rgba(255,255,255,0);background-position: left top;background-repeat: no-repeat;border-width: 0px 0px 0px 0px;border-color:#e8ebef;border-style:solid;\" ><div class=\"fusion-builder-row fusion-row fusion-flex-align-items-stretch\" style=\"max-width:1248px;margin-left: calc(-4% \/ 2 );margin-right: calc(-4% \/ 2 );\"><div class=\"fusion-layout-column fusion_builder_column fusion-builder-column-3 fusion_builder_column_1_5 1_5 fusion-flex-column\"><div class=\"fusion-column-wrapper fusion-flex-justify-content-flex-start fusion-content-layout-column\" style=\"background-position:left top;background-repeat:no-repeat;-webkit-background-size:cover;-moz-background-size:cover;-o-background-size:cover;background-size:cover;background-color:#f8f8f;padding: 0px 0px 0px 0px;\"><\/div><style type=\"text\/css\">.fusion-body .fusion-builder-column-3{width:20% !important;margin-top : 20px;margin-bottom : 40px;}.fusion-builder-column-3 > .fusion-column-wrapper {padding-top : 0px !important;padding-right : 0px !important;margin-right : 9.6%;padding-bottom : 0px !important;padding-left : 0px !important;margin-left : 9.6%;}@media only screen and (max-width:1200px) {.fusion-body .fusion-builder-column-3{width:20% !important;}.fusion-builder-column-3 > .fusion-column-wrapper {margin-right : 9.6%;margin-left : 9.6%;}}@media only screen and (max-width:640px) {.fusion-body .fusion-builder-column-3{width:100% !important;}.fusion-builder-column-3 > .fusion-column-wrapper {margin-right : 1.92%;margin-left : 1.92%;}}<\/style><\/div><div class=\"fusion-layout-column fusion_builder_column fusion-builder-column-4 fusion_builder_column_3_5 3_5 fusion-flex-column\"><div class=\"fusion-column-wrapper fusion-flex-justify-content-flex-start fusion-content-layout-column\" style=\"background-position:left top;background-repeat:no-repeat;-webkit-background-size:cover;-moz-background-size:cover;-o-background-size:cover;background-size:cover;background-color:#f8f8f8;padding: 20px 0px 0px 0px;\"><div style=\"text-align:center;\"><span class=\" fusion-imageframe imageframe-none imageframe-2 hover-type-zoomin\" style=\"border-radius:12px;\"><a href=\"https:\/\/www.osteopatiamotec.com\/wp-content\/uploads\/osteo-y-deporte-2.jpg\" class=\"fusion-lightbox\" data-rel=\"iLightbox[1af4f9a8e3b2b056c91]\" data-caption=\"osteo y deporte 2\" data-title=\"osteo y deporte 2\" title=\"osteo y deporte 2\"><img loading=\"lazy\" decoding=\"async\" width=\"284\" height=\"177\" alt=\"osteo y deporte 2\" src=\"https:\/\/www.osteopatiamotec.com\/wp-content\/uploads\/osteo-y-deporte-2.jpg\" class=\"img-responsive wp-image-5215\" srcset=\"https:\/\/www.osteopatiamotec.com\/wp-content\/uploads\/osteo-y-deporte-2-200x125.jpg 200w, https:\/\/www.osteopatiamotec.com\/wp-content\/uploads\/osteo-y-deporte-2.jpg 284w\" sizes=\"auto, (max-width: 640px) 100vw, 284px\" \/><\/a><\/span><\/div><div class=\"fusion-text fusion-text-3\"><div style=\"padding: 25px;\">\n<h3>Lesions m\u00e9s comunes dins de l&#8217;osteopatia en esportistes:<\/h3>\n<ol>\n<li>Traumatismes i caigudes.<\/li>\n<li>Esquin\u00e7os de turmell.<\/li>\n<li>Tendinitis d&#8217;espatlla.<\/li>\n<li>Dolor de genoll.<\/li>\n<li>Lumb\u00e0lgia.<\/li>\n<li>Cervic\u00e0lgia.<\/li>\n<li>Lumb\u00e0lgia.<\/li>\n<li>Cervic\u00e0lgia.<\/li>\n<li>Pub\u00e0lgia.<\/li>\n<\/ol>\n<\/div>\n<\/div><\/div><style type=\"text\/css\">.fusion-body .fusion-builder-column-4{width:60% !important;margin-top : 20px;margin-bottom : 40px;}.fusion-builder-column-4 > .fusion-column-wrapper {padding-top : 20px !important;padding-right : 0px !important;margin-right : 3.2%;padding-bottom : 0px !important;padding-left : 0px !important;margin-left : 3.2%;}@media only screen and (max-width:1200px) {.fusion-body .fusion-builder-column-4{width:60% !important;}.fusion-builder-column-4 > .fusion-column-wrapper {margin-right : 3.2%;margin-left : 3.2%;}}@media only screen and (max-width:640px) {.fusion-body .fusion-builder-column-4{width:100% !important;}.fusion-builder-column-4 > .fusion-column-wrapper {margin-right : 1.92%;margin-left : 1.92%;}}<\/style><\/div><div class=\"fusion-layout-column fusion_builder_column fusion-builder-column-5 fusion_builder_column_1_5 1_5 fusion-flex-column\"><div class=\"fusion-column-wrapper fusion-flex-justify-content-flex-start fusion-content-layout-column\" style=\"background-position:left top;background-repeat:no-repeat;-webkit-background-size:cover;-moz-background-size:cover;-o-background-size:cover;background-size:cover;padding: 0px 0px 0px 0px;\"><\/div><style type=\"text\/css\">.fusion-body .fusion-builder-column-5{width:20% !important;margin-top : 20px;margin-bottom : 40px;}.fusion-builder-column-5 > .fusion-column-wrapper {padding-top : 0px !important;padding-right : 0px !important;margin-right : 9.6%;padding-bottom : 0px !important;padding-left : 0px !important;margin-left : 9.6%;}@media only screen and (max-width:1200px) {.fusion-body .fusion-builder-column-5{width:20% !important;}.fusion-builder-column-5 > .fusion-column-wrapper {margin-right : 9.6%;margin-left : 9.6%;}}@media only screen and (max-width:640px) {.fusion-body .fusion-builder-column-5{width:100% !important;}.fusion-builder-column-5 > .fusion-column-wrapper {margin-right : 1.92%;margin-left : 1.92%;}}<\/style><\/div><\/div><style type=\"text\/css\">.fusion-body .fusion-flex-container.fusion-builder-row-3{ padding-top : 20px;margin-top : 0px;padding-right : 0px;padding-bottom : 20px;margin-bottom : 0px;padding-left : 0px;}<\/style><\/div><div class=\"fusion-fullwidth fullwidth-box fusion-builder-row-4 fusion-flex-container nonhundred-percent-fullwidth non-hundred-percent-height-scrolling\" style=\"background-color: rgba(255,255,255,0);background-position: center center;background-repeat: no-repeat;border-width: 0px 0px 0px 0px;border-color:#e8ebef;border-style:solid;\" ><div class=\"fusion-builder-row fusion-row fusion-flex-align-items-flex-start\" style=\"max-width:calc( 1200px + 0px );margin-left: calc(-0px \/ 2 );margin-right: calc(-0px \/ 2 );\"><\/div><style type=\"text\/css\">.fusion-body .fusion-flex-container.fusion-builder-row-4{ padding-top : 0px;margin-top : 0px;padding-right : 0px;padding-bottom : 0px;margin-bottom : 0px;padding-left : 0px;}<\/style><\/div><\/p>\n","protected":false},"excerpt":{"rendered":"","protected":false},"author":1,"featured_media":0,"parent":0,"menu_order":0,"comment_status":"closed","ping_status":"closed","template":"","meta":{"footnotes":""},"class_list":["post-5210","page","type-page","status-publish","hentry"],"yoast_head":"<!-- This site is optimized with the Yoast SEO plugin v27.6 - https:\/\/yoast.com\/product\/yoast-seo-wordpress\/ -->\n<title>Oteopatia per a esportistes &#8211; Centro de Osteopat\u00eda en Barcelona - Motec<\/title>\n<meta name=\"description\" content=\"La nostra missi\u00f3 al Centre d&#039;osteopatia MOTEC ser\u00e0 aturar el dolor per evitar una lesi\u00f3 greu que pugui frenar la pr\u00e0ctica esportiva del nostre pacient.\" \/>\n<meta name=\"robots\" content=\"index, follow, max-snippet:-1, max-image-preview:large, max-video-preview:-1\" \/>\n<link rel=\"canonical\" href=\"https:\/\/www.osteopatiamotec.com\/ca\/oteopatia-de-esport-barcelona\/\" \/>\n<meta property=\"og:locale\" content=\"ca_ES\" \/>\n<meta property=\"og:type\" content=\"article\" \/>\n<meta property=\"og:title\" content=\"Oteopatia per a esportistes &#8211; Centro de Osteopat\u00eda en Barcelona - Motec\" \/>\n<meta property=\"og:description\" content=\"La nostra missi\u00f3 al Centre d&#039;osteopatia MOTEC ser\u00e0 aturar el dolor per evitar una lesi\u00f3 greu que pugui frenar la pr\u00e0ctica esportiva del nostre pacient.\" \/>\n<meta property=\"og:url\" content=\"https:\/\/www.osteopatiamotec.com\/ca\/oteopatia-de-esport-barcelona\/\" \/>\n<meta property=\"og:site_name\" content=\"Centro de Osteopat\u00eda en Barcelona - Motec\" \/>\n<meta property=\"article:publisher\" content=\"https:\/\/www.facebook.com\/osteopatiamotec\/\" \/>\n<meta property=\"article:modified_time\" content=\"2022-01-26T14:45:33+00:00\" \/>\n<meta property=\"og:image\" content=\"https:\/\/www.osteopatiamotec.com\/wp-content\/uploads\/osteopatiamotec-social.jpg\" \/>\n\t<meta property=\"og:image:width\" content=\"1200\" \/>\n\t<meta property=\"og:image:height\" content=\"800\" \/>\n\t<meta property=\"og:image:type\" content=\"image\/jpeg\" \/>\n<meta name=\"twitter:card\" content=\"summary_large_image\" \/>\n<meta name=\"twitter:site\" content=\"@motecosteopatia\" \/>\n<meta name=\"twitter:label1\" content=\"Est. reading time\" \/>\n\t<meta name=\"twitter:data1\" content=\"7 minutes\" \/>\n<script type=\"application\/ld+json\" class=\"yoast-schema-graph\">{\"@context\":\"https:\\\/\\\/schema.org\",\"@graph\":[{\"@type\":[\"WebPage\",\"MedicalWebPage\"],\"@id\":\"https:\\\/\\\/www.osteopatiamotec.com\\\/ca\\\/oteopatia-de-esport-barcelona\\\/\",\"url\":\"https:\\\/\\\/www.osteopatiamotec.com\\\/ca\\\/oteopatia-de-esport-barcelona\\\/\",\"name\":\"Oteopatia per a esportistes &#8211; Centro de Osteopat\u00eda en Barcelona - Motec\",\"isPartOf\":{\"@id\":\"https:\\\/\\\/www.osteopatiamotec.com\\\/ca\\\/#website\"},\"datePublished\":\"2018-09-17T19:17:54+00:00\",\"dateModified\":\"2022-01-26T14:45:33+00:00\",\"description\":\"La nostra missi\u00f3 al Centre d'osteopatia MOTEC ser\u00e0 aturar el dolor per evitar una lesi\u00f3 greu que pugui frenar la pr\u00e0ctica esportiva del nostre pacient.\",\"breadcrumb\":{\"@id\":\"https:\\\/\\\/www.osteopatiamotec.com\\\/ca\\\/oteopatia-de-esport-barcelona\\\/#breadcrumb\"},\"inLanguage\":\"ca-ES\",\"potentialAction\":[{\"@type\":\"ReadAction\",\"target\":[\"https:\\\/\\\/www.osteopatiamotec.com\\\/ca\\\/oteopatia-de-esport-barcelona\\\/\"]}]},{\"@type\":\"BreadcrumbList\",\"@id\":\"https:\\\/\\\/www.osteopatiamotec.com\\\/ca\\\/oteopatia-de-esport-barcelona\\\/#breadcrumb\",\"itemListElement\":[{\"@type\":\"ListItem\",\"position\":1,\"name\":\"Home\",\"item\":\"https:\\\/\\\/www.osteopatiamotec.com\\\/ca\\\/\"},{\"@type\":\"ListItem\",\"position\":2,\"name\":\"Oteopatia per a esportistes\"}]},{\"@type\":\"WebSite\",\"@id\":\"https:\\\/\\\/www.osteopatiamotec.com\\\/ca\\\/#website\",\"url\":\"https:\\\/\\\/www.osteopatiamotec.com\\\/ca\\\/\",\"name\":\"Centro de Osteopat\u00eda en Barcelona - Motec\",\"description\":\"En el Centro de Osteopat\u00eda Motec de Barcelona (Medicina Osteop\u00e1tica y Terapia Cr\u00e1neo-Sacral) no tratamos s\u00f3lo enfermedades, sino que tratamos personas. Debido a nuestra continua formaci\u00f3n, integramos desde t\u00e9cnicas osteop\u00e1ticas cl\u00e1sicas a viscerales, craneales, membranosas, fasciales, somatoemocionales, pedi\u00e1tricas, craneosacrales, seguimiento del embarazo\u2026\",\"publisher\":{\"@id\":\"https:\\\/\\\/www.osteopatiamotec.com\\\/ca\\\/#organization\"},\"potentialAction\":[{\"@type\":\"SearchAction\",\"target\":{\"@type\":\"EntryPoint\",\"urlTemplate\":\"https:\\\/\\\/www.osteopatiamotec.com\\\/ca\\\/?s={search_term_string}\"},\"query-input\":{\"@type\":\"PropertyValueSpecification\",\"valueRequired\":true,\"valueName\":\"search_term_string\"}}],\"inLanguage\":\"ca-ES\"},{\"@type\":\"Organization\",\"@id\":\"https:\\\/\\\/www.osteopatiamotec.com\\\/ca\\\/#organization\",\"name\":\"Centro de Osteopat\u00eda Motec Barcelona\",\"url\":\"https:\\\/\\\/www.osteopatiamotec.com\\\/ca\\\/\",\"logo\":{\"@type\":\"ImageObject\",\"inLanguage\":\"ca-ES\",\"@id\":\"https:\\\/\\\/www.osteopatiamotec.com\\\/ca\\\/#\\\/schema\\\/logo\\\/image\\\/\",\"url\":\"https:\\\/\\\/www.osteopatiamotec.com\\\/wp-content\\\/uploads\\\/osteopatiamotec-social.jpg\",\"contentUrl\":\"https:\\\/\\\/www.osteopatiamotec.com\\\/wp-content\\\/uploads\\\/osteopatiamotec-social.jpg\",\"width\":1200,\"height\":800,\"caption\":\"Centro de Osteopat\u00eda Motec Barcelona\"},\"image\":{\"@id\":\"https:\\\/\\\/www.osteopatiamotec.com\\\/ca\\\/#\\\/schema\\\/logo\\\/image\\\/\"},\"sameAs\":[\"https:\\\/\\\/www.facebook.com\\\/osteopatiamotec\\\/\",\"https:\\\/\\\/x.com\\\/motecosteopatia\",\"https:\\\/\\\/www.instagram.com\\\/osteopatiamotec\\\/\",\"https:\\\/\\\/www.youtube.com\\\/channel\\\/UCiJMpuIx-plYD-Y3Y9Pod6A\"]}]}<\/script>\n<!-- \/ Yoast SEO plugin. -->","yoast_head_json":{"title":"Oteopatia per a esportistes &#8211; Centro de Osteopat\u00eda en Barcelona - Motec","description":"La nostra missi\u00f3 al Centre d'osteopatia MOTEC ser\u00e0 aturar el dolor per evitar una lesi\u00f3 greu que pugui frenar la pr\u00e0ctica esportiva del nostre pacient.","robots":{"index":"index","follow":"follow","max-snippet":"max-snippet:-1","max-image-preview":"max-image-preview:large","max-video-preview":"max-video-preview:-1"},"canonical":"https:\/\/www.osteopatiamotec.com\/ca\/oteopatia-de-esport-barcelona\/","og_locale":"ca_ES","og_type":"article","og_title":"Oteopatia per a esportistes &#8211; Centro de Osteopat\u00eda en Barcelona - Motec","og_description":"La nostra missi\u00f3 al Centre d'osteopatia MOTEC ser\u00e0 aturar el dolor per evitar una lesi\u00f3 greu que pugui frenar la pr\u00e0ctica esportiva del nostre pacient.","og_url":"https:\/\/www.osteopatiamotec.com\/ca\/oteopatia-de-esport-barcelona\/","og_site_name":"Centro de Osteopat\u00eda en Barcelona - Motec","article_publisher":"https:\/\/www.facebook.com\/osteopatiamotec\/","article_modified_time":"2022-01-26T14:45:33+00:00","og_image":[{"width":1200,"height":800,"url":"https:\/\/www.osteopatiamotec.com\/wp-content\/uploads\/osteopatiamotec-social.jpg","type":"image\/jpeg"}],"twitter_card":"summary_large_image","twitter_site":"@motecosteopatia","twitter_misc":{"Est. reading time":"7 minutes"},"schema":{"@context":"https:\/\/schema.org","@graph":[{"@type":["WebPage","MedicalWebPage"],"@id":"https:\/\/www.osteopatiamotec.com\/ca\/oteopatia-de-esport-barcelona\/","url":"https:\/\/www.osteopatiamotec.com\/ca\/oteopatia-de-esport-barcelona\/","name":"Oteopatia per a esportistes &#8211; Centro de Osteopat\u00eda en Barcelona - Motec","isPartOf":{"@id":"https:\/\/www.osteopatiamotec.com\/ca\/#website"},"datePublished":"2018-09-17T19:17:54+00:00","dateModified":"2022-01-26T14:45:33+00:00","description":"La nostra missi\u00f3 al Centre d'osteopatia MOTEC ser\u00e0 aturar el dolor per evitar una lesi\u00f3 greu que pugui frenar la pr\u00e0ctica esportiva del nostre pacient.","breadcrumb":{"@id":"https:\/\/www.osteopatiamotec.com\/ca\/oteopatia-de-esport-barcelona\/#breadcrumb"},"inLanguage":"ca-ES","potentialAction":[{"@type":"ReadAction","target":["https:\/\/www.osteopatiamotec.com\/ca\/oteopatia-de-esport-barcelona\/"]}]},{"@type":"BreadcrumbList","@id":"https:\/\/www.osteopatiamotec.com\/ca\/oteopatia-de-esport-barcelona\/#breadcrumb","itemListElement":[{"@type":"ListItem","position":1,"name":"Home","item":"https:\/\/www.osteopatiamotec.com\/ca\/"},{"@type":"ListItem","position":2,"name":"Oteopatia per a esportistes"}]},{"@type":"WebSite","@id":"https:\/\/www.osteopatiamotec.com\/ca\/#website","url":"https:\/\/www.osteopatiamotec.com\/ca\/","name":"Centro de Osteopat\u00eda en Barcelona - Motec","description":"En el Centro de Osteopat\u00eda Motec de Barcelona (Medicina Osteop\u00e1tica y Terapia Cr\u00e1neo-Sacral) no tratamos s\u00f3lo enfermedades, sino que tratamos personas. Debido a nuestra continua formaci\u00f3n, integramos desde t\u00e9cnicas osteop\u00e1ticas cl\u00e1sicas a viscerales, craneales, membranosas, fasciales, somatoemocionales, pedi\u00e1tricas, craneosacrales, seguimiento del embarazo\u2026","publisher":{"@id":"https:\/\/www.osteopatiamotec.com\/ca\/#organization"},"potentialAction":[{"@type":"SearchAction","target":{"@type":"EntryPoint","urlTemplate":"https:\/\/www.osteopatiamotec.com\/ca\/?s={search_term_string}"},"query-input":{"@type":"PropertyValueSpecification","valueRequired":true,"valueName":"search_term_string"}}],"inLanguage":"ca-ES"},{"@type":"Organization","@id":"https:\/\/www.osteopatiamotec.com\/ca\/#organization","name":"Centro de Osteopat\u00eda Motec Barcelona","url":"https:\/\/www.osteopatiamotec.com\/ca\/","logo":{"@type":"ImageObject","inLanguage":"ca-ES","@id":"https:\/\/www.osteopatiamotec.com\/ca\/#\/schema\/logo\/image\/","url":"https:\/\/www.osteopatiamotec.com\/wp-content\/uploads\/osteopatiamotec-social.jpg","contentUrl":"https:\/\/www.osteopatiamotec.com\/wp-content\/uploads\/osteopatiamotec-social.jpg","width":1200,"height":800,"caption":"Centro de Osteopat\u00eda Motec Barcelona"},"image":{"@id":"https:\/\/www.osteopatiamotec.com\/ca\/#\/schema\/logo\/image\/"},"sameAs":["https:\/\/www.facebook.com\/osteopatiamotec\/","https:\/\/x.com\/motecosteopatia","https:\/\/www.instagram.com\/osteopatiamotec\/","https:\/\/www.youtube.com\/channel\/UCiJMpuIx-plYD-Y3Y9Pod6A"]}]}},"_links":{"self":[{"href":"https:\/\/www.osteopatiamotec.com\/ca\/wp-json\/wp\/v2\/pages\/5210","targetHints":{"allow":["GET"]}}],"collection":[{"href":"https:\/\/www.osteopatiamotec.com\/ca\/wp-json\/wp\/v2\/pages"}],"about":[{"href":"https:\/\/www.osteopatiamotec.com\/ca\/wp-json\/wp\/v2\/types\/page"}],"author":[{"embeddable":true,"href":"https:\/\/www.osteopatiamotec.com\/ca\/wp-json\/wp\/v2\/users\/1"}],"replies":[{"embeddable":true,"href":"https:\/\/www.osteopatiamotec.com\/ca\/wp-json\/wp\/v2\/comments?post=5210"}],"version-history":[{"count":0,"href":"https:\/\/www.osteopatiamotec.com\/ca\/wp-json\/wp\/v2\/pages\/5210\/revisions"}],"wp:attachment":[{"href":"https:\/\/www.osteopatiamotec.com\/ca\/wp-json\/wp\/v2\/media?parent=5210"}],"curies":[{"name":"wp","href":"https:\/\/api.w.org\/{rel}","templated":true}]}}