{"id":5227,"date":"2018-09-18T17:11:04","date_gmt":"2018-09-18T17:11:04","guid":{"rendered":"https:\/\/www.osteopatiamotec.com\/?page_id=5227"},"modified":"2022-01-26T13:43:15","modified_gmt":"2022-01-26T12:43:15","slug":"osteopatia-pediatrica-a-barcelona","status":"publish","type":"page","link":"https:\/\/www.osteopatiamotec.com\/ca\/osteopatia-pediatrica-a-barcelona\/","title":{"rendered":"Osteopatia pedi\u00e0trica a Barcelona"},"content":{"rendered":"<p><div class=\"fusion-fullwidth fullwidth-box fusion-builder-row-1 fusion-flex-container nonhundred-percent-fullwidth non-hundred-percent-height-scrolling\" style=\"background-color: rgba(255,255,255,0);background-position: left top;background-repeat: no-repeat;border-width: 0px 0px 0px 0px;border-color:#e8ebef;border-style:solid;\" ><div class=\"fusion-builder-row fusion-row fusion-flex-align-items-flex-start\" style=\"max-width:1248px;margin-left: calc(-4% \/ 2 );margin-right: calc(-4% \/ 2 );\"><div class=\"fusion-layout-column fusion_builder_column fusion-builder-column-0 fusion_builder_column_2_3 2_3 fusion-flex-column\"><div class=\"fusion-column-wrapper fusion-flex-justify-content-flex-start fusion-content-layout-column\" style=\"background-position:left top;background-repeat:no-repeat;-webkit-background-size:cover;-moz-background-size:cover;-o-background-size:cover;background-size:cover;padding: 0px 0px 0px 0px;\"><div class=\"fusion-text fusion-text-1\"><h3><strong>Quan anar a l&#8217;oste\u00f2pata especialista en pediatria?<\/strong><\/h3>\n<div class=\"contentDescription clearfix\">\n<div class=\"cmBlock\">\n<ul>\n<li>Part instrumentalitzat (f\u00f2rceps, ventosa).<\/li>\n<li>Parteixo per ces\u00e0ria.<\/li>\n<li>En cas que el nad\u00f3 tingui amb alguna marca a la cara o cos.<\/li>\n<li>Parts complicats.<\/li>\n<li>Doble volta del cord\u00f3 umbilical.<\/li>\n<li>Parts prematurs.<\/li>\n<li>Cirurgies.<\/li>\n<\/ul>\n<\/div>\n<\/div>\n<\/div><div class=\"fusion-separator\" style=\"align-self: flex-start;margin-right:auto;margin-top:0px;margin-bottom:35px;width:100%;max-width:170px;\"><div class=\"fusion-separator-border sep-single sep-solid\" style=\"border-color:#e2e3e8;border-top-width:3px;\"><\/div><\/div><\/div><style type=\"text\/css\">.fusion-body .fusion-builder-column-0{width:66.666666666667% !important;margin-top : 20px;margin-bottom : 20px;}.fusion-builder-column-0 > .fusion-column-wrapper {padding-top : 0px !important;padding-right : 0px !important;margin-right : 3.84%;padding-bottom : 0px !important;padding-left : 0px !important;margin-left : 2.88%;}@media only screen and (max-width:1200px) {.fusion-body .fusion-builder-column-0{width:66.666666666667% !important;}.fusion-builder-column-0 > .fusion-column-wrapper {margin-right : 3.84%;margin-left : 2.88%;}}@media only screen and (max-width:640px) {.fusion-body .fusion-builder-column-0{width:100% !important;}.fusion-builder-column-0 > .fusion-column-wrapper {margin-right : 1.92%;margin-left : 1.92%;}}<\/style><\/div><div class=\"fusion-layout-column fusion_builder_column fusion-builder-column-1 fusion_builder_column_1_3 1_3 fusion-flex-column\"><div class=\"fusion-column-wrapper fusion-flex-justify-content-flex-start fusion-content-layout-column\" style=\"background-position:left top;background-repeat:no-repeat;-webkit-background-size:cover;-moz-background-size:cover;-o-background-size:cover;background-size:cover;padding: 0px 0px 0px 0px;\"><div ><span class=\" fusion-imageframe imageframe-none imageframe-1 hover-type-zoomin fusion-animated\" data-animationType=\"fadeInDown\" data-animationDuration=\"1.0\" data-animationOffset=\"top-into-view\"><a href=\"https:\/\/www.osteopatiamotec.com\/wp-content\/uploads\/osteo-pediatrica-2.jpeg\" class=\"fusion-lightbox\" data-rel=\"iLightbox[07e4586c6a703302e50]\" data-caption=\"osteo pediatrica 2\" data-title=\"osteo pediatrica 2\" title=\"osteo pediatrica 2\"><img loading=\"lazy\" decoding=\"async\" width=\"210\" height=\"236\" alt=\"osteo pediatrica 2\" src=\"https:\/\/www.osteopatiamotec.com\/wp-content\/uploads\/osteo-pediatrica-2.jpeg\" class=\"img-responsive wp-image-5229\" srcset=\"https:\/\/www.osteopatiamotec.com\/wp-content\/uploads\/osteo-pediatrica-2-200x225.jpeg 200w, https:\/\/www.osteopatiamotec.com\/wp-content\/uploads\/osteo-pediatrica-2.jpeg 210w\" sizes=\"auto, (max-width: 640px) 100vw, 210px\" \/><\/a><\/span><\/div><\/div><style type=\"text\/css\">.fusion-body .fusion-builder-column-1{width:33.333333333333% !important;margin-top : 20px;margin-bottom : 20px;}.fusion-builder-column-1 > .fusion-column-wrapper {padding-top : 0px !important;padding-right : 0px !important;margin-right : 5.76%;padding-bottom : 0px !important;padding-left : 0px !important;margin-left : 3.84%;}@media only screen and (max-width:1200px) {.fusion-body .fusion-builder-column-1{width:33.333333333333% !important;}.fusion-builder-column-1 > .fusion-column-wrapper {margin-right : 5.76%;margin-left : 3.84%;}}@media only screen and (max-width:640px) {.fusion-body .fusion-builder-column-1{width:100% !important;}.fusion-builder-column-1 > .fusion-column-wrapper {margin-right : 1.92%;margin-left : 1.92%;}}<\/style><\/div><\/div><style type=\"text\/css\">.fusion-body .fusion-flex-container.fusion-builder-row-1{ padding-top : 0px;margin-top : -20;padding-right : 0px;padding-bottom : 20px;margin-bottom : 0px;padding-left : 0px;}<\/style><\/div><div class=\"fusion-fullwidth fullwidth-box fusion-builder-row-2 fusion-flex-container nonhundred-percent-fullwidth non-hundred-percent-height-scrolling\" style=\"background-color: #e7e6da;background-position: left top;background-repeat: no-repeat;border-width: 0px 0px 0px 0px;border-color:#e8ebef;border-style:solid;\" ><div class=\"fusion-builder-row fusion-row fusion-flex-align-items-flex-start\" style=\"max-width:1248px;margin-left: calc(-4% \/ 2 );margin-right: calc(-4% \/ 2 );\"><div class=\"fusion-layout-column fusion_builder_column fusion-builder-column-2 fusion_builder_column_1_1 1_1 fusion-flex-column\"><div class=\"fusion-column-wrapper fusion-flex-justify-content-flex-start fusion-content-layout-row\" style=\"background-position:left top;background-repeat:no-repeat;-webkit-background-size:cover;-moz-background-size:cover;-o-background-size:cover;background-size:cover;background-color:#e7e6da;padding: 0px 0px 0px 0px;\"><div class=\"fusion-separator fusion-full-width-sep\" style=\"align-self: center;margin-left: auto;margin-right: auto;margin-top:-20px;width:100%;\"><\/div><div class=\"fusion-text fusion-text-2\"><div style=\"padding: 25px;\">\n<h3><strong>Quins s\u00edmptomes s\u00f3n els m\u00e9s freq\u00fcents en pediatria?<\/strong><\/h3>\n<ul>\n<li>Colics del lactant.<\/li>\n<li>Torticoli cong\u00e8nita.<\/li>\n<li>Aplanament d&#8217;alguna zona del cap (Platibasia).<\/li>\n<li>Tancament del llagrimal.<\/li>\n<li>Dificultats per agafar el pit.<\/li>\n<li>Sensaci\u00f3 que el nad\u00f3 no est\u00e0 c\u00f2mode estirat.<\/li>\n<li>Dificultat del nad\u00f3 per girar el caparr\u00f3 cap a un costat.<\/li>\n<li>Tensi\u00f3 generalitzada.<\/li>\n<li>Inquietud i insomni.<\/li>\n<li>Si el nad\u00f3 es fica la m\u00e0 a la boca habitualment o es llen\u00e7a freq\u00fcentment de les orelles.<\/li>\n<li>Estrenyiment.<\/li>\n<li>Abs\u00e8ncia de gateig.<\/li>\n<li>Problemes respiratoris.<\/li>\n<li>Malucs en ressort.<\/li>\n<\/ul>\n<\/div>\n<\/div><div class=\"fusion-separator fusion-full-width-sep\" style=\"align-self: center;margin-left: auto;margin-right: auto;margin-top:10px;margin-bottom:10px;width:100%;\"><\/div><div style=\"text-align:center;\"><style>.fusion-body .fusion-button.button-1{border-color:#a0ce4e;border-width:1px 1px 1px 1px;border-radius:20px 20px 20px 20px;background:#ffffff;}.fusion-body .fusion-button.button-1 .fusion-button-text,.fusion-body .fusion-button.button-1 i,.fusion-body .fusion-button.button-1:hover .fusion-button-text,.fusion-body .fusion-button.button-1:hover i,.fusion-body .fusion-button.button-1:focus .fusion-button-text,.fusion-body .fusion-button.button-1:focus i,.fusion-body .fusion-button.button-1:active .fusion-button-text,.fusion-body .fusion-button.button-1:active i{color:#a0ce4e;}.fusion-body .fusion-button.button-1:hover,.fusion-body .fusion-button.button-1:active,.fusion-body .fusion-button.button-1:focus{border-color:#a0ce4e;border-width:1px 1px 1px 1px;background:#dcf29b;}<\/style><a class=\"fusion-button button-flat button-xlarge button-custom button-1 fusion-button-default-span \" target=\"_self\" href=\"https:\/\/www.osteopatiamotec.com\/ca\/demanar-cita\/\"><span class=\"fusion-button-text\">DEMANA CITA<\/span><\/a><\/div><\/div><style type=\"text\/css\">.fusion-body .fusion-builder-column-2{width:100% !important;margin-top : 20px;margin-bottom : 20px;}.fusion-builder-column-2 > .fusion-column-wrapper {padding-top : 0px !important;padding-right : 0px !important;margin-right : 1.92%;padding-bottom : 0px !important;padding-left : 0px !important;margin-left : 1.92%;}@media only screen and (max-width:1200px) {.fusion-body .fusion-builder-column-2{width:100% !important;order : 0;}.fusion-builder-column-2 > .fusion-column-wrapper {margin-right : 1.92%;margin-left : 1.92%;}}@media only screen and (max-width:640px) {.fusion-body .fusion-builder-column-2{width:100% !important;order : 0;}.fusion-builder-column-2 > .fusion-column-wrapper {margin-right : 1.92%;margin-left : 1.92%;}}<\/style><\/div><\/div><style type=\"text\/css\">.fusion-body .fusion-flex-container.fusion-builder-row-2{ padding-top : 20px;margin-top : 0px;padding-right : 0px;padding-bottom : 20px;margin-bottom : 0px;padding-left : 0px;}<\/style><\/div><div class=\"fusion-fullwidth fullwidth-box fusion-builder-row-3 fusion-flex-container nonhundred-percent-fullwidth non-hundred-percent-height-scrolling\" style=\"background-color: rgba(255,255,255,0);background-position: left top;background-repeat: no-repeat;border-width: 0px 0px 0px 0px;border-color:#e8ebef;border-style:solid;\" ><div class=\"fusion-builder-row fusion-row fusion-flex-align-items-stretch\" style=\"max-width:1248px;margin-left: calc(-4% \/ 2 );margin-right: calc(-4% \/ 2 );\"><div class=\"fusion-layout-column fusion_builder_column fusion-builder-column-3 fusion_builder_column_1_1 1_1 fusion-flex-column\"><div class=\"fusion-column-wrapper fusion-flex-justify-content-flex-start fusion-content-layout-column\" style=\"background-position:left top;background-repeat:no-repeat;-webkit-background-size:cover;-moz-background-size:cover;-o-background-size:cover;background-size:cover;background-color:#f8f8f8;padding: 20px 0px 0px 0px;\"><div style=\"text-align:center;\"><span class=\" fusion-imageframe imageframe-none imageframe-2 hover-type-zoomin\" style=\"border-radius:12px;\"><a href=\"https:\/\/www.osteopatiamotec.com\/wp-content\/uploads\/osteopatia-pediatrica-1.jpeg\" class=\"fusion-lightbox\" data-rel=\"iLightbox[30ff7b65299eadde952]\" data-caption=\"osteopatia pediatrica 1\" data-title=\"osteopatia pediatrica 1\" title=\"osteopatia pediatrica 1\"><img loading=\"lazy\" decoding=\"async\" width=\"299\" height=\"168\" alt=\"osteopatia pediatrica 1\" src=\"https:\/\/www.osteopatiamotec.com\/wp-content\/uploads\/osteopatia-pediatrica-1.jpeg\" class=\"img-responsive wp-image-5232\" srcset=\"https:\/\/www.osteopatiamotec.com\/wp-content\/uploads\/osteopatia-pediatrica-1-200x112.jpeg 200w, https:\/\/www.osteopatiamotec.com\/wp-content\/uploads\/osteopatia-pediatrica-1.jpeg 299w\" sizes=\"auto, (max-width: 640px) 100vw, 299px\" \/><\/a><\/span><\/div><div class=\"fusion-text fusion-text-3\"><div style=\"padding: 25px;\">\n<h3><strong>Com \u00e9s una sessi\u00f3 d&#8217;osteopatia pediatre al Centre d&#8217;osteopatia Motec?<\/strong><\/h3>\n<p>Els casos de tinnitus o ac\u00fafens que rebem al Centre d&#8217;osteopatia MOTEC (Barcelona), solen ser per les causes seg\u00fcents:<\/p>\n<p>Al Centre d&#8217;osteopatia MOTEC el tractament del vostre nad\u00f3 ser\u00e0 \u00fanic i personalitzat. Despr\u00e9s de fer una anamnesi del motiu de consulta de l&#8217;embar\u00e0s i del part, comen\u00e7arem a treballar amb l&#8217;\u00fanic objectiu que el nen des de la primera sessi\u00f3 estigui m\u00e9s c\u00f2mode.<br \/>\nLes t\u00e8cniques que fem servir sempre s\u00f3n adequades i respectant el ritme de cada nen.<br \/>\nTreballarem l&#8217;esfera cranial, visceral, motora i \u00f2ssia des de la primera sessi\u00f3.<br \/>\nEmfatitzar que les t\u00e8cniques que usem s\u00f3n suaus, totalment indolores, respectant en tot moment l&#8217;anatomia i naturalesa del nad\u00f3.<\/p>\n<\/div>\n<\/div><\/div><style type=\"text\/css\">.fusion-body .fusion-builder-column-3{width:100% !important;margin-top : 20px;margin-bottom : 40px;}.fusion-builder-column-3 > .fusion-column-wrapper {padding-top : 20px !important;padding-right : 0px !important;margin-right : 1.92%;padding-bottom : 0px !important;padding-left : 0px !important;margin-left : 1.92%;}@media only screen and (max-width:1200px) {.fusion-body .fusion-builder-column-3{width:100% !important;}.fusion-builder-column-3 > .fusion-column-wrapper {margin-right : 1.92%;margin-left : 1.92%;}}@media only screen and (max-width:640px) {.fusion-body .fusion-builder-column-3{width:100% !important;}.fusion-builder-column-3 > .fusion-column-wrapper {margin-right : 1.92%;margin-left : 1.92%;}}<\/style><\/div><\/div><style type=\"text\/css\">.fusion-body .fusion-flex-container.fusion-builder-row-3{ padding-top : 20px;margin-top : 0px;padding-right : 0px;padding-bottom : 20px;margin-bottom : 0px;padding-left : 0px;}<\/style><\/div><div class=\"fusion-fullwidth fullwidth-box fusion-builder-row-4 fusion-flex-container nonhundred-percent-fullwidth non-hundred-percent-height-scrolling\" style=\"background-color: rgba(255,255,255,0);background-position: center center;background-repeat: no-repeat;border-width: 0px 0px 0px 0px;border-color:#e8ebef;border-style:solid;\" ><div class=\"fusion-builder-row fusion-row fusion-flex-align-items-flex-start\" style=\"max-width:1248px;margin-left: calc(-4% \/ 2 );margin-right: calc(-4% \/ 2 );\"><\/div><style type=\"text\/css\">.fusion-body .fusion-flex-container.fusion-builder-row-4{ padding-top : 0px;margin-top : 0px;padding-right : 0px;padding-bottom : 0px;margin-bottom : 0px;padding-left : 0px;}<\/style><\/div><\/p>\n","protected":false},"excerpt":{"rendered":"","protected":false},"author":1,"featured_media":0,"parent":0,"menu_order":0,"comment_status":"closed","ping_status":"closed","template":"","meta":{"footnotes":""},"class_list":["post-5227","page","type-page","status-publish","hentry"],"yoast_head":"<!-- This site is optimized with the Yoast SEO plugin v27.4 - https:\/\/yoast.com\/product\/yoast-seo-wordpress\/ -->\n<title>Osteopatia pedi\u00e0trica a Barcelona &#8211; Centro de Osteopat\u00eda en Barcelona - Motec<\/title>\n<meta name=\"description\" content=\"Al Centre d&#039;osteopatia MOTEC el tractament del vostre nad\u00f3 ser\u00e0 \u00fanic i personalitzat perqu\u00e8 el nad\u00f3 es trobe m\u00e9s c\u00f2mode.\" \/>\n<meta name=\"robots\" content=\"index, follow, max-snippet:-1, max-image-preview:large, max-video-preview:-1\" \/>\n<link rel=\"canonical\" href=\"https:\/\/www.osteopatiamotec.com\/ca\/osteopatia-pediatrica-a-barcelona\/\" \/>\n<meta property=\"og:locale\" content=\"ca_ES\" \/>\n<meta property=\"og:type\" content=\"article\" \/>\n<meta property=\"og:title\" content=\"Osteopatia pedi\u00e0trica a Barcelona &#8211; Centro de Osteopat\u00eda en Barcelona - Motec\" \/>\n<meta property=\"og:description\" content=\"Al Centre d&#039;osteopatia MOTEC el tractament del vostre nad\u00f3 ser\u00e0 \u00fanic i personalitzat perqu\u00e8 el nad\u00f3 es trobe m\u00e9s c\u00f2mode.\" \/>\n<meta property=\"og:url\" content=\"https:\/\/www.osteopatiamotec.com\/ca\/osteopatia-pediatrica-a-barcelona\/\" \/>\n<meta property=\"og:site_name\" content=\"Centro de Osteopat\u00eda en Barcelona - Motec\" \/>\n<meta property=\"article:publisher\" content=\"https:\/\/www.facebook.com\/osteopatiamotec\/\" \/>\n<meta property=\"article:modified_time\" content=\"2022-01-26T12:43:15+00:00\" \/>\n<meta property=\"og:image\" content=\"https:\/\/www.osteopatiamotec.com\/wp-content\/uploads\/osteopatiamotec-social.jpg\" \/>\n\t<meta property=\"og:image:width\" content=\"1200\" \/>\n\t<meta property=\"og:image:height\" content=\"800\" \/>\n\t<meta property=\"og:image:type\" content=\"image\/jpeg\" \/>\n<meta name=\"twitter:card\" content=\"summary_large_image\" \/>\n<meta name=\"twitter:site\" content=\"@motecosteopatia\" \/>\n<meta name=\"twitter:label1\" content=\"Est. reading time\" \/>\n\t<meta name=\"twitter:data1\" content=\"8 minutes\" \/>\n<script type=\"application\/ld+json\" class=\"yoast-schema-graph\">{\"@context\":\"https:\\\/\\\/schema.org\",\"@graph\":[{\"@type\":[\"WebPage\",\"MedicalWebPage\"],\"@id\":\"https:\\\/\\\/www.osteopatiamotec.com\\\/ca\\\/osteopatia-pediatrica-a-barcelona\\\/\",\"url\":\"https:\\\/\\\/www.osteopatiamotec.com\\\/ca\\\/osteopatia-pediatrica-a-barcelona\\\/\",\"name\":\"Osteopatia pedi\u00e0trica a Barcelona &#8211; Centro de Osteopat\u00eda en Barcelona - Motec\",\"isPartOf\":{\"@id\":\"https:\\\/\\\/www.osteopatiamotec.com\\\/ca\\\/#website\"},\"datePublished\":\"2018-09-18T17:11:04+00:00\",\"dateModified\":\"2022-01-26T12:43:15+00:00\",\"description\":\"Al Centre d'osteopatia MOTEC el tractament del vostre nad\u00f3 ser\u00e0 \u00fanic i personalitzat perqu\u00e8 el nad\u00f3 es trobe m\u00e9s c\u00f2mode.\",\"breadcrumb\":{\"@id\":\"https:\\\/\\\/www.osteopatiamotec.com\\\/ca\\\/osteopatia-pediatrica-a-barcelona\\\/#breadcrumb\"},\"inLanguage\":\"ca-ES\",\"potentialAction\":[{\"@type\":\"ReadAction\",\"target\":[\"https:\\\/\\\/www.osteopatiamotec.com\\\/ca\\\/osteopatia-pediatrica-a-barcelona\\\/\"]}]},{\"@type\":\"BreadcrumbList\",\"@id\":\"https:\\\/\\\/www.osteopatiamotec.com\\\/ca\\\/osteopatia-pediatrica-a-barcelona\\\/#breadcrumb\",\"itemListElement\":[{\"@type\":\"ListItem\",\"position\":1,\"name\":\"Home\",\"item\":\"https:\\\/\\\/www.osteopatiamotec.com\\\/ca\\\/\"},{\"@type\":\"ListItem\",\"position\":2,\"name\":\"Osteopatia pedi\u00e0trica a Barcelona\"}]},{\"@type\":\"WebSite\",\"@id\":\"https:\\\/\\\/www.osteopatiamotec.com\\\/ca\\\/#website\",\"url\":\"https:\\\/\\\/www.osteopatiamotec.com\\\/ca\\\/\",\"name\":\"Centro de Osteopat\u00eda en Barcelona - Motec\",\"description\":\"En el Centro de Osteopat\u00eda Motec de Barcelona (Medicina Osteop\u00e1tica y Terapia Cr\u00e1neo-Sacral) no tratamos s\u00f3lo enfermedades, sino que tratamos personas. Debido a nuestra continua formaci\u00f3n, integramos desde t\u00e9cnicas osteop\u00e1ticas cl\u00e1sicas a viscerales, craneales, membranosas, fasciales, somatoemocionales, pedi\u00e1tricas, craneosacrales, seguimiento del embarazo\u2026\",\"publisher\":{\"@id\":\"https:\\\/\\\/www.osteopatiamotec.com\\\/ca\\\/#organization\"},\"potentialAction\":[{\"@type\":\"SearchAction\",\"target\":{\"@type\":\"EntryPoint\",\"urlTemplate\":\"https:\\\/\\\/www.osteopatiamotec.com\\\/ca\\\/?s={search_term_string}\"},\"query-input\":{\"@type\":\"PropertyValueSpecification\",\"valueRequired\":true,\"valueName\":\"search_term_string\"}}],\"inLanguage\":\"ca-ES\"},{\"@type\":\"Organization\",\"@id\":\"https:\\\/\\\/www.osteopatiamotec.com\\\/ca\\\/#organization\",\"name\":\"Centro de Osteopat\u00eda Motec Barcelona\",\"url\":\"https:\\\/\\\/www.osteopatiamotec.com\\\/ca\\\/\",\"logo\":{\"@type\":\"ImageObject\",\"inLanguage\":\"ca-ES\",\"@id\":\"https:\\\/\\\/www.osteopatiamotec.com\\\/ca\\\/#\\\/schema\\\/logo\\\/image\\\/\",\"url\":\"https:\\\/\\\/www.osteopatiamotec.com\\\/wp-content\\\/uploads\\\/osteopatiamotec-social.jpg\",\"contentUrl\":\"https:\\\/\\\/www.osteopatiamotec.com\\\/wp-content\\\/uploads\\\/osteopatiamotec-social.jpg\",\"width\":1200,\"height\":800,\"caption\":\"Centro de Osteopat\u00eda Motec Barcelona\"},\"image\":{\"@id\":\"https:\\\/\\\/www.osteopatiamotec.com\\\/ca\\\/#\\\/schema\\\/logo\\\/image\\\/\"},\"sameAs\":[\"https:\\\/\\\/www.facebook.com\\\/osteopatiamotec\\\/\",\"https:\\\/\\\/x.com\\\/motecosteopatia\",\"https:\\\/\\\/www.instagram.com\\\/osteopatiamotec\\\/\",\"https:\\\/\\\/www.youtube.com\\\/channel\\\/UCiJMpuIx-plYD-Y3Y9Pod6A\"]}]}<\/script>\n<!-- \/ Yoast SEO plugin. -->","yoast_head_json":{"title":"Osteopatia pedi\u00e0trica a Barcelona &#8211; Centro de Osteopat\u00eda en Barcelona - Motec","description":"Al Centre d'osteopatia MOTEC el tractament del vostre nad\u00f3 ser\u00e0 \u00fanic i personalitzat perqu\u00e8 el nad\u00f3 es trobe m\u00e9s c\u00f2mode.","robots":{"index":"index","follow":"follow","max-snippet":"max-snippet:-1","max-image-preview":"max-image-preview:large","max-video-preview":"max-video-preview:-1"},"canonical":"https:\/\/www.osteopatiamotec.com\/ca\/osteopatia-pediatrica-a-barcelona\/","og_locale":"ca_ES","og_type":"article","og_title":"Osteopatia pedi\u00e0trica a Barcelona &#8211; Centro de Osteopat\u00eda en Barcelona - Motec","og_description":"Al Centre d'osteopatia MOTEC el tractament del vostre nad\u00f3 ser\u00e0 \u00fanic i personalitzat perqu\u00e8 el nad\u00f3 es trobe m\u00e9s c\u00f2mode.","og_url":"https:\/\/www.osteopatiamotec.com\/ca\/osteopatia-pediatrica-a-barcelona\/","og_site_name":"Centro de Osteopat\u00eda en Barcelona - Motec","article_publisher":"https:\/\/www.facebook.com\/osteopatiamotec\/","article_modified_time":"2022-01-26T12:43:15+00:00","og_image":[{"width":1200,"height":800,"url":"https:\/\/www.osteopatiamotec.com\/wp-content\/uploads\/osteopatiamotec-social.jpg","type":"image\/jpeg"}],"twitter_card":"summary_large_image","twitter_site":"@motecosteopatia","twitter_misc":{"Est. reading time":"8 minutes"},"schema":{"@context":"https:\/\/schema.org","@graph":[{"@type":["WebPage","MedicalWebPage"],"@id":"https:\/\/www.osteopatiamotec.com\/ca\/osteopatia-pediatrica-a-barcelona\/","url":"https:\/\/www.osteopatiamotec.com\/ca\/osteopatia-pediatrica-a-barcelona\/","name":"Osteopatia pedi\u00e0trica a Barcelona &#8211; Centro de Osteopat\u00eda en Barcelona - Motec","isPartOf":{"@id":"https:\/\/www.osteopatiamotec.com\/ca\/#website"},"datePublished":"2018-09-18T17:11:04+00:00","dateModified":"2022-01-26T12:43:15+00:00","description":"Al Centre d'osteopatia MOTEC el tractament del vostre nad\u00f3 ser\u00e0 \u00fanic i personalitzat perqu\u00e8 el nad\u00f3 es trobe m\u00e9s c\u00f2mode.","breadcrumb":{"@id":"https:\/\/www.osteopatiamotec.com\/ca\/osteopatia-pediatrica-a-barcelona\/#breadcrumb"},"inLanguage":"ca-ES","potentialAction":[{"@type":"ReadAction","target":["https:\/\/www.osteopatiamotec.com\/ca\/osteopatia-pediatrica-a-barcelona\/"]}]},{"@type":"BreadcrumbList","@id":"https:\/\/www.osteopatiamotec.com\/ca\/osteopatia-pediatrica-a-barcelona\/#breadcrumb","itemListElement":[{"@type":"ListItem","position":1,"name":"Home","item":"https:\/\/www.osteopatiamotec.com\/ca\/"},{"@type":"ListItem","position":2,"name":"Osteopatia pedi\u00e0trica a Barcelona"}]},{"@type":"WebSite","@id":"https:\/\/www.osteopatiamotec.com\/ca\/#website","url":"https:\/\/www.osteopatiamotec.com\/ca\/","name":"Centro de Osteopat\u00eda en Barcelona - Motec","description":"En el Centro de Osteopat\u00eda Motec de Barcelona (Medicina Osteop\u00e1tica y Terapia Cr\u00e1neo-Sacral) no tratamos s\u00f3lo enfermedades, sino que tratamos personas. Debido a nuestra continua formaci\u00f3n, integramos desde t\u00e9cnicas osteop\u00e1ticas cl\u00e1sicas a viscerales, craneales, membranosas, fasciales, somatoemocionales, pedi\u00e1tricas, craneosacrales, seguimiento del embarazo\u2026","publisher":{"@id":"https:\/\/www.osteopatiamotec.com\/ca\/#organization"},"potentialAction":[{"@type":"SearchAction","target":{"@type":"EntryPoint","urlTemplate":"https:\/\/www.osteopatiamotec.com\/ca\/?s={search_term_string}"},"query-input":{"@type":"PropertyValueSpecification","valueRequired":true,"valueName":"search_term_string"}}],"inLanguage":"ca-ES"},{"@type":"Organization","@id":"https:\/\/www.osteopatiamotec.com\/ca\/#organization","name":"Centro de Osteopat\u00eda Motec Barcelona","url":"https:\/\/www.osteopatiamotec.com\/ca\/","logo":{"@type":"ImageObject","inLanguage":"ca-ES","@id":"https:\/\/www.osteopatiamotec.com\/ca\/#\/schema\/logo\/image\/","url":"https:\/\/www.osteopatiamotec.com\/wp-content\/uploads\/osteopatiamotec-social.jpg","contentUrl":"https:\/\/www.osteopatiamotec.com\/wp-content\/uploads\/osteopatiamotec-social.jpg","width":1200,"height":800,"caption":"Centro de Osteopat\u00eda Motec Barcelona"},"image":{"@id":"https:\/\/www.osteopatiamotec.com\/ca\/#\/schema\/logo\/image\/"},"sameAs":["https:\/\/www.facebook.com\/osteopatiamotec\/","https:\/\/x.com\/motecosteopatia","https:\/\/www.instagram.com\/osteopatiamotec\/","https:\/\/www.youtube.com\/channel\/UCiJMpuIx-plYD-Y3Y9Pod6A"]}]}},"_links":{"self":[{"href":"https:\/\/www.osteopatiamotec.com\/ca\/wp-json\/wp\/v2\/pages\/5227","targetHints":{"allow":["GET"]}}],"collection":[{"href":"https:\/\/www.osteopatiamotec.com\/ca\/wp-json\/wp\/v2\/pages"}],"about":[{"href":"https:\/\/www.osteopatiamotec.com\/ca\/wp-json\/wp\/v2\/types\/page"}],"author":[{"embeddable":true,"href":"https:\/\/www.osteopatiamotec.com\/ca\/wp-json\/wp\/v2\/users\/1"}],"replies":[{"embeddable":true,"href":"https:\/\/www.osteopatiamotec.com\/ca\/wp-json\/wp\/v2\/comments?post=5227"}],"version-history":[{"count":0,"href":"https:\/\/www.osteopatiamotec.com\/ca\/wp-json\/wp\/v2\/pages\/5227\/revisions"}],"wp:attachment":[{"href":"https:\/\/www.osteopatiamotec.com\/ca\/wp-json\/wp\/v2\/media?parent=5227"}],"curies":[{"name":"wp","href":"https:\/\/api.w.org\/{rel}","templated":true}]}}