{"id":5397,"date":"2018-09-23T16:47:00","date_gmt":"2018-09-23T16:47:00","guid":{"rendered":"https:\/\/www.osteopatiamotec.com\/osteopatia-en-ciaticas-barcelona\/"},"modified":"2022-01-26T15:41:32","modified_gmt":"2022-01-26T14:41:32","slug":"osteopatia-ciatica-barcelona","status":"publish","type":"page","link":"https:\/\/www.osteopatiamotec.com\/ca\/osteopatia-ciatica-barcelona\/","title":{"rendered":"Osteopatia en ci\u00e0tiques i crur\u00e0lgies"},"content":{"rendered":"<p><div class=\"fusion-fullwidth fullwidth-box fusion-builder-row-1 fusion-flex-container nonhundred-percent-fullwidth non-hundred-percent-height-scrolling\" style=\"background-color: rgba(255,255,255,0);background-position: center center;background-repeat: no-repeat;border-width: 0px 0px 0px 0px;border-color:#e8ebef;border-style:solid;\" ><div class=\"fusion-builder-row fusion-row fusion-flex-align-items-flex-start\" style=\"max-width:1248px;margin-left: calc(-4% \/ 2 );margin-right: calc(-4% \/ 2 );\"><div class=\"fusion-layout-column fusion_builder_column fusion-builder-column-0 fusion_builder_column_1_1 1_1 fusion-flex-column\"><div class=\"fusion-column-wrapper fusion-flex-justify-content-flex-start fusion-content-layout-column\" style=\"background-position:left top;background-repeat:no-repeat;-webkit-background-size:cover;-moz-background-size:cover;-o-background-size:cover;background-size:cover;padding: 0px 0px 0px 0px;\"><div ><span class=\" fusion-imageframe imageframe-none imageframe-1 hover-type-none\" style=\"border-radius:12px;\"><img loading=\"lazy\" decoding=\"async\" width=\"800\" height=\"544\" alt=\"ciatica 2\" title=\"ciatica 2\" src=\"https:\/\/www.osteopatiamotec.com\/wp-content\/uploads\/ciatica-2.jpg\" class=\"img-responsive wp-image-5277\" srcset=\"https:\/\/www.osteopatiamotec.com\/wp-content\/uploads\/ciatica-2-200x136.jpg 200w, https:\/\/www.osteopatiamotec.com\/wp-content\/uploads\/ciatica-2-400x272.jpg 400w, https:\/\/www.osteopatiamotec.com\/wp-content\/uploads\/ciatica-2-600x408.jpg 600w, https:\/\/www.osteopatiamotec.com\/wp-content\/uploads\/ciatica-2.jpg 800w\" sizes=\"auto, (max-width: 640px) 100vw, 800px\" \/><\/span><\/div><\/div><style type=\"text\/css\">.fusion-body .fusion-builder-column-0{width:100% !important;margin-top : 20px;margin-bottom : 20px;}.fusion-builder-column-0 > .fusion-column-wrapper {padding-top : 0px !important;padding-right : 0px !important;margin-right : 1.92%;padding-bottom : 0px !important;padding-left : 0px !important;margin-left : 1.92%;}@media only screen and (max-width:1200px) {.fusion-body .fusion-builder-column-0{width:100% !important;}.fusion-builder-column-0 > .fusion-column-wrapper {margin-right : 1.92%;margin-left : 1.92%;}}@media only screen and (max-width:640px) {.fusion-body .fusion-builder-column-0{width:100% !important;}.fusion-builder-column-0 > .fusion-column-wrapper {margin-right : 1.92%;margin-left : 1.92%;}}<\/style><\/div><\/div><style type=\"text\/css\">.fusion-body .fusion-flex-container.fusion-builder-row-1{ padding-top : 0px;margin-top : 0px;padding-right : 0px;padding-bottom : 0px;margin-bottom : 0px;padding-left : 0px;}<\/style><\/div><div class=\"fusion-fullwidth fullwidth-box fusion-builder-row-2 fusion-flex-container nonhundred-percent-fullwidth non-hundred-percent-height-scrolling\" style=\"background-color: rgba(255,255,255,0);background-position: left top;background-repeat: no-repeat;border-width: 0px 0px 0px 0px;border-color:#e8ebef;border-style:solid;\" ><div class=\"fusion-builder-row fusion-row fusion-flex-align-items-flex-start\" style=\"max-width:1248px;margin-left: calc(-4% \/ 2 );margin-right: calc(-4% \/ 2 );\"><div class=\"fusion-layout-column fusion_builder_column fusion-builder-column-1 fusion_builder_column_1_1 1_1 fusion-flex-column\"><div class=\"fusion-column-wrapper fusion-flex-justify-content-flex-start fusion-content-layout-column\" style=\"background-position:left top;background-repeat:no-repeat;-webkit-background-size:cover;-moz-background-size:cover;-o-background-size:cover;background-size:cover;padding: 0px 0px 0px 0px;\"><div class=\"fusion-text fusion-text-1\"><h3><strong>Quins s\u00edmptomes tracta l&#8217;osteopatia en cas de ci\u00e0tiques i crur\u00e0lgies?<\/strong><\/h3>\n<ul>\n<li>Dolor lumbar i sacre.<\/li>\n<li>Dolor zona gl\u00fatia.<\/li>\n<li>Mol\u00e8sties zona inguinal i territori del m\u00fascul psoes.<\/li>\n<li>Sindrome del Piramidal.<\/li>\n<li>Projecci\u00f3 dolor recorregut nervi ci\u00e0tic (cara post cama, genoll, peu).<\/li>\n<li>Projecci\u00f3 dolor recorregut nervi crural (part anterior cama, cara anterior t\u00e8bia).<\/li>\n<\/ul>\n<\/div><div class=\"fusion-separator\" style=\"align-self: flex-start;margin-right:auto;margin-top:0px;margin-bottom:35px;width:100%;max-width:170px;\"><div class=\"fusion-separator-border sep-single sep-solid\" style=\"border-color:#e2e3e8;border-top-width:3px;\"><\/div><\/div><\/div><style type=\"text\/css\">.fusion-body .fusion-builder-column-1{width:100% !important;margin-top : 20px;margin-bottom : 20px;}.fusion-builder-column-1 > .fusion-column-wrapper {padding-top : 0px !important;padding-right : 0px !important;margin-right : 1.92%;padding-bottom : 0px !important;padding-left : 0px !important;margin-left : 1.92%;}@media only screen and (max-width:1200px) {.fusion-body .fusion-builder-column-1{width:100% !important;}.fusion-builder-column-1 > .fusion-column-wrapper {margin-right : 1.92%;margin-left : 1.92%;}}@media only screen and (max-width:640px) {.fusion-body .fusion-builder-column-1{width:100% !important;}.fusion-builder-column-1 > .fusion-column-wrapper {margin-right : 1.92%;margin-left : 1.92%;}}<\/style><\/div><\/div><style type=\"text\/css\">.fusion-body .fusion-flex-container.fusion-builder-row-2{ padding-top : 0px;margin-top : -20;padding-right : 0px;padding-bottom : 20px;margin-bottom : 0px;padding-left : 0px;}<\/style><\/div><div class=\"fusion-fullwidth fullwidth-box fusion-builder-row-3 fusion-flex-container nonhundred-percent-fullwidth non-hundred-percent-height-scrolling\" style=\"background-color: #e7e6da;background-position: left top;background-repeat: no-repeat;border-width: 0px 0px 0px 0px;border-color:#e8ebef;border-style:solid;\" ><div class=\"fusion-builder-row fusion-row fusion-flex-align-items-flex-start\" style=\"max-width:1248px;margin-left: calc(-4% \/ 2 );margin-right: calc(-4% \/ 2 );\"><div class=\"fusion-layout-column fusion_builder_column fusion-builder-column-2 fusion_builder_column_1_1 1_1 fusion-flex-column\"><div class=\"fusion-column-wrapper fusion-flex-justify-content-flex-start fusion-content-layout-column\" style=\"background-position:left top;background-repeat:no-repeat;-webkit-background-size:cover;-moz-background-size:cover;-o-background-size:cover;background-size:cover;background-color:#e7e6da;padding: 0px 0px 0px 0px;\"><div class=\"fusion-separator fusion-full-width-sep\" style=\"align-self: center;margin-left: auto;margin-right: auto;margin-top:-20px;width:100%;\"><\/div><div class=\"fusion-text fusion-text-2\"><div style=\"padding: 25px;\">\n<h3><strong>Quin \u00e9s l&#8217;origen de les ci\u00e0tiques o crur\u00e0lgies?<\/strong><\/h3>\n<ul>\n<li>Problemes discals (protusions, bombament, h\u00e8rnies&#8230;).<\/li>\n<li>Descompensaci\u00f3 p\u00e8lvica.<\/li>\n<li>Suport podal desequilibrat.<\/li>\n<li>Cama curta anat\u00f2mica o falsa cama curta.<\/li>\n<li>Antics esquin\u00e7os.<\/li>\n<li>Hipertonia psoes.<\/li>\n<li>Antigues cicatrius viscerals (ces\u00e0ries, apendiciotomia, histerectomia&#8230;).<\/li>\n<li>Problemes digestius (c\u00f2lon irritable, restrenyiment&#8230;).<\/li>\n<li>Bruxisme.<\/li>\n<li>Postures mantingudes.<\/li>\n<li>Esfor\u00e7os.<\/li>\n<li>Accidents.<\/li>\n<li>\u00das de cal\u00e7at inadequat.<\/li>\n<li>Embar\u00e0s.<\/li>\n<\/ul>\n<\/div>\n<\/div><div class=\"fusion-separator fusion-full-width-sep\" style=\"align-self: center;margin-left: auto;margin-right: auto;margin-top:10px;margin-bottom:10px;width:100%;\"><\/div><div style=\"text-align:center;\"><style>.fusion-body .fusion-button.button-1{border-color:#a0ce4e;border-width:1px 1px 1px 1px;border-radius:20px 20px 20px 20px;background:#ffffff;}.fusion-body .fusion-button.button-1 .fusion-button-text,.fusion-body .fusion-button.button-1 i,.fusion-body .fusion-button.button-1:hover .fusion-button-text,.fusion-body .fusion-button.button-1:hover i,.fusion-body .fusion-button.button-1:focus .fusion-button-text,.fusion-body .fusion-button.button-1:focus i,.fusion-body .fusion-button.button-1:active .fusion-button-text,.fusion-body .fusion-button.button-1:active i{color:#a0ce4e;}.fusion-body .fusion-button.button-1:hover,.fusion-body .fusion-button.button-1:active,.fusion-body .fusion-button.button-1:focus{border-color:#a0ce4e;border-width:1px 1px 1px 1px;background:#dcf29b;}<\/style><a class=\"fusion-button button-flat button-xlarge button-custom button-1 fusion-button-default-span \" target=\"_self\" href=\"https:\/\/www.osteopatiamotec.com\/ca\/demanar-cita\/\"><span class=\"fusion-button-text\">DEMANA CITA<\/span><\/a><\/div><\/div><style type=\"text\/css\">.fusion-body .fusion-builder-column-2{width:100% !important;margin-top : 20px;margin-bottom : 20px;}.fusion-builder-column-2 > .fusion-column-wrapper {padding-top : 0px !important;padding-right : 0px !important;margin-right : 1.92%;padding-bottom : 0px !important;padding-left : 0px !important;margin-left : 1.92%;}@media only screen and (max-width:1200px) {.fusion-body .fusion-builder-column-2{width:100% !important;}.fusion-builder-column-2 > .fusion-column-wrapper {margin-right : 1.92%;margin-left : 1.92%;}}@media only screen and (max-width:640px) {.fusion-body .fusion-builder-column-2{width:100% !important;}.fusion-builder-column-2 > .fusion-column-wrapper {margin-right : 1.92%;margin-left : 1.92%;}}<\/style><\/div><\/div><style type=\"text\/css\">.fusion-body .fusion-flex-container.fusion-builder-row-3{ padding-top : 20px;margin-top : 0px;padding-right : 0px;padding-bottom : 20px;margin-bottom : 0px;padding-left : 0px;}<\/style><\/div><div class=\"fusion-fullwidth fullwidth-box fusion-builder-row-4 fusion-flex-container nonhundred-percent-fullwidth non-hundred-percent-height-scrolling\" style=\"background-color: rgba(255,255,255,0);background-position: left top;background-repeat: no-repeat;border-width: 0px 0px 0px 0px;border-color:#e8ebef;border-style:solid;\" ><div class=\"fusion-builder-row fusion-row fusion-flex-align-items-stretch\" style=\"max-width:1248px;margin-left: calc(-4% \/ 2 );margin-right: calc(-4% \/ 2 );\"><div class=\"fusion-layout-column fusion_builder_column fusion-builder-column-3 fusion_builder_column_3_5 3_5 fusion-flex-column\"><div class=\"fusion-column-wrapper fusion-flex-justify-content-flex-start fusion-content-layout-column\" style=\"background-position:left top;background-repeat:no-repeat;-webkit-background-size:cover;-moz-background-size:cover;-o-background-size:cover;background-size:cover;background-color:#f8f8f8;padding: 0px 20px 0px 20px;\"><div style=\"text-align:center;\"><span class=\" fusion-imageframe imageframe-none imageframe-2 hover-type-zoomin\" style=\"border-radius:12px;\"><a href=\"https:\/\/www.osteopatiamotec.com\/wp-content\/uploads\/ciatica-1.jpeg\" class=\"fusion-lightbox\" data-rel=\"iLightbox[690869676f2ca89e26b]\" data-caption=\"ciatica 1\" data-title=\"ciatica 1\" title=\"ciatica 1\"><img loading=\"lazy\" decoding=\"async\" width=\"273\" height=\"185\" alt=\"ciatica 1\" src=\"https:\/\/www.osteopatiamotec.com\/wp-content\/uploads\/ciatica-1.jpeg\" class=\"img-responsive wp-image-5280\" srcset=\"https:\/\/www.osteopatiamotec.com\/wp-content\/uploads\/ciatica-1-200x136.jpeg 200w, https:\/\/www.osteopatiamotec.com\/wp-content\/uploads\/ciatica-1.jpeg 273w\" sizes=\"auto, (max-width: 640px) 100vw, 273px\" \/><\/a><\/span><\/div><div class=\"fusion-text fusion-text-3\"><h3><strong>Quin \u00e9s l&#8217;enfocament de tractament al Centre d&#8217;osteopatia Motec?<\/strong><\/h3>\n<p>Al Centre d&#8217;osteopatia Motec la nostra premissa \u00e9s el tractament individualitzat i \u00fanic.<br \/>\nValorem des del moment que la persona entri a consulta, totes les proves complement\u00e0ries de diagn\u00f2stic, ajudant-nos a realitzar una anamnesi m\u00e9s exhaustiva.<br \/>\nRealitzarem m\u00faltiples test ortop\u00e8dics i posturals previ i post al tractament a cada sessi\u00f3.<br \/>\nAquests tests ens ajudaran en el diagn\u00f2stic, de manera que comporta una major efectivitat en les t\u00e8cniques escollides.<\/p>\n<\/div><\/div><style type=\"text\/css\">.fusion-body .fusion-builder-column-3{width:60% !important;margin-top : 20px;margin-bottom : 40px;}.fusion-builder-column-3 > .fusion-column-wrapper {padding-top : 0px !important;padding-right : 20px !important;margin-right : 3.84%;padding-bottom : 0px !important;padding-left : 20px !important;margin-left : 3.2%;}@media only screen and (max-width:1200px) {.fusion-body .fusion-builder-column-3{width:60% !important;}.fusion-builder-column-3 > .fusion-column-wrapper {margin-right : 3.84%;margin-left : 3.2%;}}@media only screen and (max-width:640px) {.fusion-body .fusion-builder-column-3{width:100% !important;}.fusion-builder-column-3 > .fusion-column-wrapper {margin-right : 1.92%;margin-left : 1.92%;}}<\/style><\/div><div class=\"fusion-layout-column fusion_builder_column fusion-builder-column-4 fusion_builder_column_2_5 2_5 fusion-flex-column\"><div class=\"fusion-column-wrapper fusion-flex-justify-content-flex-start fusion-content-layout-column\" style=\"background-position:left top;background-repeat:no-repeat;-webkit-background-size:cover;-moz-background-size:cover;-o-background-size:cover;background-size:cover;background-color:#f8f8f8;padding: 0px 20px 0px 20px;\"><div style=\"text-align:center;\"><span class=\" fusion-imageframe imageframe-none imageframe-3 hover-type-zoomin\" style=\"border-radius:12px;\"><a href=\"https:\/\/www.osteopatiamotec.com\/wp-content\/uploads\/ciaticas-3.jpeg\" class=\"fusion-lightbox\" data-rel=\"iLightbox[bf83a11f7ff18bd57df]\" data-caption=\"ciaticas 3\" data-title=\"ciaticas 3\" title=\"ciaticas 3\"><img loading=\"lazy\" decoding=\"async\" width=\"225\" height=\"225\" alt=\"ciaticas 3\" src=\"https:\/\/www.osteopatiamotec.com\/wp-content\/uploads\/ciaticas-3.jpeg\" class=\"img-responsive wp-image-5283\" srcset=\"https:\/\/www.osteopatiamotec.com\/wp-content\/uploads\/ciaticas-3-200x200.jpeg 200w, https:\/\/www.osteopatiamotec.com\/wp-content\/uploads\/ciaticas-3.jpeg 225w\" sizes=\"auto, (max-width: 640px) 100vw, 225px\" \/><\/a><\/span><\/div><div class=\"fusion-text fusion-text-4\"><p>Des de la primera sessi\u00f3 treballarem de manera global ajudant en tot moment a tornar una mobilitat correcta a les estructures que per diversos motius estan alterades.<br \/>\nPer aix\u00f2 farem servir t\u00e8cniques viscerals, arteri venoses, estructurals, fascials, cranials o membranoses.<br \/>\nEl nostre objectiu \u00e9s el nostre pacient senti una millora substancial des del primer dia de tractament.<br \/>\nD&#8217;una manera complement\u00e0ria ensenyem exercicis, conceptes ergon\u00f2mics i consells per millorar la qualitat de vida.<\/p>\n<\/div><\/div><style type=\"text\/css\">.fusion-body .fusion-builder-column-4{width:40% !important;margin-top : 20px;margin-bottom : 40px;}.fusion-builder-column-4 > .fusion-column-wrapper {padding-top : 0px !important;padding-right : 20px !important;margin-right : 4.8%;padding-bottom : 0px !important;padding-left : 20px !important;margin-left : 3.84%;}@media only screen and (max-width:1200px) {.fusion-body .fusion-builder-column-4{width:40% !important;}.fusion-builder-column-4 > .fusion-column-wrapper {margin-right : 4.8%;margin-left : 3.84%;}}@media only screen and (max-width:640px) {.fusion-body .fusion-builder-column-4{width:100% !important;}.fusion-builder-column-4 > .fusion-column-wrapper {margin-right : 1.92%;margin-left : 1.92%;}}<\/style><\/div><\/div><style type=\"text\/css\">.fusion-body .fusion-flex-container.fusion-builder-row-4{ padding-top : 20px;margin-top : 0px;padding-right : 0px;padding-bottom : 20px;margin-bottom : 0px;padding-left : 0px;}<\/style><\/div><div class=\"fusion-fullwidth fullwidth-box fusion-builder-row-5 fusion-flex-container nonhundred-percent-fullwidth non-hundred-percent-height-scrolling\" style=\"background-color: rgba(255,255,255,0);background-position: center center;background-repeat: no-repeat;border-width: 0px 0px 0px 0px;border-color:#e8ebef;border-style:solid;\" ><div class=\"fusion-builder-row fusion-row fusion-flex-align-items-flex-start\" style=\"max-width:1248px;margin-left: calc(-4% \/ 2 );margin-right: calc(-4% \/ 2 );\"><\/div><style type=\"text\/css\">.fusion-body .fusion-flex-container.fusion-builder-row-5{ padding-top : 0px;margin-top : 0px;padding-right : 0px;padding-bottom : 0px;margin-bottom : 0px;padding-left : 0px;}<\/style><\/div><\/p>\n","protected":false},"excerpt":{"rendered":"","protected":false},"author":1,"featured_media":0,"parent":0,"menu_order":0,"comment_status":"closed","ping_status":"closed","template":"","meta":{"footnotes":""},"class_list":["post-5397","page","type-page","status-publish","hentry"],"yoast_head":"<!-- This site is optimized with the Yoast SEO plugin v27.2 - https:\/\/yoast.com\/product\/yoast-seo-wordpress\/ -->\n<title>Osteopatia en ci\u00e0tiques i crur\u00e0lgies &#8211; Centro de Osteopat\u00eda en Barcelona - Motec<\/title>\n<meta name=\"description\" content=\"Des de la primera sessi\u00f3 treballarem de manera global per atenuar el dolor del pacient i recuperar la mobilitat.\" \/>\n<meta name=\"robots\" content=\"index, follow, max-snippet:-1, max-image-preview:large, max-video-preview:-1\" \/>\n<link rel=\"canonical\" href=\"https:\/\/www.osteopatiamotec.com\/ca\/osteopatia-ciatica-barcelona\/\" \/>\n<meta property=\"og:locale\" content=\"ca_ES\" \/>\n<meta property=\"og:type\" content=\"article\" \/>\n<meta property=\"og:title\" content=\"Osteopatia en ci\u00e0tiques i crur\u00e0lgies &#8211; Centro de Osteopat\u00eda en Barcelona - Motec\" \/>\n<meta property=\"og:description\" content=\"Des de la primera sessi\u00f3 treballarem de manera global per atenuar el dolor del pacient i recuperar la mobilitat.\" \/>\n<meta property=\"og:url\" content=\"https:\/\/www.osteopatiamotec.com\/ca\/osteopatia-ciatica-barcelona\/\" \/>\n<meta property=\"og:site_name\" content=\"Centro de Osteopat\u00eda en Barcelona - Motec\" \/>\n<meta property=\"article:publisher\" content=\"https:\/\/www.facebook.com\/osteopatiamotec\/\" \/>\n<meta property=\"article:modified_time\" content=\"2022-01-26T14:41:32+00:00\" \/>\n<meta property=\"og:image\" content=\"https:\/\/www.osteopatiamotec.com\/wp-content\/uploads\/osteopatiamotec-social.jpg\" \/>\n\t<meta property=\"og:image:width\" content=\"1200\" \/>\n\t<meta property=\"og:image:height\" content=\"800\" \/>\n\t<meta property=\"og:image:type\" content=\"image\/jpeg\" \/>\n<meta name=\"twitter:card\" content=\"summary_large_image\" \/>\n<meta name=\"twitter:site\" content=\"@motecosteopatia\" \/>\n<meta name=\"twitter:label1\" content=\"Est. reading time\" \/>\n\t<meta name=\"twitter:data1\" content=\"9 minutes\" \/>\n<script type=\"application\/ld+json\" class=\"yoast-schema-graph\">{\"@context\":\"https:\/\/schema.org\",\"@graph\":[{\"@type\":[\"WebPage\",\"MedicalWebPage\"],\"@id\":\"https:\/\/www.osteopatiamotec.com\/ca\/osteopatia-ciatica-barcelona\/\",\"url\":\"https:\/\/www.osteopatiamotec.com\/ca\/osteopatia-ciatica-barcelona\/\",\"name\":\"Osteopatia en ci\u00e0tiques i crur\u00e0lgies &#8211; Centro de Osteopat\u00eda en Barcelona - Motec\",\"isPartOf\":{\"@id\":\"https:\/\/www.osteopatiamotec.com\/ca\/#website\"},\"datePublished\":\"2018-09-23T16:47:00+00:00\",\"dateModified\":\"2022-01-26T14:41:32+00:00\",\"description\":\"Des de la primera sessi\u00f3 treballarem de manera global per atenuar el dolor del pacient i recuperar la mobilitat.\",\"breadcrumb\":{\"@id\":\"https:\/\/www.osteopatiamotec.com\/ca\/osteopatia-ciatica-barcelona\/#breadcrumb\"},\"inLanguage\":\"ca-ES\",\"potentialAction\":[{\"@type\":\"ReadAction\",\"target\":[\"https:\/\/www.osteopatiamotec.com\/ca\/osteopatia-ciatica-barcelona\/\"]}]},{\"@type\":\"BreadcrumbList\",\"@id\":\"https:\/\/www.osteopatiamotec.com\/ca\/osteopatia-ciatica-barcelona\/#breadcrumb\",\"itemListElement\":[{\"@type\":\"ListItem\",\"position\":1,\"name\":\"Home\",\"item\":\"https:\/\/www.osteopatiamotec.com\/ca\/\"},{\"@type\":\"ListItem\",\"position\":2,\"name\":\"Osteopatia en ci\u00e0tiques i crur\u00e0lgies\"}]},{\"@type\":\"WebSite\",\"@id\":\"https:\/\/www.osteopatiamotec.com\/ca\/#website\",\"url\":\"https:\/\/www.osteopatiamotec.com\/ca\/\",\"name\":\"Centro de Osteopat\u00eda en Barcelona - Motec\",\"description\":\"En el Centro de Osteopat\u00eda Motec de Barcelona (Medicina Osteop\u00e1tica y Terapia Cr\u00e1neo-Sacral) no tratamos s\u00f3lo enfermedades, sino que tratamos personas. Debido a nuestra continua formaci\u00f3n, integramos desde t\u00e9cnicas osteop\u00e1ticas cl\u00e1sicas a viscerales, craneales, membranosas, fasciales, somatoemocionales, pedi\u00e1tricas, craneosacrales, seguimiento del embarazo\u2026\",\"publisher\":{\"@id\":\"https:\/\/www.osteopatiamotec.com\/ca\/#organization\"},\"potentialAction\":[{\"@type\":\"SearchAction\",\"target\":{\"@type\":\"EntryPoint\",\"urlTemplate\":\"https:\/\/www.osteopatiamotec.com\/ca\/?s={search_term_string}\"},\"query-input\":{\"@type\":\"PropertyValueSpecification\",\"valueRequired\":true,\"valueName\":\"search_term_string\"}}],\"inLanguage\":\"ca-ES\"},{\"@type\":\"Organization\",\"@id\":\"https:\/\/www.osteopatiamotec.com\/ca\/#organization\",\"name\":\"Centro de Osteopat\u00eda Motec Barcelona\",\"url\":\"https:\/\/www.osteopatiamotec.com\/ca\/\",\"logo\":{\"@type\":\"ImageObject\",\"inLanguage\":\"ca-ES\",\"@id\":\"https:\/\/www.osteopatiamotec.com\/ca\/#\/schema\/logo\/image\/\",\"url\":\"https:\/\/www.osteopatiamotec.com\/wp-content\/uploads\/osteopatiamotec-social.jpg\",\"contentUrl\":\"https:\/\/www.osteopatiamotec.com\/wp-content\/uploads\/osteopatiamotec-social.jpg\",\"width\":1200,\"height\":800,\"caption\":\"Centro de Osteopat\u00eda Motec Barcelona\"},\"image\":{\"@id\":\"https:\/\/www.osteopatiamotec.com\/ca\/#\/schema\/logo\/image\/\"},\"sameAs\":[\"https:\/\/www.facebook.com\/osteopatiamotec\/\",\"https:\/\/x.com\/motecosteopatia\",\"https:\/\/www.instagram.com\/osteopatiamotec\/\",\"https:\/\/www.youtube.com\/channel\/UCiJMpuIx-plYD-Y3Y9Pod6A\"]}]}<\/script>\n<!-- \/ Yoast SEO plugin. -->","yoast_head_json":{"title":"Osteopatia en ci\u00e0tiques i crur\u00e0lgies &#8211; Centro de Osteopat\u00eda en Barcelona - Motec","description":"Des de la primera sessi\u00f3 treballarem de manera global per atenuar el dolor del pacient i recuperar la mobilitat.","robots":{"index":"index","follow":"follow","max-snippet":"max-snippet:-1","max-image-preview":"max-image-preview:large","max-video-preview":"max-video-preview:-1"},"canonical":"https:\/\/www.osteopatiamotec.com\/ca\/osteopatia-ciatica-barcelona\/","og_locale":"ca_ES","og_type":"article","og_title":"Osteopatia en ci\u00e0tiques i crur\u00e0lgies &#8211; Centro de Osteopat\u00eda en Barcelona - Motec","og_description":"Des de la primera sessi\u00f3 treballarem de manera global per atenuar el dolor del pacient i recuperar la mobilitat.","og_url":"https:\/\/www.osteopatiamotec.com\/ca\/osteopatia-ciatica-barcelona\/","og_site_name":"Centro de Osteopat\u00eda en Barcelona - Motec","article_publisher":"https:\/\/www.facebook.com\/osteopatiamotec\/","article_modified_time":"2022-01-26T14:41:32+00:00","og_image":[{"width":1200,"height":800,"url":"https:\/\/www.osteopatiamotec.com\/wp-content\/uploads\/osteopatiamotec-social.jpg","type":"image\/jpeg"}],"twitter_card":"summary_large_image","twitter_site":"@motecosteopatia","twitter_misc":{"Est. reading time":"9 minutes"},"schema":{"@context":"https:\/\/schema.org","@graph":[{"@type":["WebPage","MedicalWebPage"],"@id":"https:\/\/www.osteopatiamotec.com\/ca\/osteopatia-ciatica-barcelona\/","url":"https:\/\/www.osteopatiamotec.com\/ca\/osteopatia-ciatica-barcelona\/","name":"Osteopatia en ci\u00e0tiques i crur\u00e0lgies &#8211; Centro de Osteopat\u00eda en Barcelona - Motec","isPartOf":{"@id":"https:\/\/www.osteopatiamotec.com\/ca\/#website"},"datePublished":"2018-09-23T16:47:00+00:00","dateModified":"2022-01-26T14:41:32+00:00","description":"Des de la primera sessi\u00f3 treballarem de manera global per atenuar el dolor del pacient i recuperar la mobilitat.","breadcrumb":{"@id":"https:\/\/www.osteopatiamotec.com\/ca\/osteopatia-ciatica-barcelona\/#breadcrumb"},"inLanguage":"ca-ES","potentialAction":[{"@type":"ReadAction","target":["https:\/\/www.osteopatiamotec.com\/ca\/osteopatia-ciatica-barcelona\/"]}]},{"@type":"BreadcrumbList","@id":"https:\/\/www.osteopatiamotec.com\/ca\/osteopatia-ciatica-barcelona\/#breadcrumb","itemListElement":[{"@type":"ListItem","position":1,"name":"Home","item":"https:\/\/www.osteopatiamotec.com\/ca\/"},{"@type":"ListItem","position":2,"name":"Osteopatia en ci\u00e0tiques i crur\u00e0lgies"}]},{"@type":"WebSite","@id":"https:\/\/www.osteopatiamotec.com\/ca\/#website","url":"https:\/\/www.osteopatiamotec.com\/ca\/","name":"Centro de Osteopat\u00eda en Barcelona - Motec","description":"En el Centro de Osteopat\u00eda Motec de Barcelona (Medicina Osteop\u00e1tica y Terapia Cr\u00e1neo-Sacral) no tratamos s\u00f3lo enfermedades, sino que tratamos personas. Debido a nuestra continua formaci\u00f3n, integramos desde t\u00e9cnicas osteop\u00e1ticas cl\u00e1sicas a viscerales, craneales, membranosas, fasciales, somatoemocionales, pedi\u00e1tricas, craneosacrales, seguimiento del embarazo\u2026","publisher":{"@id":"https:\/\/www.osteopatiamotec.com\/ca\/#organization"},"potentialAction":[{"@type":"SearchAction","target":{"@type":"EntryPoint","urlTemplate":"https:\/\/www.osteopatiamotec.com\/ca\/?s={search_term_string}"},"query-input":{"@type":"PropertyValueSpecification","valueRequired":true,"valueName":"search_term_string"}}],"inLanguage":"ca-ES"},{"@type":"Organization","@id":"https:\/\/www.osteopatiamotec.com\/ca\/#organization","name":"Centro de Osteopat\u00eda Motec Barcelona","url":"https:\/\/www.osteopatiamotec.com\/ca\/","logo":{"@type":"ImageObject","inLanguage":"ca-ES","@id":"https:\/\/www.osteopatiamotec.com\/ca\/#\/schema\/logo\/image\/","url":"https:\/\/www.osteopatiamotec.com\/wp-content\/uploads\/osteopatiamotec-social.jpg","contentUrl":"https:\/\/www.osteopatiamotec.com\/wp-content\/uploads\/osteopatiamotec-social.jpg","width":1200,"height":800,"caption":"Centro de Osteopat\u00eda Motec Barcelona"},"image":{"@id":"https:\/\/www.osteopatiamotec.com\/ca\/#\/schema\/logo\/image\/"},"sameAs":["https:\/\/www.facebook.com\/osteopatiamotec\/","https:\/\/x.com\/motecosteopatia","https:\/\/www.instagram.com\/osteopatiamotec\/","https:\/\/www.youtube.com\/channel\/UCiJMpuIx-plYD-Y3Y9Pod6A"]}]}},"_links":{"self":[{"href":"https:\/\/www.osteopatiamotec.com\/ca\/wp-json\/wp\/v2\/pages\/5397","targetHints":{"allow":["GET"]}}],"collection":[{"href":"https:\/\/www.osteopatiamotec.com\/ca\/wp-json\/wp\/v2\/pages"}],"about":[{"href":"https:\/\/www.osteopatiamotec.com\/ca\/wp-json\/wp\/v2\/types\/page"}],"author":[{"embeddable":true,"href":"https:\/\/www.osteopatiamotec.com\/ca\/wp-json\/wp\/v2\/users\/1"}],"replies":[{"embeddable":true,"href":"https:\/\/www.osteopatiamotec.com\/ca\/wp-json\/wp\/v2\/comments?post=5397"}],"version-history":[{"count":0,"href":"https:\/\/www.osteopatiamotec.com\/ca\/wp-json\/wp\/v2\/pages\/5397\/revisions"}],"wp:attachment":[{"href":"https:\/\/www.osteopatiamotec.com\/ca\/wp-json\/wp\/v2\/media?parent=5397"}],"curies":[{"name":"wp","href":"https:\/\/api.w.org\/{rel}","templated":true}]}}