{"id":5703,"date":"2019-06-03T09:50:17","date_gmt":"2019-06-03T09:50:17","guid":{"rendered":"https:\/\/www.osteopatiamotec.com\/blog-de-osteopatia\/"},"modified":"2022-01-26T13:43:11","modified_gmt":"2022-01-26T12:43:11","slug":"blog-dosteopatia","status":"publish","type":"page","link":"https:\/\/www.osteopatiamotec.com\/ca\/blog-dosteopatia\/","title":{"rendered":"Blog d&#8217;Osteopatia"},"content":{"rendered":"<div class=\"fusion-fullwidth fullwidth-box fusion-builder-row-1 fusion-flex-container nonhundred-percent-fullwidth non-hundred-percent-height-scrolling\" style=\"background-color: rgba(255,255,255,0);background-position: center center;background-repeat: no-repeat;border-width: 0px 0px 0px 0px;border-color:#e8ebef;border-style:solid;\" ><div class=\"fusion-builder-row fusion-row fusion-flex-align-items-flex-start\" style=\"max-width:calc( 1200px + 0px );margin-left: calc(-0px \/ 2 );margin-right: calc(-0px \/ 2 );\"><div class=\"fusion-layout-column fusion_builder_column fusion-builder-column-0 fusion_builder_column_1_1 1_1 fusion-flex-column\"><div class=\"fusion-column-wrapper fusion-flex-justify-content-flex-start fusion-content-layout-column\" style=\"background-position:left top;background-repeat:no-repeat;-webkit-background-size:cover;-moz-background-size:cover;-o-background-size:cover;background-size:cover;padding: 0px 0px 0px 0px;\"><\/div><style type=\"text\/css\">.fusion-body .fusion-builder-column-0{width:100% !important;margin-top : 20px;margin-bottom : 20px;}.fusion-builder-column-0 > .fusion-column-wrapper {padding-top : 0px !important;padding-right : 0px !important;margin-right : 0px;padding-bottom : 0px !important;padding-left : 0px !important;margin-left : 0px;}@media only screen and (max-width:1200px) {.fusion-body .fusion-builder-column-0{width:100% !important;}.fusion-builder-column-0 > .fusion-column-wrapper {margin-right : 0px;margin-left : 0px;}}@media only screen and (max-width:640px) {.fusion-body .fusion-builder-column-0{width:100% !important;}.fusion-builder-column-0 > .fusion-column-wrapper {margin-right : 0px;margin-left : 0px;}}<\/style><\/div><\/div><style type=\"text\/css\">.fusion-body .fusion-flex-container.fusion-builder-row-1{ padding-top : 0px;margin-top : 0px;padding-right : 0px;padding-bottom : 0px;margin-bottom : 0px;padding-left : 0px;}<\/style><\/div>\n","protected":false},"excerpt":{"rendered":"","protected":false},"author":1,"featured_media":0,"parent":0,"menu_order":0,"comment_status":"closed","ping_status":"closed","template":"","meta":{"footnotes":""},"class_list":["post-5703","page","type-page","status-publish","hentry"],"yoast_head":"<!-- This site is optimized with the Yoast SEO plugin v27.4 - https:\/\/yoast.com\/product\/yoast-seo-wordpress\/ -->\n<title>Blog d&#039;Osteopatia &#8211; Centro de Osteopat\u00eda en Barcelona - Motec<\/title>\n<meta name=\"description\" content=\"Blog d&#039;Osteopatia on trobareu metges relacionats amb l&#039;osteopatia i el tractament osteop\u00e0tic de diverses afeccions.\" \/>\n<meta name=\"robots\" content=\"index, follow, max-snippet:-1, max-image-preview:large, max-video-preview:-1\" \/>\n<link rel=\"canonical\" href=\"https:\/\/www.osteopatiamotec.com\/ca\/blog-dosteopatia\/\" \/>\n<meta property=\"og:locale\" content=\"ca_ES\" \/>\n<meta property=\"og:type\" content=\"article\" \/>\n<meta property=\"og:title\" content=\"Blog d&#039;Osteopatia &#8211; Centro de Osteopat\u00eda en Barcelona - Motec\" \/>\n<meta property=\"og:description\" content=\"Blog d&#039;Osteopatia on trobareu metges relacionats amb l&#039;osteopatia i el tractament osteop\u00e0tic de diverses afeccions.\" \/>\n<meta property=\"og:url\" content=\"https:\/\/www.osteopatiamotec.com\/ca\/blog-dosteopatia\/\" \/>\n<meta property=\"og:site_name\" content=\"Centro de Osteopat\u00eda en Barcelona - Motec\" \/>\n<meta property=\"article:publisher\" content=\"https:\/\/www.facebook.com\/osteopatiamotec\/\" \/>\n<meta property=\"article:modified_time\" content=\"2022-01-26T12:43:11+00:00\" \/>\n<meta property=\"og:image\" content=\"https:\/\/www.osteopatiamotec.com\/wp-content\/uploads\/osteopatiamotec-social.jpg\" \/>\n\t<meta property=\"og:image:width\" content=\"1200\" \/>\n\t<meta property=\"og:image:height\" content=\"800\" \/>\n\t<meta property=\"og:image:type\" content=\"image\/jpeg\" \/>\n<meta name=\"twitter:card\" content=\"summary_large_image\" \/>\n<meta name=\"twitter:site\" content=\"@motecosteopatia\" \/>\n<meta name=\"twitter:label1\" content=\"Est. reading time\" \/>\n\t<meta name=\"twitter:data1\" content=\"2 minutes\" \/>\n<script type=\"application\/ld+json\" class=\"yoast-schema-graph\">{\"@context\":\"https:\\\/\\\/schema.org\",\"@graph\":[{\"@type\":[\"WebPage\",\"MedicalWebPage\"],\"@id\":\"https:\\\/\\\/www.osteopatiamotec.com\\\/ca\\\/blog-dosteopatia\\\/\",\"url\":\"https:\\\/\\\/www.osteopatiamotec.com\\\/ca\\\/blog-dosteopatia\\\/\",\"name\":\"Blog d'Osteopatia &#8211; Centro de Osteopat\u00eda en Barcelona - Motec\",\"isPartOf\":{\"@id\":\"https:\\\/\\\/www.osteopatiamotec.com\\\/ca\\\/#website\"},\"datePublished\":\"2019-06-03T09:50:17+00:00\",\"dateModified\":\"2022-01-26T12:43:11+00:00\",\"description\":\"Blog d'Osteopatia on trobareu metges relacionats amb l'osteopatia i el tractament osteop\u00e0tic de diverses afeccions.\",\"breadcrumb\":{\"@id\":\"https:\\\/\\\/www.osteopatiamotec.com\\\/ca\\\/blog-dosteopatia\\\/#breadcrumb\"},\"inLanguage\":\"ca-ES\",\"potentialAction\":[{\"@type\":\"ReadAction\",\"target\":[\"https:\\\/\\\/www.osteopatiamotec.com\\\/ca\\\/blog-dosteopatia\\\/\"]}]},{\"@type\":\"BreadcrumbList\",\"@id\":\"https:\\\/\\\/www.osteopatiamotec.com\\\/ca\\\/blog-dosteopatia\\\/#breadcrumb\",\"itemListElement\":[{\"@type\":\"ListItem\",\"position\":1,\"name\":\"Home\",\"item\":\"https:\\\/\\\/www.osteopatiamotec.com\\\/ca\\\/\"},{\"@type\":\"ListItem\",\"position\":2,\"name\":\"Blog d&#8217;Osteopatia\"}]},{\"@type\":\"WebSite\",\"@id\":\"https:\\\/\\\/www.osteopatiamotec.com\\\/ca\\\/#website\",\"url\":\"https:\\\/\\\/www.osteopatiamotec.com\\\/ca\\\/\",\"name\":\"Centro de Osteopat\u00eda en Barcelona - Motec\",\"description\":\"En el Centro de Osteopat\u00eda Motec de Barcelona (Medicina Osteop\u00e1tica y Terapia Cr\u00e1neo-Sacral) no tratamos s\u00f3lo enfermedades, sino que tratamos personas. Debido a nuestra continua formaci\u00f3n, integramos desde t\u00e9cnicas osteop\u00e1ticas cl\u00e1sicas a viscerales, craneales, membranosas, fasciales, somatoemocionales, pedi\u00e1tricas, craneosacrales, seguimiento del embarazo\u2026\",\"publisher\":{\"@id\":\"https:\\\/\\\/www.osteopatiamotec.com\\\/ca\\\/#organization\"},\"potentialAction\":[{\"@type\":\"SearchAction\",\"target\":{\"@type\":\"EntryPoint\",\"urlTemplate\":\"https:\\\/\\\/www.osteopatiamotec.com\\\/ca\\\/?s={search_term_string}\"},\"query-input\":{\"@type\":\"PropertyValueSpecification\",\"valueRequired\":true,\"valueName\":\"search_term_string\"}}],\"inLanguage\":\"ca-ES\"},{\"@type\":\"Organization\",\"@id\":\"https:\\\/\\\/www.osteopatiamotec.com\\\/ca\\\/#organization\",\"name\":\"Centro de Osteopat\u00eda Motec Barcelona\",\"url\":\"https:\\\/\\\/www.osteopatiamotec.com\\\/ca\\\/\",\"logo\":{\"@type\":\"ImageObject\",\"inLanguage\":\"ca-ES\",\"@id\":\"https:\\\/\\\/www.osteopatiamotec.com\\\/ca\\\/#\\\/schema\\\/logo\\\/image\\\/\",\"url\":\"https:\\\/\\\/www.osteopatiamotec.com\\\/wp-content\\\/uploads\\\/osteopatiamotec-social.jpg\",\"contentUrl\":\"https:\\\/\\\/www.osteopatiamotec.com\\\/wp-content\\\/uploads\\\/osteopatiamotec-social.jpg\",\"width\":1200,\"height\":800,\"caption\":\"Centro de Osteopat\u00eda Motec Barcelona\"},\"image\":{\"@id\":\"https:\\\/\\\/www.osteopatiamotec.com\\\/ca\\\/#\\\/schema\\\/logo\\\/image\\\/\"},\"sameAs\":[\"https:\\\/\\\/www.facebook.com\\\/osteopatiamotec\\\/\",\"https:\\\/\\\/x.com\\\/motecosteopatia\",\"https:\\\/\\\/www.instagram.com\\\/osteopatiamotec\\\/\",\"https:\\\/\\\/www.youtube.com\\\/channel\\\/UCiJMpuIx-plYD-Y3Y9Pod6A\"]}]}<\/script>\n<!-- \/ Yoast SEO plugin. -->","yoast_head_json":{"title":"Blog d'Osteopatia &#8211; Centro de Osteopat\u00eda en Barcelona - Motec","description":"Blog d'Osteopatia on trobareu metges relacionats amb l'osteopatia i el tractament osteop\u00e0tic de diverses afeccions.","robots":{"index":"index","follow":"follow","max-snippet":"max-snippet:-1","max-image-preview":"max-image-preview:large","max-video-preview":"max-video-preview:-1"},"canonical":"https:\/\/www.osteopatiamotec.com\/ca\/blog-dosteopatia\/","og_locale":"ca_ES","og_type":"article","og_title":"Blog d'Osteopatia &#8211; Centro de Osteopat\u00eda en Barcelona - Motec","og_description":"Blog d'Osteopatia on trobareu metges relacionats amb l'osteopatia i el tractament osteop\u00e0tic de diverses afeccions.","og_url":"https:\/\/www.osteopatiamotec.com\/ca\/blog-dosteopatia\/","og_site_name":"Centro de Osteopat\u00eda en Barcelona - Motec","article_publisher":"https:\/\/www.facebook.com\/osteopatiamotec\/","article_modified_time":"2022-01-26T12:43:11+00:00","og_image":[{"width":1200,"height":800,"url":"https:\/\/www.osteopatiamotec.com\/wp-content\/uploads\/osteopatiamotec-social.jpg","type":"image\/jpeg"}],"twitter_card":"summary_large_image","twitter_site":"@motecosteopatia","twitter_misc":{"Est. reading time":"2 minutes"},"schema":{"@context":"https:\/\/schema.org","@graph":[{"@type":["WebPage","MedicalWebPage"],"@id":"https:\/\/www.osteopatiamotec.com\/ca\/blog-dosteopatia\/","url":"https:\/\/www.osteopatiamotec.com\/ca\/blog-dosteopatia\/","name":"Blog d'Osteopatia &#8211; Centro de Osteopat\u00eda en Barcelona - Motec","isPartOf":{"@id":"https:\/\/www.osteopatiamotec.com\/ca\/#website"},"datePublished":"2019-06-03T09:50:17+00:00","dateModified":"2022-01-26T12:43:11+00:00","description":"Blog d'Osteopatia on trobareu metges relacionats amb l'osteopatia i el tractament osteop\u00e0tic de diverses afeccions.","breadcrumb":{"@id":"https:\/\/www.osteopatiamotec.com\/ca\/blog-dosteopatia\/#breadcrumb"},"inLanguage":"ca-ES","potentialAction":[{"@type":"ReadAction","target":["https:\/\/www.osteopatiamotec.com\/ca\/blog-dosteopatia\/"]}]},{"@type":"BreadcrumbList","@id":"https:\/\/www.osteopatiamotec.com\/ca\/blog-dosteopatia\/#breadcrumb","itemListElement":[{"@type":"ListItem","position":1,"name":"Home","item":"https:\/\/www.osteopatiamotec.com\/ca\/"},{"@type":"ListItem","position":2,"name":"Blog d&#8217;Osteopatia"}]},{"@type":"WebSite","@id":"https:\/\/www.osteopatiamotec.com\/ca\/#website","url":"https:\/\/www.osteopatiamotec.com\/ca\/","name":"Centro de Osteopat\u00eda en Barcelona - Motec","description":"En el Centro de Osteopat\u00eda Motec de Barcelona (Medicina Osteop\u00e1tica y Terapia Cr\u00e1neo-Sacral) no tratamos s\u00f3lo enfermedades, sino que tratamos personas. Debido a nuestra continua formaci\u00f3n, integramos desde t\u00e9cnicas osteop\u00e1ticas cl\u00e1sicas a viscerales, craneales, membranosas, fasciales, somatoemocionales, pedi\u00e1tricas, craneosacrales, seguimiento del embarazo\u2026","publisher":{"@id":"https:\/\/www.osteopatiamotec.com\/ca\/#organization"},"potentialAction":[{"@type":"SearchAction","target":{"@type":"EntryPoint","urlTemplate":"https:\/\/www.osteopatiamotec.com\/ca\/?s={search_term_string}"},"query-input":{"@type":"PropertyValueSpecification","valueRequired":true,"valueName":"search_term_string"}}],"inLanguage":"ca-ES"},{"@type":"Organization","@id":"https:\/\/www.osteopatiamotec.com\/ca\/#organization","name":"Centro de Osteopat\u00eda Motec Barcelona","url":"https:\/\/www.osteopatiamotec.com\/ca\/","logo":{"@type":"ImageObject","inLanguage":"ca-ES","@id":"https:\/\/www.osteopatiamotec.com\/ca\/#\/schema\/logo\/image\/","url":"https:\/\/www.osteopatiamotec.com\/wp-content\/uploads\/osteopatiamotec-social.jpg","contentUrl":"https:\/\/www.osteopatiamotec.com\/wp-content\/uploads\/osteopatiamotec-social.jpg","width":1200,"height":800,"caption":"Centro de Osteopat\u00eda Motec Barcelona"},"image":{"@id":"https:\/\/www.osteopatiamotec.com\/ca\/#\/schema\/logo\/image\/"},"sameAs":["https:\/\/www.facebook.com\/osteopatiamotec\/","https:\/\/x.com\/motecosteopatia","https:\/\/www.instagram.com\/osteopatiamotec\/","https:\/\/www.youtube.com\/channel\/UCiJMpuIx-plYD-Y3Y9Pod6A"]}]}},"_links":{"self":[{"href":"https:\/\/www.osteopatiamotec.com\/ca\/wp-json\/wp\/v2\/pages\/5703","targetHints":{"allow":["GET"]}}],"collection":[{"href":"https:\/\/www.osteopatiamotec.com\/ca\/wp-json\/wp\/v2\/pages"}],"about":[{"href":"https:\/\/www.osteopatiamotec.com\/ca\/wp-json\/wp\/v2\/types\/page"}],"author":[{"embeddable":true,"href":"https:\/\/www.osteopatiamotec.com\/ca\/wp-json\/wp\/v2\/users\/1"}],"replies":[{"embeddable":true,"href":"https:\/\/www.osteopatiamotec.com\/ca\/wp-json\/wp\/v2\/comments?post=5703"}],"version-history":[{"count":0,"href":"https:\/\/www.osteopatiamotec.com\/ca\/wp-json\/wp\/v2\/pages\/5703\/revisions"}],"wp:attachment":[{"href":"https:\/\/www.osteopatiamotec.com\/ca\/wp-json\/wp\/v2\/media?parent=5703"}],"curies":[{"name":"wp","href":"https:\/\/api.w.org\/{rel}","templated":true}]}}