{"id":3120,"date":"2012-07-31T04:45:22","date_gmt":"2012-07-31T04:45:22","guid":{"rendered":"https:\/\/www.osteopatiamotec.com\/a-qui-sadresse-losteopathie\/"},"modified":"2022-04-11T10:07:32","modified_gmt":"2022-04-11T08:07:32","slug":"a-qui-sadresse-losteopathie","status":"publish","type":"page","link":"https:\/\/www.osteopatiamotec.com\/fr\/quest-ce-que-losteopathie\/a-qui-sadresse-losteopathie\/","title":{"rendered":"A qui s&rsquo;adresse l&rsquo;ost\u00e9opathie ?"},"content":{"rendered":"<p><div class=\"fusion-fullwidth fullwidth-box fusion-builder-row-1 fusion-flex-container nonhundred-percent-fullwidth non-hundred-percent-height-scrolling\" style=\"background-color: rgba(255,255,255,0);background-position: center center;background-repeat: no-repeat;border-width: 0px 0px 0px 0px;border-color:#e8ebef;border-style:solid;\" ><div class=\"fusion-builder-row fusion-row fusion-flex-align-items-flex-start\" style=\"max-width:1248px;margin-left: calc(-4% \/ 2 );margin-right: calc(-4% \/ 2 );\"><div class=\"fusion-layout-column fusion_builder_column fusion-builder-column-0 fusion_builder_column_1_1 1_1 fusion-flex-column\"><div class=\"fusion-column-wrapper fusion-flex-justify-content-flex-start fusion-content-layout-column\" style=\"background-position:left top;background-repeat:no-repeat;-webkit-background-size:cover;-moz-background-size:cover;-o-background-size:cover;background-size:cover;padding: 0px 0px 0px 0px;\"><div class=\"fusion-text fusion-text-1\" style=\"text-transform:none;\"><p><img decoding=\"async\" class=\"lazyload wp-image-1890 size-full\" title=\"ost\u00e9opathie20\" src=\"https:\/\/www.osteopatiamotec.com\/wp-content\/uploads\/osteopatia20.jpg\" data-orig-src=\"https:\/\/www.osteopatiamotec.com\/wp-content\/uploads\/osteopatia20.jpg\" alt=\"A qui s'adresse l'ost\u00e9opathie ?\" width=\"949\" height=\"347\" srcset=\"data:image\/svg+xml,%3Csvg%20xmlns%3D%27http%3A%2F%2Fwww.w3.org%2F2000%2Fsvg%27%20width%3D%27949%27%20height%3D%27347%27%20viewBox%3D%270%200%20949%20347%27%3E%3Crect%20width%3D%27949%27%20height%3D%27347%27%20fill-opacity%3D%220%22%2F%3E%3C%2Fsvg%3E\" data-srcset=\"https:\/\/www.osteopatiamotec.com\/wp-content\/uploads\/osteopatia20-200x73.jpg 200w, https:\/\/www.osteopatiamotec.com\/wp-content\/uploads\/osteopatia20-300x110.jpg 300w, https:\/\/www.osteopatiamotec.com\/wp-content\/uploads\/osteopatia20-400x146.jpg 400w, https:\/\/www.osteopatiamotec.com\/wp-content\/uploads\/osteopatia20-600x219.jpg 600w, https:\/\/www.osteopatiamotec.com\/wp-content\/uploads\/osteopatia20-768x281.jpg 768w, https:\/\/www.osteopatiamotec.com\/wp-content\/uploads\/osteopatia20-800x293.jpg 800w, https:\/\/www.osteopatiamotec.com\/wp-content\/uploads\/osteopatia20.jpg 949w\" data-sizes=\"auto\" data-orig-sizes=\"(max-width: 949px) 100vw, 949px\" \/><\/p>\n<div class=\"title\" style=\"margin-top: 50px;\"><\/div>\n<\/div><\/div><style type=\"text\/css\">.fusion-body .fusion-builder-column-0{width:100% !important;margin-top : 0px;margin-bottom : 0px;}.fusion-builder-column-0 > .fusion-column-wrapper {padding-top : 0px !important;padding-right : 0px !important;margin-right : 1.92%;padding-bottom : 0px !important;padding-left : 0px !important;margin-left : 1.92%;}@media only screen and (max-width:1200px) {.fusion-body .fusion-builder-column-0{width:100% !important;}.fusion-builder-column-0 > .fusion-column-wrapper {margin-right : 1.92%;margin-left : 1.92%;}}@media only screen and (max-width:640px) {.fusion-body .fusion-builder-column-0{width:100% !important;}.fusion-builder-column-0 > .fusion-column-wrapper {margin-right : 1.92%;margin-left : 1.92%;}}<\/style><\/div><\/div><style type=\"text\/css\">.fusion-body .fusion-flex-container.fusion-builder-row-1{ padding-top : 0px;margin-top : 0px;padding-right : 0px;padding-bottom : 0px;margin-bottom : 0px;padding-left : 0px;}<\/style><\/div><div class=\"fusion-fullwidth fullwidth-box fusion-builder-row-2 fusion-flex-container hundred-percent-fullwidth non-hundred-percent-height-scrolling\" style=\"background-color: rgba(255,255,255,0);background-position: center center;background-repeat: no-repeat;border-width: 0px 0px 0px 0px;border-color:#e8ebef;border-style:solid;\" ><div class=\"fusion-builder-row fusion-row fusion-flex-align-items-flex-start\" style=\"width:104% !important;max-width:104% !important;margin-left: calc(-4% \/ 2 );margin-right: calc(-4% \/ 2 );\"><div class=\"fusion-layout-column fusion_builder_column fusion-builder-column-1 fusion_builder_column_1_1 1_1 fusion-flex-column fusion-flex-align-self-flex-start fusion-column-no-min-height\"><div class=\"fusion-column-wrapper fusion-flex-justify-content-flex-start fusion-content-layout-column\" style=\"background-position:left top;background-repeat:no-repeat;-webkit-background-size:cover;-moz-background-size:cover;-o-background-size:cover;background-size:cover;border-width: 1px 1px 1px 1px;border-color:#dddddd;border-style:solid;padding: 40px 40px 40px 40px;\"><style type=\"text\/css\">@media only screen and (max-width:1200px) {.fusion-title.fusion-title-1{margin-top:10px!important; margin-right:0px!important;margin-bottom:20px!important;margin-left:0px!important;}}@media only screen and (max-width:640px) {.fusion-title.fusion-title-1{margin-top:10px!important; margin-right:0px!important;margin-bottom:20px!important; margin-left:0px!important;}}<\/style><div class=\"fusion-title title fusion-title-1 fusion-sep-none fusion-title-text fusion-title-size-two\" style=\"margin-top:10px;margin-right:0px;margin-bottom:20px;margin-left:0px;\"><h2 class=\"title-heading-left fusion-responsive-typography-calculated\" style=\"margin:0;--fontSize:48;line-height:1.2;\">Qui peut b\u00e9n\u00e9ficier de l&rsquo;Ost\u00e9opathie chez Motec ?<\/h2><\/div><div class=\"fusion-text fusion-text-2\"><p>L&rsquo;ost\u00e9opathie n&rsquo;a PAS de limite d&rsquo;\u00e2ge dans son application car il s&rsquo;agit d&rsquo;un traitement non invasif, de la<br \/>\nb\u00e9b\u00e9 \u00e0 la personne \u00e2g\u00e9e peuvent \u00eatre soign\u00e9s en appliquant des traitements sp\u00e9cifiques selon<br \/>\nde vos besoins.<\/p>\n<p>L&rsquo;\u00e9quipe de Motec organisera les strat\u00e9gies d&rsquo;approche en fonction des besoins que chaque patient requiert, en organisant l&rsquo;offre de services ost\u00e9opathiques en fonction des besoins et de l&rsquo;\u00e2ge des patients, et de chaque cas particulier.<\/p>\n<p>Pour cette raison, les ost\u00e9opathes vous fourniront des recommandations sp\u00e9cifiques en fonction de vos affections, tout en \u00e9tant \u00e0 votre disposition pour r\u00e9pondre \u00e0 toutes vos questions et vous guider lors de nos th\u00e9rapies.<\/p>\n<\/div><\/div><style type=\"text\/css\">.fusion-body .fusion-builder-column-1{width:100% !important;margin-top : 0px;margin-bottom : 0px;}.fusion-builder-column-1 > .fusion-column-wrapper {padding-top : 40px !important;padding-right : 40px !important;margin-right : 1.92%;padding-bottom : 40px !important;padding-left : 40px !important;margin-left : 1.92%;}@media only screen and (max-width:1200px) {.fusion-body .fusion-builder-column-1{width:100% !important;}.fusion-builder-column-1 > .fusion-column-wrapper {margin-right : 1.92%;margin-left : 1.92%;}}@media only screen and (max-width:640px) {.fusion-body .fusion-builder-column-1{width:100% !important;}.fusion-builder-column-1 > .fusion-column-wrapper {margin-right : 1.92%;margin-left : 1.92%;}}<\/style><\/div><\/div><style type=\"text\/css\">.fusion-fullwidth.fusion-builder-row-2 { overflow:visible; }.fusion-body .fusion-flex-container.fusion-builder-row-2{ padding-top : 0px;margin-top : 0px;padding-right : 0px;padding-bottom : 0px;margin-bottom : 0px;padding-left : 0px;}<\/style><\/div><\/p>\n","protected":false},"excerpt":{"rendered":"","protected":false},"author":1,"featured_media":0,"parent":3122,"menu_order":8,"comment_status":"closed","ping_status":"closed","template":"","meta":{"footnotes":""},"class_list":["post-3120","page","type-page","status-publish","hentry"],"yoast_head":"<!-- This site is optimized with the Yoast SEO plugin v27.2 - https:\/\/yoast.com\/product\/yoast-seo-wordpress\/ -->\n<title>A qui s&#039;adresse l&#039;ost\u00e9opathie ? - MOTEC<\/title>\n<meta name=\"description\" content=\"A qui s&#039;adresse l&#039;ost\u00e9opathie ?\" \/>\n<meta name=\"robots\" content=\"index, follow, max-snippet:-1, max-image-preview:large, max-video-preview:-1\" \/>\n<link rel=\"canonical\" href=\"https:\/\/www.osteopatiamotec.com\/fr\/quest-ce-que-losteopathie\/a-qui-sadresse-losteopathie\/\" \/>\n<meta property=\"og:locale\" content=\"fr_FR\" \/>\n<meta property=\"og:type\" content=\"article\" \/>\n<meta property=\"og:title\" content=\"A qui s&#039;adresse l&#039;ost\u00e9opathie ? - MOTEC\" \/>\n<meta property=\"og:description\" content=\"A qui s&#039;adresse l&#039;ost\u00e9opathie ?\" \/>\n<meta property=\"og:url\" content=\"https:\/\/www.osteopatiamotec.com\/fr\/quest-ce-que-losteopathie\/a-qui-sadresse-losteopathie\/\" \/>\n<meta property=\"og:site_name\" content=\"Centro de Osteopat\u00eda en Barcelona - Motec\" \/>\n<meta property=\"article:publisher\" content=\"https:\/\/www.facebook.com\/osteopatiamotec\/\" \/>\n<meta property=\"article:modified_time\" content=\"2022-04-11T08:07:32+00:00\" \/>\n<meta property=\"og:image\" content=\"https:\/\/www.osteopatiamotec.com\/wp-content\/uploads\/osteopatia20.jpg\" \/>\n<meta name=\"twitter:card\" content=\"summary_large_image\" \/>\n<meta name=\"twitter:site\" content=\"@motecosteopatia\" \/>\n<meta name=\"twitter:label1\" content=\"Dur\u00e9e de lecture estim\u00e9e\" \/>\n\t<meta name=\"twitter:data1\" content=\"2 minutes\" \/>\n<script type=\"application\/ld+json\" class=\"yoast-schema-graph\">{\"@context\":\"https:\/\/schema.org\",\"@graph\":[{\"@type\":[\"WebPage\",\"MedicalWebPage\"],\"@id\":\"https:\/\/www.osteopatiamotec.com\/fr\/quest-ce-que-losteopathie\/a-qui-sadresse-losteopathie\/\",\"url\":\"https:\/\/www.osteopatiamotec.com\/fr\/quest-ce-que-losteopathie\/a-qui-sadresse-losteopathie\/\",\"name\":\"A qui s'adresse l'ost\u00e9opathie ? - MOTEC\",\"isPartOf\":{\"@id\":\"https:\/\/www.osteopatiamotec.com\/fr\/#website\"},\"primaryImageOfPage\":{\"@id\":\"https:\/\/www.osteopatiamotec.com\/fr\/quest-ce-que-losteopathie\/a-qui-sadresse-losteopathie\/#primaryimage\"},\"image\":{\"@id\":\"https:\/\/www.osteopatiamotec.com\/fr\/quest-ce-que-losteopathie\/a-qui-sadresse-losteopathie\/#primaryimage\"},\"thumbnailUrl\":\"https:\/\/www.osteopatiamotec.com\/wp-content\/uploads\/osteopatia20.jpg\",\"datePublished\":\"2012-07-31T04:45:22+00:00\",\"dateModified\":\"2022-04-11T08:07:32+00:00\",\"description\":\"A qui s'adresse l'ost\u00e9opathie ?\",\"breadcrumb\":{\"@id\":\"https:\/\/www.osteopatiamotec.com\/fr\/quest-ce-que-losteopathie\/a-qui-sadresse-losteopathie\/#breadcrumb\"},\"inLanguage\":\"fr-FR\",\"potentialAction\":[{\"@type\":\"ReadAction\",\"target\":[\"https:\/\/www.osteopatiamotec.com\/fr\/quest-ce-que-losteopathie\/a-qui-sadresse-losteopathie\/\"]}]},{\"@type\":\"ImageObject\",\"inLanguage\":\"fr-FR\",\"@id\":\"https:\/\/www.osteopatiamotec.com\/fr\/quest-ce-que-losteopathie\/a-qui-sadresse-losteopathie\/#primaryimage\",\"url\":\"https:\/\/www.osteopatiamotec.com\/wp-content\/uploads\/osteopatia20.jpg\",\"contentUrl\":\"https:\/\/www.osteopatiamotec.com\/wp-content\/uploads\/osteopatia20.jpg\"},{\"@type\":\"BreadcrumbList\",\"@id\":\"https:\/\/www.osteopatiamotec.com\/fr\/quest-ce-que-losteopathie\/a-qui-sadresse-losteopathie\/#breadcrumb\",\"itemListElement\":[{\"@type\":\"ListItem\",\"position\":1,\"name\":\"Home\",\"item\":\"https:\/\/www.osteopatiamotec.com\/fr\/\"},{\"@type\":\"ListItem\",\"position\":2,\"name\":\"Qu&#8217;est-ce que l&#8217;ost\u00e9opathie?\",\"item\":\"https:\/\/www.osteopatiamotec.com\/fr\/quest-ce-que-losteopathie\/\"},{\"@type\":\"ListItem\",\"position\":3,\"name\":\"A qui s&#8217;adresse l&#8217;ost\u00e9opathie ?\"}]},{\"@type\":\"WebSite\",\"@id\":\"https:\/\/www.osteopatiamotec.com\/fr\/#website\",\"url\":\"https:\/\/www.osteopatiamotec.com\/fr\/\",\"name\":\"Centro de Osteopat\u00eda en Barcelona - Motec\",\"description\":\"En el Centro de Osteopat\u00eda Motec de Barcelona (Medicina Osteop\u00e1tica y Terapia Cr\u00e1neo-Sacral) no tratamos s\u00f3lo enfermedades, sino que tratamos personas. Debido a nuestra continua formaci\u00f3n, integramos desde t\u00e9cnicas osteop\u00e1ticas cl\u00e1sicas a viscerales, craneales, membranosas, fasciales, somatoemocionales, pedi\u00e1tricas, craneosacrales, seguimiento del embarazo\u2026\",\"publisher\":{\"@id\":\"https:\/\/www.osteopatiamotec.com\/fr\/#organization\"},\"potentialAction\":[{\"@type\":\"SearchAction\",\"target\":{\"@type\":\"EntryPoint\",\"urlTemplate\":\"https:\/\/www.osteopatiamotec.com\/fr\/?s={search_term_string}\"},\"query-input\":{\"@type\":\"PropertyValueSpecification\",\"valueRequired\":true,\"valueName\":\"search_term_string\"}}],\"inLanguage\":\"fr-FR\"},{\"@type\":\"Organization\",\"@id\":\"https:\/\/www.osteopatiamotec.com\/fr\/#organization\",\"name\":\"Centro de Osteopat\u00eda Motec Barcelona\",\"url\":\"https:\/\/www.osteopatiamotec.com\/fr\/\",\"logo\":{\"@type\":\"ImageObject\",\"inLanguage\":\"fr-FR\",\"@id\":\"https:\/\/www.osteopatiamotec.com\/fr\/#\/schema\/logo\/image\/\",\"url\":\"https:\/\/www.osteopatiamotec.com\/wp-content\/uploads\/osteopatiamotec-social.jpg\",\"contentUrl\":\"https:\/\/www.osteopatiamotec.com\/wp-content\/uploads\/osteopatiamotec-social.jpg\",\"width\":1200,\"height\":800,\"caption\":\"Centro de Osteopat\u00eda Motec Barcelona\"},\"image\":{\"@id\":\"https:\/\/www.osteopatiamotec.com\/fr\/#\/schema\/logo\/image\/\"},\"sameAs\":[\"https:\/\/www.facebook.com\/osteopatiamotec\/\",\"https:\/\/x.com\/motecosteopatia\",\"https:\/\/www.instagram.com\/osteopatiamotec\/\",\"https:\/\/www.youtube.com\/channel\/UCiJMpuIx-plYD-Y3Y9Pod6A\"]}]}<\/script>\n<!-- \/ Yoast SEO plugin. -->","yoast_head_json":{"title":"A qui s'adresse l'ost\u00e9opathie ? - MOTEC","description":"A qui s'adresse l'ost\u00e9opathie ?","robots":{"index":"index","follow":"follow","max-snippet":"max-snippet:-1","max-image-preview":"max-image-preview:large","max-video-preview":"max-video-preview:-1"},"canonical":"https:\/\/www.osteopatiamotec.com\/fr\/quest-ce-que-losteopathie\/a-qui-sadresse-losteopathie\/","og_locale":"fr_FR","og_type":"article","og_title":"A qui s'adresse l'ost\u00e9opathie ? - MOTEC","og_description":"A qui s'adresse l'ost\u00e9opathie ?","og_url":"https:\/\/www.osteopatiamotec.com\/fr\/quest-ce-que-losteopathie\/a-qui-sadresse-losteopathie\/","og_site_name":"Centro de Osteopat\u00eda en Barcelona - Motec","article_publisher":"https:\/\/www.facebook.com\/osteopatiamotec\/","article_modified_time":"2022-04-11T08:07:32+00:00","og_image":[{"url":"https:\/\/www.osteopatiamotec.com\/wp-content\/uploads\/osteopatia20.jpg","type":"","width":"","height":""}],"twitter_card":"summary_large_image","twitter_site":"@motecosteopatia","twitter_misc":{"Dur\u00e9e de lecture estim\u00e9e":"2 minutes"},"schema":{"@context":"https:\/\/schema.org","@graph":[{"@type":["WebPage","MedicalWebPage"],"@id":"https:\/\/www.osteopatiamotec.com\/fr\/quest-ce-que-losteopathie\/a-qui-sadresse-losteopathie\/","url":"https:\/\/www.osteopatiamotec.com\/fr\/quest-ce-que-losteopathie\/a-qui-sadresse-losteopathie\/","name":"A qui s'adresse l'ost\u00e9opathie ? - MOTEC","isPartOf":{"@id":"https:\/\/www.osteopatiamotec.com\/fr\/#website"},"primaryImageOfPage":{"@id":"https:\/\/www.osteopatiamotec.com\/fr\/quest-ce-que-losteopathie\/a-qui-sadresse-losteopathie\/#primaryimage"},"image":{"@id":"https:\/\/www.osteopatiamotec.com\/fr\/quest-ce-que-losteopathie\/a-qui-sadresse-losteopathie\/#primaryimage"},"thumbnailUrl":"https:\/\/www.osteopatiamotec.com\/wp-content\/uploads\/osteopatia20.jpg","datePublished":"2012-07-31T04:45:22+00:00","dateModified":"2022-04-11T08:07:32+00:00","description":"A qui s'adresse l'ost\u00e9opathie ?","breadcrumb":{"@id":"https:\/\/www.osteopatiamotec.com\/fr\/quest-ce-que-losteopathie\/a-qui-sadresse-losteopathie\/#breadcrumb"},"inLanguage":"fr-FR","potentialAction":[{"@type":"ReadAction","target":["https:\/\/www.osteopatiamotec.com\/fr\/quest-ce-que-losteopathie\/a-qui-sadresse-losteopathie\/"]}]},{"@type":"ImageObject","inLanguage":"fr-FR","@id":"https:\/\/www.osteopatiamotec.com\/fr\/quest-ce-que-losteopathie\/a-qui-sadresse-losteopathie\/#primaryimage","url":"https:\/\/www.osteopatiamotec.com\/wp-content\/uploads\/osteopatia20.jpg","contentUrl":"https:\/\/www.osteopatiamotec.com\/wp-content\/uploads\/osteopatia20.jpg"},{"@type":"BreadcrumbList","@id":"https:\/\/www.osteopatiamotec.com\/fr\/quest-ce-que-losteopathie\/a-qui-sadresse-losteopathie\/#breadcrumb","itemListElement":[{"@type":"ListItem","position":1,"name":"Home","item":"https:\/\/www.osteopatiamotec.com\/fr\/"},{"@type":"ListItem","position":2,"name":"Qu&#8217;est-ce que l&#8217;ost\u00e9opathie?","item":"https:\/\/www.osteopatiamotec.com\/fr\/quest-ce-que-losteopathie\/"},{"@type":"ListItem","position":3,"name":"A qui s&#8217;adresse l&#8217;ost\u00e9opathie ?"}]},{"@type":"WebSite","@id":"https:\/\/www.osteopatiamotec.com\/fr\/#website","url":"https:\/\/www.osteopatiamotec.com\/fr\/","name":"Centro de Osteopat\u00eda en Barcelona - Motec","description":"En el Centro de Osteopat\u00eda Motec de Barcelona (Medicina Osteop\u00e1tica y Terapia Cr\u00e1neo-Sacral) no tratamos s\u00f3lo enfermedades, sino que tratamos personas. Debido a nuestra continua formaci\u00f3n, integramos desde t\u00e9cnicas osteop\u00e1ticas cl\u00e1sicas a viscerales, craneales, membranosas, fasciales, somatoemocionales, pedi\u00e1tricas, craneosacrales, seguimiento del embarazo\u2026","publisher":{"@id":"https:\/\/www.osteopatiamotec.com\/fr\/#organization"},"potentialAction":[{"@type":"SearchAction","target":{"@type":"EntryPoint","urlTemplate":"https:\/\/www.osteopatiamotec.com\/fr\/?s={search_term_string}"},"query-input":{"@type":"PropertyValueSpecification","valueRequired":true,"valueName":"search_term_string"}}],"inLanguage":"fr-FR"},{"@type":"Organization","@id":"https:\/\/www.osteopatiamotec.com\/fr\/#organization","name":"Centro de Osteopat\u00eda Motec Barcelona","url":"https:\/\/www.osteopatiamotec.com\/fr\/","logo":{"@type":"ImageObject","inLanguage":"fr-FR","@id":"https:\/\/www.osteopatiamotec.com\/fr\/#\/schema\/logo\/image\/","url":"https:\/\/www.osteopatiamotec.com\/wp-content\/uploads\/osteopatiamotec-social.jpg","contentUrl":"https:\/\/www.osteopatiamotec.com\/wp-content\/uploads\/osteopatiamotec-social.jpg","width":1200,"height":800,"caption":"Centro de Osteopat\u00eda Motec Barcelona"},"image":{"@id":"https:\/\/www.osteopatiamotec.com\/fr\/#\/schema\/logo\/image\/"},"sameAs":["https:\/\/www.facebook.com\/osteopatiamotec\/","https:\/\/x.com\/motecosteopatia","https:\/\/www.instagram.com\/osteopatiamotec\/","https:\/\/www.youtube.com\/channel\/UCiJMpuIx-plYD-Y3Y9Pod6A"]}]}},"_links":{"self":[{"href":"https:\/\/www.osteopatiamotec.com\/fr\/wp-json\/wp\/v2\/pages\/3120","targetHints":{"allow":["GET"]}}],"collection":[{"href":"https:\/\/www.osteopatiamotec.com\/fr\/wp-json\/wp\/v2\/pages"}],"about":[{"href":"https:\/\/www.osteopatiamotec.com\/fr\/wp-json\/wp\/v2\/types\/page"}],"author":[{"embeddable":true,"href":"https:\/\/www.osteopatiamotec.com\/fr\/wp-json\/wp\/v2\/users\/1"}],"replies":[{"embeddable":true,"href":"https:\/\/www.osteopatiamotec.com\/fr\/wp-json\/wp\/v2\/comments?post=3120"}],"version-history":[{"count":1,"href":"https:\/\/www.osteopatiamotec.com\/fr\/wp-json\/wp\/v2\/pages\/3120\/revisions"}],"predecessor-version":[{"id":8870,"href":"https:\/\/www.osteopatiamotec.com\/fr\/wp-json\/wp\/v2\/pages\/3120\/revisions\/8870"}],"up":[{"embeddable":true,"href":"https:\/\/www.osteopatiamotec.com\/fr\/wp-json\/wp\/v2\/pages\/3122"}],"wp:attachment":[{"href":"https:\/\/www.osteopatiamotec.com\/fr\/wp-json\/wp\/v2\/media?parent=3120"}],"curies":[{"name":"wp","href":"https:\/\/api.w.org\/{rel}","templated":true}]}}