{"id":3130,"date":"2012-09-28T17:36:38","date_gmt":"2012-09-28T17:36:38","guid":{"rendered":"https:\/\/www.osteopatiamotec.com\/urgences-a-domicile\/"},"modified":"2022-01-26T13:31:46","modified_gmt":"2022-01-26T12:31:46","slug":"urgences-a-domicile","status":"publish","type":"page","link":"https:\/\/www.osteopatiamotec.com\/fr\/urgences-a-domicile\/","title":{"rendered":"Urgences \u00e0 domicile"},"content":{"rendered":"<div class=\"fusion-fullwidth fullwidth-box fusion-builder-row-1 fusion-flex-container hundred-percent-fullwidth non-hundred-percent-height-scrolling\" style=\"background-color: rgba(255,255,255,0);background-position: center center;background-repeat: no-repeat;border-width: 1px 0px 1px 0px;border-color:#dddddd;border-style:solid;\" ><div class=\"fusion-builder-row fusion-row fusion-flex-align-items-flex-start\" style=\"width:104% !important;max-width:104% !important;margin-left: calc(-4% \/ 2 );margin-right: calc(-4% \/ 2 );\"><div class=\"fusion-layout-column fusion_builder_column fusion-builder-column-0 fusion_builder_column_1_1 1_1 fusion-flex-column\"><div class=\"fusion-column-wrapper fusion-flex-justify-content-flex-start fusion-content-layout-column\" style=\"background-position:left top;background-repeat:no-repeat;-webkit-background-size:cover;-moz-background-size:cover;-o-background-size:cover;background-size:cover;background-color:#f6f6f6;border-width: 0 0 0 5px;border-color:#8bc34a;border-style:solid;padding: 20px 40px 40px 40px;\"><div class=\"fusion-text fusion-text-1\"><h2 style=\"font-weight: 400;\">Urgences ost\u00e9opathie \u00e0 domicile<\/h2>\n<\/div><div class=\"fusion-text fusion-text-2\"><p>Nous sommes \u00e0 la disposition des personnes qui ont besoin d&rsquo;un traitement personnalis\u00e9 \u00e0 domicile. Nous rapprochons nos traitements des patients qui, pour une quelconque raison pathologique, ne peuvent se rendre au Motec. Ce service est soumis \u00e0 des conditions et caract\u00e9ristiques contractuelles particuli\u00e8res.<\/p>\n<\/div><ul class=\"fusion-checklist fusion-checklist-1\" style=\"font-size:18px;line-height:30.6px;\">\n\n<li style=\"background-color:rgba(255,255,255,0);\" class=\"fusion-li-item\"><span style=\"height:30.6px;width:30.6px;margin-right:12.6px;\" class=\"icon-wrapper circle-no\"><i class=\"fusion-li-icon awb-icon-check\" style=\"color:#ffffff;\" aria-hidden=\"true\"><\/i><\/span><div class=\"fusion-li-item-content\" style=\"margin-left:43.2px;color:#59667d;\">Blessures sportives : entorses, luxations, contractures musculaires, tendinites, \u00e9picondylites\u2026<\/div><\/li>\n<li style=\"background-color:rgba(255,255,255,0);\" class=\"fusion-li-item\"><span style=\"height:30.6px;width:30.6px;margin-right:12.6px;\" class=\"icon-wrapper circle-no\"><i class=\"fusion-li-icon awb-icon-check\" style=\"color:#ffffff;\" aria-hidden=\"true\"><\/i><\/span><div class=\"fusion-li-item-content\" style=\"margin-left:43.2px;color:#59667d;\">Maux de dos : douleurs cervicales, dorsalgies, lombalgies, probl\u00e8mes discaux, hernies discales, scoliose, arthrose, torticolis&#8230;<\/div><\/li>\n<li style=\"background-color:rgba(255,255,255,0);\" class=\"fusion-li-item\"><span style=\"height:30.6px;width:30.6px;margin-right:12.6px;\" class=\"icon-wrapper circle-no\"><i class=\"fusion-li-icon awb-icon-check\" style=\"color:#ffffff;\" aria-hidden=\"true\"><\/i><\/span><div class=\"fusion-li-item-content\" style=\"margin-left:43.2px;color:#59667d;\">Traumatismes : accidents de voiture, coup du lapin, chutes&#8230;<\/div><\/li>\n<li style=\"background-color:rgba(255,255,255,0);\" class=\"fusion-li-item\"><span style=\"height:30.6px;width:30.6px;margin-right:12.6px;\" class=\"icon-wrapper circle-no\"><i class=\"fusion-li-icon awb-icon-check\" style=\"color:#ffffff;\" aria-hidden=\"true\"><\/i><\/span><div class=\"fusion-li-item-content\" style=\"margin-left:43.2px;color:#59667d;\">Maux de t\u00eate, migraines, maux de t\u00eate, fibromyalgie, douleurs g\u00e9n\u00e9rales&#8230;<\/div><\/li>\n<li style=\"background-color:rgba(255,255,255,0);\" class=\"fusion-li-item\"><span style=\"height:30.6px;width:30.6px;margin-right:12.6px;\" class=\"icon-wrapper circle-no\"><i class=\"fusion-li-icon awb-icon-check\" style=\"color:#ffffff;\" aria-hidden=\"true\"><\/i><\/span><div class=\"fusion-li-item-content\" style=\"margin-left:43.2px;color:#59667d;\">Sciatique, cruralgie, Cervicobrachialgie<\/div><\/li>\n<li style=\"background-color:rgba(255,255,255,0);\" class=\"fusion-li-item\"><span style=\"height:30.6px;width:30.6px;margin-right:12.6px;\" class=\"icon-wrapper circle-no\"><i class=\"fusion-li-icon awb-icon-check\" style=\"color:#ffffff;\" aria-hidden=\"true\"><\/i><\/span><div class=\"fusion-li-item-content\" style=\"margin-left:43.2px;color:#59667d;\">Troubles digestifs : gastrite, hernies hiatales, ulc\u00e8res, constipation, maladie de Crohn&#8230;<\/div><\/li>\n<li style=\"background-color:rgba(255,255,255,0);\" class=\"fusion-li-item\"><span style=\"height:30.6px;width:30.6px;margin-right:12.6px;\" class=\"icon-wrapper circle-no\"><i class=\"fusion-li-icon awb-icon-check\" style=\"color:#ffffff;\" aria-hidden=\"true\"><\/i><\/span><div class=\"fusion-li-item-content\" style=\"margin-left:43.2px;color:#59667d;\">Vertiges, vertiges et Acouph\u00e8nes (Acouph\u00e8nes)&#8230;<\/div><\/li>\n\n<\/ul><ul class=\"fusion-checklist fusion-checklist-2\" style=\"font-size:18px;line-height:30.6px;\">\n\n<li style=\"background-color:rgba(255,255,255,0);\" class=\"fusion-li-item\"><span style=\"height:30.6px;width:30.6px;margin-right:12.6px;\" class=\"icon-wrapper circle-no\"><i class=\"fusion-li-icon awb-icon-check\" style=\"color:#ffffff;\" aria-hidden=\"true\"><\/i><\/span><div class=\"fusion-li-item-content\" style=\"margin-left:43.2px;color:#59667d;\">Douleurs post-chirurgicales, cicatrices&#8230;<\/div><\/li>\n<li style=\"background-color:rgba(255,255,255,0);\" class=\"fusion-li-item\"><span style=\"height:30.6px;width:30.6px;margin-right:12.6px;\" class=\"icon-wrapper circle-no\"><i class=\"fusion-li-icon awb-icon-check\" style=\"color:#ffffff;\" aria-hidden=\"true\"><\/i><\/span><div class=\"fusion-li-item-content\" style=\"margin-left:43.2px;color:#59667d;\">Dysfonctionnements gyn\u00e9cologiques : douleurs menstruelles, probl\u00e8mes hormonaux, cystites r\u00e9cidivantes, douleurs lombaires&#8230;<\/div><\/li>\n<li style=\"background-color:rgba(255,255,255,0);\" class=\"fusion-li-item\"><span style=\"height:30.6px;width:30.6px;margin-right:12.6px;\" class=\"icon-wrapper circle-no\"><i class=\"fusion-li-icon awb-icon-check\" style=\"color:#ffffff;\" aria-hidden=\"true\"><\/i><\/span><div class=\"fusion-li-item-content\" style=\"margin-left:43.2px;color:#59667d;\">Grossesse : Pr\u00e9 et post-partum<\/div><\/li>\n<li style=\"background-color:rgba(255,255,255,0);\" class=\"fusion-li-item\"><span style=\"height:30.6px;width:30.6px;margin-right:12.6px;\" class=\"icon-wrapper circle-no\"><i class=\"fusion-li-icon awb-icon-check\" style=\"color:#ffffff;\" aria-hidden=\"true\"><\/i><\/span><div class=\"fusion-li-item-content\" style=\"margin-left:43.2px;color:#59667d;\">Anxi\u00e9t\u00e9, stress, fatigue, insomnie, manque de concentration<\/div><\/li>\n<li style=\"background-color:rgba(255,255,255,0);\" class=\"fusion-li-item\"><span style=\"height:30.6px;width:30.6px;margin-right:12.6px;\" class=\"icon-wrapper circle-no\"><i class=\"fusion-li-icon awb-icon-check\" style=\"color:#ffffff;\" aria-hidden=\"true\"><\/i><\/span><div class=\"fusion-li-item-content\" style=\"margin-left:43.2px;color:#59667d;\">Probl\u00e8mes oculaires, otites, sinusites et rhinites, pathologie temporo-mandibulaire : blocage mandibulaire, claquements, douleurs, bruxisme&#8230;<\/div><\/li>\n<li style=\"background-color:rgba(255,255,255,0);\" class=\"fusion-li-item\"><span style=\"height:30.6px;width:30.6px;margin-right:12.6px;\" class=\"icon-wrapper circle-no\"><i class=\"fusion-li-icon awb-icon-check\" style=\"color:#ffffff;\" aria-hidden=\"true\"><\/i><\/span><div class=\"fusion-li-item-content\" style=\"margin-left:43.2px;color:#59667d;\">P\u00e9diatrie&nbsp;: plagioc\u00e9phalie, torticolis cong\u00e9nital, insomnie, coliques chez les nourrissons, hyperactivit\u00e9, manque de concentration, pleurs excessifs, pied bot, scoliose cr\u00e2nienne<\/div><\/li>\n\n<\/ul><div class=\"fusion-separator fusion-full-width-sep\" style=\"align-self: center;margin-left: auto;margin-right: auto;margin-top:20px;width:100%;\"><\/div><div style=\"text-align:center;\"><span class=\" fusion-imageframe imageframe-none imageframe-1 hover-type-zoomin\" style=\"border-radius:12px;\"><img decoding=\"async\" width=\"654\" height=\"1555\" alt=\"urgencias domicilio osteopatia2\" title=\"urgencias domicilio osteopatia2\" src=\"https:\/\/www.osteopatiamotec.com\/wp-content\/uploads\/urgencias-domicilio-osteopatia2.jpg\" data-orig-src=\"https:\/\/www.osteopatiamotec.com\/wp-content\/uploads\/urgencias-domicilio-osteopatia2.jpg\" class=\"lazyload img-responsive wp-image-7150\" srcset=\"data:image\/svg+xml,%3Csvg%20xmlns%3D%27http%3A%2F%2Fwww.w3.org%2F2000%2Fsvg%27%20width%3D%27654%27%20height%3D%271555%27%20viewBox%3D%270%200%20654%201555%27%3E%3Crect%20width%3D%27654%27%20height%3D%271555%27%20fill-opacity%3D%220%22%2F%3E%3C%2Fsvg%3E\" data-srcset=\"https:\/\/www.osteopatiamotec.com\/wp-content\/uploads\/urgencias-domicilio-osteopatia2-200x476.jpg 200w, https:\/\/www.osteopatiamotec.com\/wp-content\/uploads\/urgencias-domicilio-osteopatia2-400x951.jpg 400w, https:\/\/www.osteopatiamotec.com\/wp-content\/uploads\/urgencias-domicilio-osteopatia2-600x1427.jpg 600w, https:\/\/www.osteopatiamotec.com\/wp-content\/uploads\/urgencias-domicilio-osteopatia2.jpg 654w\" data-sizes=\"auto\" data-orig-sizes=\"(max-width: 640px) 100vw, 654px\" \/><\/span><\/div><\/div><style type=\"text\/css\">.fusion-body .fusion-builder-column-0{width:100% !important;margin-top : 3%;margin-bottom : 20px;}.fusion-builder-column-0 > .fusion-column-wrapper {padding-top : 20px !important;padding-right : 40px !important;margin-right : 1.92%;padding-bottom : 40px !important;padding-left : 40px !important;margin-left : 1.92%;}@media only screen and (max-width:1200px) {.fusion-body .fusion-builder-column-0{width:100% !important;}.fusion-builder-column-0 > .fusion-column-wrapper {margin-right : 1.92%;margin-left : 1.92%;}}@media only screen and (max-width:640px) {.fusion-body .fusion-builder-column-0{width:100% !important;}.fusion-builder-column-0 > .fusion-column-wrapper {margin-right : 1.92%;margin-left : 1.92%;}}<\/style><\/div><\/div><style type=\"text\/css\">.fusion-body .fusion-flex-container.fusion-builder-row-1{ padding-top : 40px;margin-top : 0px;padding-right : 40px;padding-bottom : 40px;margin-bottom : 0px;padding-left : 40px;}<\/style><\/div>\n","protected":false},"excerpt":{"rendered":"","protected":false},"author":1,"featured_media":0,"parent":0,"menu_order":0,"comment_status":"open","ping_status":"open","template":"","meta":{"footnotes":""},"class_list":["post-3130","page","type-page","status-publish","hentry"],"yoast_head":"<!-- This site is optimized with the Yoast SEO plugin v27.4 - https:\/\/yoast.com\/product\/yoast-seo-wordpress\/ -->\n<title>Physioth\u00e9rapie d&#039;urgence \u00e0 domicile Barcelone - MOTEC<\/title>\n<meta name=\"description\" content=\"Urgences kin\u00e9sith\u00e9rapie \u00e0 domicile, ost\u00e9opathie \u00e0 domicile \u00e0 Barcelone, kin\u00e9sith\u00e9rapie \u00e0 domicile \u00e0 Barcelone\" \/>\n<meta name=\"robots\" content=\"index, follow, max-snippet:-1, max-image-preview:large, max-video-preview:-1\" \/>\n<link rel=\"canonical\" href=\"https:\/\/www.osteopatiamotec.com\/fr\/urgences-a-domicile\/\" \/>\n<meta property=\"og:locale\" content=\"fr_FR\" \/>\n<meta property=\"og:type\" content=\"article\" \/>\n<meta property=\"og:title\" content=\"Physioth\u00e9rapie d&#039;urgence \u00e0 domicile Barcelone - MOTEC\" \/>\n<meta property=\"og:description\" content=\"Urgences kin\u00e9sith\u00e9rapie \u00e0 domicile, ost\u00e9opathie \u00e0 domicile \u00e0 Barcelone, kin\u00e9sith\u00e9rapie \u00e0 domicile \u00e0 Barcelone\" \/>\n<meta property=\"og:url\" content=\"https:\/\/www.osteopatiamotec.com\/fr\/urgences-a-domicile\/\" \/>\n<meta property=\"og:site_name\" content=\"Centro de Osteopat\u00eda en Barcelona - Motec\" \/>\n<meta property=\"article:publisher\" content=\"https:\/\/www.facebook.com\/osteopatiamotec\/\" \/>\n<meta property=\"article:modified_time\" content=\"2022-01-26T12:31:46+00:00\" \/>\n<meta property=\"og:image\" content=\"https:\/\/www.osteopatiamotec.com\/wp-content\/uploads\/urgencias-domicilio-osteopatia2.jpg\" \/>\n<meta name=\"twitter:card\" content=\"summary_large_image\" \/>\n<meta name=\"twitter:site\" content=\"@motecosteopatia\" \/>\n<meta name=\"twitter:label1\" content=\"Dur\u00e9e de lecture estim\u00e9e\" \/>\n\t<meta name=\"twitter:data1\" content=\"3 minutes\" \/>\n<script type=\"application\/ld+json\" class=\"yoast-schema-graph\">{\"@context\":\"https:\\\/\\\/schema.org\",\"@graph\":[{\"@type\":[\"WebPage\",\"MedicalWebPage\"],\"@id\":\"https:\\\/\\\/www.osteopatiamotec.com\\\/fr\\\/urgences-a-domicile\\\/\",\"url\":\"https:\\\/\\\/www.osteopatiamotec.com\\\/fr\\\/urgences-a-domicile\\\/\",\"name\":\"Physioth\u00e9rapie d'urgence \u00e0 domicile Barcelone - MOTEC\",\"isPartOf\":{\"@id\":\"https:\\\/\\\/www.osteopatiamotec.com\\\/fr\\\/#website\"},\"primaryImageOfPage\":{\"@id\":\"https:\\\/\\\/www.osteopatiamotec.com\\\/fr\\\/urgences-a-domicile\\\/#primaryimage\"},\"image\":{\"@id\":\"https:\\\/\\\/www.osteopatiamotec.com\\\/fr\\\/urgences-a-domicile\\\/#primaryimage\"},\"thumbnailUrl\":\"https:\\\/\\\/www.osteopatiamotec.com\\\/wp-content\\\/uploads\\\/urgencias-domicilio-osteopatia2.jpg\",\"datePublished\":\"2012-09-28T17:36:38+00:00\",\"dateModified\":\"2022-01-26T12:31:46+00:00\",\"description\":\"Urgences kin\u00e9sith\u00e9rapie \u00e0 domicile, ost\u00e9opathie \u00e0 domicile \u00e0 Barcelone, kin\u00e9sith\u00e9rapie \u00e0 domicile \u00e0 Barcelone\",\"breadcrumb\":{\"@id\":\"https:\\\/\\\/www.osteopatiamotec.com\\\/fr\\\/urgences-a-domicile\\\/#breadcrumb\"},\"inLanguage\":\"fr-FR\",\"potentialAction\":[{\"@type\":\"ReadAction\",\"target\":[\"https:\\\/\\\/www.osteopatiamotec.com\\\/fr\\\/urgences-a-domicile\\\/\"]}]},{\"@type\":\"ImageObject\",\"inLanguage\":\"fr-FR\",\"@id\":\"https:\\\/\\\/www.osteopatiamotec.com\\\/fr\\\/urgences-a-domicile\\\/#primaryimage\",\"url\":\"https:\\\/\\\/www.osteopatiamotec.com\\\/wp-content\\\/uploads\\\/urgencias-domicilio-osteopatia2.jpg\",\"contentUrl\":\"https:\\\/\\\/www.osteopatiamotec.com\\\/wp-content\\\/uploads\\\/urgencias-domicilio-osteopatia2.jpg\"},{\"@type\":\"BreadcrumbList\",\"@id\":\"https:\\\/\\\/www.osteopatiamotec.com\\\/fr\\\/urgences-a-domicile\\\/#breadcrumb\",\"itemListElement\":[{\"@type\":\"ListItem\",\"position\":1,\"name\":\"Home\",\"item\":\"https:\\\/\\\/www.osteopatiamotec.com\\\/fr\\\/\"},{\"@type\":\"ListItem\",\"position\":2,\"name\":\"Urgences \u00e0 domicile\"}]},{\"@type\":\"WebSite\",\"@id\":\"https:\\\/\\\/www.osteopatiamotec.com\\\/fr\\\/#website\",\"url\":\"https:\\\/\\\/www.osteopatiamotec.com\\\/fr\\\/\",\"name\":\"Centro de Osteopat\u00eda en Barcelona - Motec\",\"description\":\"En el Centro de Osteopat\u00eda Motec de Barcelona (Medicina Osteop\u00e1tica y Terapia Cr\u00e1neo-Sacral) no tratamos s\u00f3lo enfermedades, sino que tratamos personas. Debido a nuestra continua formaci\u00f3n, integramos desde t\u00e9cnicas osteop\u00e1ticas cl\u00e1sicas a viscerales, craneales, membranosas, fasciales, somatoemocionales, pedi\u00e1tricas, craneosacrales, seguimiento del embarazo\u2026\",\"publisher\":{\"@id\":\"https:\\\/\\\/www.osteopatiamotec.com\\\/fr\\\/#organization\"},\"potentialAction\":[{\"@type\":\"SearchAction\",\"target\":{\"@type\":\"EntryPoint\",\"urlTemplate\":\"https:\\\/\\\/www.osteopatiamotec.com\\\/fr\\\/?s={search_term_string}\"},\"query-input\":{\"@type\":\"PropertyValueSpecification\",\"valueRequired\":true,\"valueName\":\"search_term_string\"}}],\"inLanguage\":\"fr-FR\"},{\"@type\":\"Organization\",\"@id\":\"https:\\\/\\\/www.osteopatiamotec.com\\\/fr\\\/#organization\",\"name\":\"Centro de Osteopat\u00eda Motec Barcelona\",\"url\":\"https:\\\/\\\/www.osteopatiamotec.com\\\/fr\\\/\",\"logo\":{\"@type\":\"ImageObject\",\"inLanguage\":\"fr-FR\",\"@id\":\"https:\\\/\\\/www.osteopatiamotec.com\\\/fr\\\/#\\\/schema\\\/logo\\\/image\\\/\",\"url\":\"https:\\\/\\\/www.osteopatiamotec.com\\\/wp-content\\\/uploads\\\/osteopatiamotec-social.jpg\",\"contentUrl\":\"https:\\\/\\\/www.osteopatiamotec.com\\\/wp-content\\\/uploads\\\/osteopatiamotec-social.jpg\",\"width\":1200,\"height\":800,\"caption\":\"Centro de Osteopat\u00eda Motec Barcelona\"},\"image\":{\"@id\":\"https:\\\/\\\/www.osteopatiamotec.com\\\/fr\\\/#\\\/schema\\\/logo\\\/image\\\/\"},\"sameAs\":[\"https:\\\/\\\/www.facebook.com\\\/osteopatiamotec\\\/\",\"https:\\\/\\\/x.com\\\/motecosteopatia\",\"https:\\\/\\\/www.instagram.com\\\/osteopatiamotec\\\/\",\"https:\\\/\\\/www.youtube.com\\\/channel\\\/UCiJMpuIx-plYD-Y3Y9Pod6A\"]}]}<\/script>\n<!-- \/ Yoast SEO plugin. -->","yoast_head_json":{"title":"Physioth\u00e9rapie d'urgence \u00e0 domicile Barcelone - MOTEC","description":"Urgences kin\u00e9sith\u00e9rapie \u00e0 domicile, ost\u00e9opathie \u00e0 domicile \u00e0 Barcelone, kin\u00e9sith\u00e9rapie \u00e0 domicile \u00e0 Barcelone","robots":{"index":"index","follow":"follow","max-snippet":"max-snippet:-1","max-image-preview":"max-image-preview:large","max-video-preview":"max-video-preview:-1"},"canonical":"https:\/\/www.osteopatiamotec.com\/fr\/urgences-a-domicile\/","og_locale":"fr_FR","og_type":"article","og_title":"Physioth\u00e9rapie d'urgence \u00e0 domicile Barcelone - MOTEC","og_description":"Urgences kin\u00e9sith\u00e9rapie \u00e0 domicile, ost\u00e9opathie \u00e0 domicile \u00e0 Barcelone, kin\u00e9sith\u00e9rapie \u00e0 domicile \u00e0 Barcelone","og_url":"https:\/\/www.osteopatiamotec.com\/fr\/urgences-a-domicile\/","og_site_name":"Centro de Osteopat\u00eda en Barcelona - Motec","article_publisher":"https:\/\/www.facebook.com\/osteopatiamotec\/","article_modified_time":"2022-01-26T12:31:46+00:00","og_image":[{"url":"https:\/\/www.osteopatiamotec.com\/wp-content\/uploads\/urgencias-domicilio-osteopatia2.jpg","type":"","width":"","height":""}],"twitter_card":"summary_large_image","twitter_site":"@motecosteopatia","twitter_misc":{"Dur\u00e9e de lecture estim\u00e9e":"3 minutes"},"schema":{"@context":"https:\/\/schema.org","@graph":[{"@type":["WebPage","MedicalWebPage"],"@id":"https:\/\/www.osteopatiamotec.com\/fr\/urgences-a-domicile\/","url":"https:\/\/www.osteopatiamotec.com\/fr\/urgences-a-domicile\/","name":"Physioth\u00e9rapie d'urgence \u00e0 domicile Barcelone - MOTEC","isPartOf":{"@id":"https:\/\/www.osteopatiamotec.com\/fr\/#website"},"primaryImageOfPage":{"@id":"https:\/\/www.osteopatiamotec.com\/fr\/urgences-a-domicile\/#primaryimage"},"image":{"@id":"https:\/\/www.osteopatiamotec.com\/fr\/urgences-a-domicile\/#primaryimage"},"thumbnailUrl":"https:\/\/www.osteopatiamotec.com\/wp-content\/uploads\/urgencias-domicilio-osteopatia2.jpg","datePublished":"2012-09-28T17:36:38+00:00","dateModified":"2022-01-26T12:31:46+00:00","description":"Urgences kin\u00e9sith\u00e9rapie \u00e0 domicile, ost\u00e9opathie \u00e0 domicile \u00e0 Barcelone, kin\u00e9sith\u00e9rapie \u00e0 domicile \u00e0 Barcelone","breadcrumb":{"@id":"https:\/\/www.osteopatiamotec.com\/fr\/urgences-a-domicile\/#breadcrumb"},"inLanguage":"fr-FR","potentialAction":[{"@type":"ReadAction","target":["https:\/\/www.osteopatiamotec.com\/fr\/urgences-a-domicile\/"]}]},{"@type":"ImageObject","inLanguage":"fr-FR","@id":"https:\/\/www.osteopatiamotec.com\/fr\/urgences-a-domicile\/#primaryimage","url":"https:\/\/www.osteopatiamotec.com\/wp-content\/uploads\/urgencias-domicilio-osteopatia2.jpg","contentUrl":"https:\/\/www.osteopatiamotec.com\/wp-content\/uploads\/urgencias-domicilio-osteopatia2.jpg"},{"@type":"BreadcrumbList","@id":"https:\/\/www.osteopatiamotec.com\/fr\/urgences-a-domicile\/#breadcrumb","itemListElement":[{"@type":"ListItem","position":1,"name":"Home","item":"https:\/\/www.osteopatiamotec.com\/fr\/"},{"@type":"ListItem","position":2,"name":"Urgences \u00e0 domicile"}]},{"@type":"WebSite","@id":"https:\/\/www.osteopatiamotec.com\/fr\/#website","url":"https:\/\/www.osteopatiamotec.com\/fr\/","name":"Centro de Osteopat\u00eda en Barcelona - Motec","description":"En el Centro de Osteopat\u00eda Motec de Barcelona (Medicina Osteop\u00e1tica y Terapia Cr\u00e1neo-Sacral) no tratamos s\u00f3lo enfermedades, sino que tratamos personas. Debido a nuestra continua formaci\u00f3n, integramos desde t\u00e9cnicas osteop\u00e1ticas cl\u00e1sicas a viscerales, craneales, membranosas, fasciales, somatoemocionales, pedi\u00e1tricas, craneosacrales, seguimiento del embarazo\u2026","publisher":{"@id":"https:\/\/www.osteopatiamotec.com\/fr\/#organization"},"potentialAction":[{"@type":"SearchAction","target":{"@type":"EntryPoint","urlTemplate":"https:\/\/www.osteopatiamotec.com\/fr\/?s={search_term_string}"},"query-input":{"@type":"PropertyValueSpecification","valueRequired":true,"valueName":"search_term_string"}}],"inLanguage":"fr-FR"},{"@type":"Organization","@id":"https:\/\/www.osteopatiamotec.com\/fr\/#organization","name":"Centro de Osteopat\u00eda Motec Barcelona","url":"https:\/\/www.osteopatiamotec.com\/fr\/","logo":{"@type":"ImageObject","inLanguage":"fr-FR","@id":"https:\/\/www.osteopatiamotec.com\/fr\/#\/schema\/logo\/image\/","url":"https:\/\/www.osteopatiamotec.com\/wp-content\/uploads\/osteopatiamotec-social.jpg","contentUrl":"https:\/\/www.osteopatiamotec.com\/wp-content\/uploads\/osteopatiamotec-social.jpg","width":1200,"height":800,"caption":"Centro de Osteopat\u00eda Motec Barcelona"},"image":{"@id":"https:\/\/www.osteopatiamotec.com\/fr\/#\/schema\/logo\/image\/"},"sameAs":["https:\/\/www.facebook.com\/osteopatiamotec\/","https:\/\/x.com\/motecosteopatia","https:\/\/www.instagram.com\/osteopatiamotec\/","https:\/\/www.youtube.com\/channel\/UCiJMpuIx-plYD-Y3Y9Pod6A"]}]}},"_links":{"self":[{"href":"https:\/\/www.osteopatiamotec.com\/fr\/wp-json\/wp\/v2\/pages\/3130","targetHints":{"allow":["GET"]}}],"collection":[{"href":"https:\/\/www.osteopatiamotec.com\/fr\/wp-json\/wp\/v2\/pages"}],"about":[{"href":"https:\/\/www.osteopatiamotec.com\/fr\/wp-json\/wp\/v2\/types\/page"}],"author":[{"embeddable":true,"href":"https:\/\/www.osteopatiamotec.com\/fr\/wp-json\/wp\/v2\/users\/1"}],"replies":[{"embeddable":true,"href":"https:\/\/www.osteopatiamotec.com\/fr\/wp-json\/wp\/v2\/comments?post=3130"}],"version-history":[{"count":0,"href":"https:\/\/www.osteopatiamotec.com\/fr\/wp-json\/wp\/v2\/pages\/3130\/revisions"}],"wp:attachment":[{"href":"https:\/\/www.osteopatiamotec.com\/fr\/wp-json\/wp\/v2\/media?parent=3130"}],"curies":[{"name":"wp","href":"https:\/\/api.w.org\/{rel}","templated":true}]}}