{"id":3132,"date":"2012-09-29T12:18:15","date_gmt":"2012-09-29T12:18:15","guid":{"rendered":"https:\/\/www.osteopatiamotec.com\/les-principes-de-losteopathie\/"},"modified":"2022-01-26T16:36:17","modified_gmt":"2022-01-26T15:36:17","slug":"les-principes-de-losteopathie","status":"publish","type":"page","link":"https:\/\/www.osteopatiamotec.com\/fr\/quest-ce-que-losteopathie\/les-principes-de-losteopathie\/","title":{"rendered":"Principes de l&rsquo;ost\u00e9opathie (ROE)"},"content":{"rendered":"<div class=\"fusion-fullwidth fullwidth-box fusion-builder-row-1 fusion-flex-container nonhundred-percent-fullwidth non-hundred-percent-height-scrolling\" style=\"background-color: rgba(255,255,255,0);background-position: center center;background-repeat: no-repeat;border-width: 0px 0px 0px 0px;border-color:#e8ebef;border-style:solid;\" ><div class=\"fusion-builder-row fusion-row fusion-flex-align-items-flex-start\" style=\"max-width:1248px;margin-left: calc(-4% \/ 2 );margin-right: calc(-4% \/ 2 );\"><div class=\"fusion-layout-column fusion_builder_column fusion-builder-column-0 fusion_builder_column_1_1 1_1 fusion-flex-column\"><div class=\"fusion-column-wrapper fusion-flex-justify-content-flex-start fusion-content-layout-column\" style=\"background-position:left top;background-repeat:no-repeat;-webkit-background-size:cover;-moz-background-size:cover;-o-background-size:cover;background-size:cover;border-width: 1px 1px 1px 1px;border-color:#dddddd;border-style:solid;padding: 0px 40px 40px 40px;\"><div class=\"fusion-text fusion-text-1\"><h3 style=\"font-weight: 400;\">Principes de l&rsquo;ost\u00e9opathie<\/h3>\n<\/div><div class=\"fusion-text fusion-text-2\"><p style=\"text-align: justify;\">Les principes d\u00e9crits dans cette section sont fondamentalement les id\u00e9aux que l&rsquo;ost\u00e9opathe essaie de rechercher dans sa vision de la sant\u00e9 et de la maladie. Il convient de garder \u00e0 l&rsquo;esprit que l&rsquo;ost\u00e9opathie n&rsquo;est pas une simple combinaison de m\u00e9decine occidentale et de manipulations et, par cons\u00e9quent, ces principes ne doivent pas seulement \u00eatre appliqu\u00e9s \u00e0 la manipulation elle-m\u00eame, mais \u00e9galement aux soins de sant\u00e9 globaux du patient.<\/p>\n<p style=\"text-align: justify;\">Les quatre premiers principes ont \u00e9t\u00e9 \u00e9tablis par le Kirksville College of Osteopathic Medicine en 1953. Le reste a \u00e9t\u00e9 publi\u00e9 dans le Journal of American Osteopathy en 1981 :<\/p>\n<p style=\"text-align: justify;\"><strong>1. \u00ab\u00a0LE CORPS EST UNE UNIT\u00c9\u00a0\u00bb <\/strong><\/p>\n<p style=\"text-align: justify;\">L&rsquo;\u00eatre humain ne fonctionne pas comme une s\u00e9rie de parties ind\u00e9pendantes, mais comme un tout. Cela dit, tout est \u00e9videmment compos\u00e9 de diff\u00e9rentes parties, toutes \u0153uvrant pour le bien du corps dans son ensemble. Le m\u00e9canisme d&rsquo;union entre les diff\u00e9rentes parties est donn\u00e9 par le fascia (tissu conjonctif). Les syst\u00e8mes musculo-squelettique et nerveux contribuent \u00e0 la communication et \u00e0 la locomotion, tandis que les syst\u00e8mes art\u00e9riel, veineux et lymphatique favorisent la nutrition des tissus et l&rsquo;\u00e9limination des substances toxiques.<\/p>\n<p style=\"text-align: justify;\"><strong>2. \u00abLA STRUCTURE ET LA FONCTION SONT LI\u00c9ES\u00bb <\/strong><\/p>\n<p style=\"text-align: justify;\">Toute partie du corps remplit une fonction marqu\u00e9e par sa propre structure. Ainsi, et \u00e0 titre d&rsquo;exemple, la forme des c\u00f4tes, leur rapport avec les vert\u00e8bres dorsales ou avec le sternum, ainsi que la mobilit\u00e9 des muscles respiratoires, d\u00e9terminent son mode de fonctionnement. Par cons\u00e9quent, la structure r\u00e9git la fonction. D&rsquo;autre part, la fonction peut modifier la structure, puisque par exemple une utilisation excessive d&rsquo;un certain tendon peut finir par entra\u00eener des modifications de l&rsquo;os dans lequel il est ins\u00e9r\u00e9.<\/p>\n<p style=\"text-align: justify;\"><strong>3. \u00ab\u00a0LE CORPS A DES M\u00c9CANISMES D&rsquo;AUTO-R\u00c9GULATION\u00a0\u00bb <\/strong><\/p>\n<p style=\"text-align: justify;\">L&rsquo;individu tend \u00e0 \u00e9quilibrer ses syst\u00e8mes. Il existe de nombreux m\u00e9canismes neuronaux, hormonaux, vasculaires, etc. \u00e0 partir de laquelle le corps peut r\u00e9guler ses fonctions de mani\u00e8re inconsciente. Ainsi, par exemple, la lib\u00e9ration d&rsquo;hormones dans l&rsquo;hypothalamus produit la lib\u00e9ration d&rsquo;hormones dans l&rsquo;hypophyse ; cela lib\u00e8re \u00e0 son tour des hormones qui vont agir sur un organe cible, qui finira par lib\u00e9rer des produits finaux pouvant \u00eatre d\u00e9tect\u00e9s. Gr\u00e2ce \u00e0 un m\u00e9canisme de r\u00e9troaction qui d\u00e9tecte ces produits finaux, la fonction initiale de l&rsquo;hypothalamus sur l&rsquo;hypophyse est r\u00e9gul\u00e9e. Tout fonctionne selon le concept du corps en tant qu&rsquo;unit\u00e9.<\/p>\n<p style=\"text-align: justify;\"><strong>4. \u00abLE CORPS A LA CAPACIT\u00c9 INH\u00c9RENTE DE SE D\u00c9FENDRE ET DE SE R\u00c9PARER\u00bb <\/strong><\/p>\n<p style=\"text-align: justify;\">Il est surprenant que la maladie n&rsquo;apparaisse pas plus fr\u00e9quemment si l&rsquo;on tient compte du fait que dans notre environnement il existe d&rsquo;innombrables agents pathog\u00e8nes, irritants et de nombreuses substances toxiques. La premi\u00e8re ligne de d\u00e9fense se trouve dans la peau et les muqueuses, o\u00f9 il existe des syst\u00e8mes pour d\u00e9tecter et emp\u00eacher l&rsquo;entr\u00e9e d&rsquo;\u00e9l\u00e9ments nocifs pour l&rsquo;organisme. Si cette d\u00e9fense est surmont\u00e9e, les syst\u00e8mes immunitaires humoral et cellulaire sont activ\u00e9s pour prot\u00e9ger l&rsquo;organisme des \u00e9l\u00e9ments potentiellement nocifs. De son c\u00f4t\u00e9, l&rsquo;augmentation de la temp\u00e9rature (r\u00e9gul\u00e9e par le Syst\u00e8me Nerveux Central) peut appara\u00eetre en r\u00e9ponse \u00e0 l&rsquo;apparition de pathog\u00e8nes et inhibe ainsi la reproduction des micro-organismes, laissant le temps \u00e0 la r\u00e9ponse immunitaire d&rsquo;agir. D&rsquo;autre part, il faut tenir compte du fait qu&rsquo;une temp\u00e9rature excessive (fi\u00e8vre) peut \u00eatre nocive pour l&rsquo;individu.<\/p>\n<p style=\"text-align: justify;\">Le corps a \u00e0 son tour la capacit\u00e9 de se r\u00e9parer et on le voit fr\u00e9quemment dans le cas de plaies, d&rsquo;entorses ou de fractures, et ce d\u00e8s le d\u00e9part gr\u00e2ce \u00e0 des m\u00e9canismes d&rsquo;adaptation. Cette adaptation est cl\u00e9 dans le fonctionnement du corps et peut devenir extraordinaire \u00e0 certains moments. Ainsi, en cas de dysfonctionnement d&rsquo;un rein, le rein sain commence \u00e0 remplir les fonctions de l&rsquo;autre, doublant pratiquement sa charge de travail.<\/p>\n<p style=\"text-align: justify;\"><strong>5. \u00ab SI LA CAPACIT\u00c9 D&rsquo;ADAPTATION ET D&rsquo;AUTO-R\u00c9GULATION EST PERDUE, LA MALADIE PEUT APPAVOIR \u00bb <\/strong><\/p>\n<p style=\"text-align: justify;\">La maladie est une interaction entre la personne et l&rsquo;environnement interne et externe et survient lorsque les m\u00e9canismes de d\u00e9fense ou d&rsquo;adaptation \u00e0 une situation sont surmont\u00e9s. La cause peut \u00eatre une alt\u00e9ration de la structure ou de la fonction qui emp\u00eache cette adaptation. De plus, la somme des facteurs l\u00e9sionnels ou pathog\u00e8nes multiplie la difficult\u00e9 \u00e0 les surmonter.<\/p>\n<p style=\"text-align: justify;\"><strong>6. \u00abUN TRAITEMENT RATIONNEL DOIT \u00caTRE BAS\u00c9 SUR LES PRINCIPES CI-DESSUS\u00bb <\/strong><\/p>\n<p style=\"text-align: justify;\">Le traitement manuel ost\u00e9opathique n&rsquo;est pas mentionn\u00e9 dans ces principes. Quand ATStill a annonc\u00e9 sa philosophie en 1874, il n&rsquo;a pas mentionn\u00e9 la manipulation et en fait, il semble qu&rsquo;il n&rsquo;ait commenc\u00e9 \u00e0 l&rsquo;utiliser que 5 ans plus tard comme outil de diagnostic et de traitement. La manipulation n&rsquo;est qu&rsquo;un aspect de la philosophie ost\u00e9opathique et pas n\u00e9cessairement le plus important. Cependant, reconna\u00eetre l&rsquo;importance de la composante somatique de la maladie rendra une telle manipulation plus utile.<\/p>\n<p style=\"text-align: justify;\">En plus des principes de base de la philosophie ost\u00e9opathique, il existe d&rsquo;autres concepts qui aident l&rsquo;ost\u00e9opathe dans son approche du patient :<\/p>\n<p style=\"text-align: justify;\"><strong>\u2022 \u00abLE MOUVEMENT DES FLUIDES EST INDISPENSABLE AU MAINTIEN DE LA SANT\u00c9\u00bb <\/strong><\/p>\n<p style=\"text-align: justify;\">Les art\u00e8res et le reste des structures tubulaires jouent un r\u00f4le crucial \u00e0 la fois dans l&rsquo;apport nutritionnel et dans l&rsquo;\u00e9limination des d\u00e9chets. Une alt\u00e9ration de la circulation dans ce sens produit une pathologie soit sous forme d&rsquo;inflammation, d&rsquo;atrophie, d&rsquo;irritation ou de traumatisme. Dans cette situation \u00e9galement, les processus de gu\u00e9rison sont ralentis et m\u00eame d\u00e9sactiv\u00e9s. L&rsquo;ost\u00e9opathe doit concentrer son attention sur les zones de dysfonctionnement qui peuvent influencer la circulation vers une zone bless\u00e9e ou pathologique.<\/p>\n<p style=\"text-align: justify;\"><strong>\u2022 \u00ab\u00a0LE SYST\u00c8ME NERVEUX JOUE UN RLE ESSENTIEL DANS LE CONTRLE DU CORPS\u00a0\u00bb <\/strong><\/p>\n<p style=\"text-align: justify;\">Le syst\u00e8me nerveux est fondamental dans le contr\u00f4le du flux sanguin. Une alt\u00e9ration du contr\u00f4le du Syst\u00e8me Nerveux Autonome au niveau thoracique peut entra\u00eener des modifications vasculaires des dermatomes somatiques innerv\u00e9s par ces segments. Cela entra\u00eenera des changements de temp\u00e9rature, des douleurs, des \u0153d\u00e8mes, etc. L&rsquo;ost\u00e9opathe a besoin d&rsquo;une grande connaissance de l&rsquo;anatomie et de la physiologie pour pouvoir d\u00e9tecter et r\u00e9soudre toute alt\u00e9ration et corriger avec pr\u00e9cision le fonctionnement du Syst\u00e8me Nerveux Autonome.<\/p>\n<p style=\"text-align: justify;\"><strong>\u2022 \u00ab\u00a0IL Y A DES COMPOSANTES SOMATIQUES DE LA MALADIE QUI NE SONT PAS SEULEMENT DES MANIFESTATIONS DE LA MALADIE, MAIS DES FACTEURS DE MAINTENANCE DE LA MALADIE\u00a0\u00bb <\/strong><\/p>\n<p style=\"text-align: justify;\">La composante somatique de la maladie peut \u00eatre caus\u00e9e par une blessure directe \u00e0 l&rsquo;organisme (choc, traumatisme, etc.) ou appara\u00eetre comme une r\u00e9ponse visc\u00e9rale \u00e0 la pathologie. Ainsi, et \u00e0 titre d&rsquo;exemple dans le cas d&rsquo;une appendicite on peut observer un spasme du muscle psoas ou de la paroi abdominale. Il semble que le m\u00e9canisme de cette r\u00e9ponse somatique soit d\u00fb au r\u00e9flexe visc\u00e9ro-somatique segmentaire. \u00c0 de nombreuses reprises, la blessure appara\u00eet \u00e0 partir du d\u00e9s\u00e9quilibre entre le syst\u00e8me neuromusculaire et les syst\u00e8mes visc\u00e9raux.<\/p>\n<\/div><\/div><style type=\"text\/css\">.fusion-body .fusion-builder-column-0{width:100% !important;margin-top : 20px;margin-bottom : 0px;}.fusion-builder-column-0 > .fusion-column-wrapper {padding-top : 0px !important;padding-right : 40px !important;margin-right : 1.92%;padding-bottom : 40px !important;padding-left : 40px !important;margin-left : 1.92%;}@media only screen and (max-width:1200px) {.fusion-body .fusion-builder-column-0{width:100% !important;}.fusion-builder-column-0 > .fusion-column-wrapper {margin-right : 1.92%;margin-left : 1.92%;}}@media only screen and (max-width:640px) {.fusion-body .fusion-builder-column-0{width:100% !important;}.fusion-builder-column-0 > .fusion-column-wrapper {margin-right : 1.92%;margin-left : 1.92%;}}<\/style><\/div><\/div><style type=\"text\/css\">.fusion-body .fusion-flex-container.fusion-builder-row-1{ padding-top : 0px;margin-top : 0px;padding-right : 0px;padding-bottom : 0px;margin-bottom : 0px;padding-left : 0px;}<\/style><\/div>\n","protected":false},"excerpt":{"rendered":"","protected":false},"author":1,"featured_media":0,"parent":3122,"menu_order":10,"comment_status":"open","ping_status":"open","template":"","meta":{"footnotes":""},"class_list":["post-3132","page","type-page","status-publish","hentry"],"yoast_head":"<!-- This site is optimized with the Yoast SEO plugin v27.4 - https:\/\/yoast.com\/product\/yoast-seo-wordpress\/ -->\n<title>Principes de l&#039;ost\u00e9opathie - Centro de Osteopat\u00eda MOTEC<\/title>\n<meta name=\"description\" content=\"Principes de l&#039;ost\u00e9opathie\" \/>\n<meta name=\"robots\" content=\"index, follow, max-snippet:-1, max-image-preview:large, max-video-preview:-1\" \/>\n<link rel=\"canonical\" href=\"https:\/\/www.osteopatiamotec.com\/fr\/quest-ce-que-losteopathie\/les-principes-de-losteopathie\/\" \/>\n<meta property=\"og:locale\" content=\"fr_FR\" \/>\n<meta property=\"og:type\" content=\"article\" \/>\n<meta property=\"og:title\" content=\"Principes de l&#039;ost\u00e9opathie - Centro de Osteopat\u00eda MOTEC\" \/>\n<meta property=\"og:description\" content=\"Principes de l&#039;ost\u00e9opathie\" \/>\n<meta property=\"og:url\" content=\"https:\/\/www.osteopatiamotec.com\/fr\/quest-ce-que-losteopathie\/les-principes-de-losteopathie\/\" \/>\n<meta property=\"og:site_name\" content=\"Centro de Osteopat\u00eda en Barcelona - Motec\" \/>\n<meta property=\"article:publisher\" content=\"https:\/\/www.facebook.com\/osteopatiamotec\/\" \/>\n<meta property=\"article:modified_time\" content=\"2022-01-26T15:36:17+00:00\" \/>\n<meta property=\"og:image\" content=\"https:\/\/www.osteopatiamotec.com\/wp-content\/uploads\/osteopatiamotec-social.jpg\" \/>\n\t<meta property=\"og:image:width\" content=\"1200\" \/>\n\t<meta property=\"og:image:height\" content=\"800\" \/>\n\t<meta property=\"og:image:type\" content=\"image\/jpeg\" \/>\n<meta name=\"twitter:card\" content=\"summary_large_image\" \/>\n<meta name=\"twitter:site\" content=\"@motecosteopatia\" \/>\n<meta name=\"twitter:label1\" content=\"Dur\u00e9e de lecture estim\u00e9e\" \/>\n\t<meta name=\"twitter:data1\" content=\"7 minutes\" \/>\n<script type=\"application\/ld+json\" class=\"yoast-schema-graph\">{\"@context\":\"https:\\\/\\\/schema.org\",\"@graph\":[{\"@type\":[\"WebPage\",\"MedicalWebPage\"],\"@id\":\"https:\\\/\\\/www.osteopatiamotec.com\\\/fr\\\/quest-ce-que-losteopathie\\\/les-principes-de-losteopathie\\\/\",\"url\":\"https:\\\/\\\/www.osteopatiamotec.com\\\/fr\\\/quest-ce-que-losteopathie\\\/les-principes-de-losteopathie\\\/\",\"name\":\"Principes de l'ost\u00e9opathie - Centro de Osteopat\u00eda MOTEC\",\"isPartOf\":{\"@id\":\"https:\\\/\\\/www.osteopatiamotec.com\\\/fr\\\/#website\"},\"datePublished\":\"2012-09-29T12:18:15+00:00\",\"dateModified\":\"2022-01-26T15:36:17+00:00\",\"description\":\"Principes de l'ost\u00e9opathie\",\"breadcrumb\":{\"@id\":\"https:\\\/\\\/www.osteopatiamotec.com\\\/fr\\\/quest-ce-que-losteopathie\\\/les-principes-de-losteopathie\\\/#breadcrumb\"},\"inLanguage\":\"fr-FR\",\"potentialAction\":[{\"@type\":\"ReadAction\",\"target\":[\"https:\\\/\\\/www.osteopatiamotec.com\\\/fr\\\/quest-ce-que-losteopathie\\\/les-principes-de-losteopathie\\\/\"]}]},{\"@type\":\"BreadcrumbList\",\"@id\":\"https:\\\/\\\/www.osteopatiamotec.com\\\/fr\\\/quest-ce-que-losteopathie\\\/les-principes-de-losteopathie\\\/#breadcrumb\",\"itemListElement\":[{\"@type\":\"ListItem\",\"position\":1,\"name\":\"Home\",\"item\":\"https:\\\/\\\/www.osteopatiamotec.com\\\/fr\\\/\"},{\"@type\":\"ListItem\",\"position\":2,\"name\":\"Qu&#8217;est-ce que l&#8217;ost\u00e9opathie?\",\"item\":\"https:\\\/\\\/www.osteopatiamotec.com\\\/fr\\\/quest-ce-que-losteopathie\\\/\"},{\"@type\":\"ListItem\",\"position\":3,\"name\":\"Principes de l&rsquo;ost\u00e9opathie (ROE)\"}]},{\"@type\":\"WebSite\",\"@id\":\"https:\\\/\\\/www.osteopatiamotec.com\\\/fr\\\/#website\",\"url\":\"https:\\\/\\\/www.osteopatiamotec.com\\\/fr\\\/\",\"name\":\"Centro de Osteopat\u00eda en Barcelona - Motec\",\"description\":\"En el Centro de Osteopat\u00eda Motec de Barcelona (Medicina Osteop\u00e1tica y Terapia Cr\u00e1neo-Sacral) no tratamos s\u00f3lo enfermedades, sino que tratamos personas. Debido a nuestra continua formaci\u00f3n, integramos desde t\u00e9cnicas osteop\u00e1ticas cl\u00e1sicas a viscerales, craneales, membranosas, fasciales, somatoemocionales, pedi\u00e1tricas, craneosacrales, seguimiento del embarazo\u2026\",\"publisher\":{\"@id\":\"https:\\\/\\\/www.osteopatiamotec.com\\\/fr\\\/#organization\"},\"potentialAction\":[{\"@type\":\"SearchAction\",\"target\":{\"@type\":\"EntryPoint\",\"urlTemplate\":\"https:\\\/\\\/www.osteopatiamotec.com\\\/fr\\\/?s={search_term_string}\"},\"query-input\":{\"@type\":\"PropertyValueSpecification\",\"valueRequired\":true,\"valueName\":\"search_term_string\"}}],\"inLanguage\":\"fr-FR\"},{\"@type\":\"Organization\",\"@id\":\"https:\\\/\\\/www.osteopatiamotec.com\\\/fr\\\/#organization\",\"name\":\"Centro de Osteopat\u00eda Motec Barcelona\",\"url\":\"https:\\\/\\\/www.osteopatiamotec.com\\\/fr\\\/\",\"logo\":{\"@type\":\"ImageObject\",\"inLanguage\":\"fr-FR\",\"@id\":\"https:\\\/\\\/www.osteopatiamotec.com\\\/fr\\\/#\\\/schema\\\/logo\\\/image\\\/\",\"url\":\"https:\\\/\\\/www.osteopatiamotec.com\\\/wp-content\\\/uploads\\\/osteopatiamotec-social.jpg\",\"contentUrl\":\"https:\\\/\\\/www.osteopatiamotec.com\\\/wp-content\\\/uploads\\\/osteopatiamotec-social.jpg\",\"width\":1200,\"height\":800,\"caption\":\"Centro de Osteopat\u00eda Motec Barcelona\"},\"image\":{\"@id\":\"https:\\\/\\\/www.osteopatiamotec.com\\\/fr\\\/#\\\/schema\\\/logo\\\/image\\\/\"},\"sameAs\":[\"https:\\\/\\\/www.facebook.com\\\/osteopatiamotec\\\/\",\"https:\\\/\\\/x.com\\\/motecosteopatia\",\"https:\\\/\\\/www.instagram.com\\\/osteopatiamotec\\\/\",\"https:\\\/\\\/www.youtube.com\\\/channel\\\/UCiJMpuIx-plYD-Y3Y9Pod6A\"]}]}<\/script>\n<!-- \/ Yoast SEO plugin. -->","yoast_head_json":{"title":"Principes de l'ost\u00e9opathie - Centro de Osteopat\u00eda MOTEC","description":"Principes de l'ost\u00e9opathie","robots":{"index":"index","follow":"follow","max-snippet":"max-snippet:-1","max-image-preview":"max-image-preview:large","max-video-preview":"max-video-preview:-1"},"canonical":"https:\/\/www.osteopatiamotec.com\/fr\/quest-ce-que-losteopathie\/les-principes-de-losteopathie\/","og_locale":"fr_FR","og_type":"article","og_title":"Principes de l'ost\u00e9opathie - Centro de Osteopat\u00eda MOTEC","og_description":"Principes de l'ost\u00e9opathie","og_url":"https:\/\/www.osteopatiamotec.com\/fr\/quest-ce-que-losteopathie\/les-principes-de-losteopathie\/","og_site_name":"Centro de Osteopat\u00eda en Barcelona - Motec","article_publisher":"https:\/\/www.facebook.com\/osteopatiamotec\/","article_modified_time":"2022-01-26T15:36:17+00:00","og_image":[{"width":1200,"height":800,"url":"https:\/\/www.osteopatiamotec.com\/wp-content\/uploads\/osteopatiamotec-social.jpg","type":"image\/jpeg"}],"twitter_card":"summary_large_image","twitter_site":"@motecosteopatia","twitter_misc":{"Dur\u00e9e de lecture estim\u00e9e":"7 minutes"},"schema":{"@context":"https:\/\/schema.org","@graph":[{"@type":["WebPage","MedicalWebPage"],"@id":"https:\/\/www.osteopatiamotec.com\/fr\/quest-ce-que-losteopathie\/les-principes-de-losteopathie\/","url":"https:\/\/www.osteopatiamotec.com\/fr\/quest-ce-que-losteopathie\/les-principes-de-losteopathie\/","name":"Principes de l'ost\u00e9opathie - Centro de Osteopat\u00eda MOTEC","isPartOf":{"@id":"https:\/\/www.osteopatiamotec.com\/fr\/#website"},"datePublished":"2012-09-29T12:18:15+00:00","dateModified":"2022-01-26T15:36:17+00:00","description":"Principes de l'ost\u00e9opathie","breadcrumb":{"@id":"https:\/\/www.osteopatiamotec.com\/fr\/quest-ce-que-losteopathie\/les-principes-de-losteopathie\/#breadcrumb"},"inLanguage":"fr-FR","potentialAction":[{"@type":"ReadAction","target":["https:\/\/www.osteopatiamotec.com\/fr\/quest-ce-que-losteopathie\/les-principes-de-losteopathie\/"]}]},{"@type":"BreadcrumbList","@id":"https:\/\/www.osteopatiamotec.com\/fr\/quest-ce-que-losteopathie\/les-principes-de-losteopathie\/#breadcrumb","itemListElement":[{"@type":"ListItem","position":1,"name":"Home","item":"https:\/\/www.osteopatiamotec.com\/fr\/"},{"@type":"ListItem","position":2,"name":"Qu&#8217;est-ce que l&#8217;ost\u00e9opathie?","item":"https:\/\/www.osteopatiamotec.com\/fr\/quest-ce-que-losteopathie\/"},{"@type":"ListItem","position":3,"name":"Principes de l&rsquo;ost\u00e9opathie (ROE)"}]},{"@type":"WebSite","@id":"https:\/\/www.osteopatiamotec.com\/fr\/#website","url":"https:\/\/www.osteopatiamotec.com\/fr\/","name":"Centro de Osteopat\u00eda en Barcelona - Motec","description":"En el Centro de Osteopat\u00eda Motec de Barcelona (Medicina Osteop\u00e1tica y Terapia Cr\u00e1neo-Sacral) no tratamos s\u00f3lo enfermedades, sino que tratamos personas. Debido a nuestra continua formaci\u00f3n, integramos desde t\u00e9cnicas osteop\u00e1ticas cl\u00e1sicas a viscerales, craneales, membranosas, fasciales, somatoemocionales, pedi\u00e1tricas, craneosacrales, seguimiento del embarazo\u2026","publisher":{"@id":"https:\/\/www.osteopatiamotec.com\/fr\/#organization"},"potentialAction":[{"@type":"SearchAction","target":{"@type":"EntryPoint","urlTemplate":"https:\/\/www.osteopatiamotec.com\/fr\/?s={search_term_string}"},"query-input":{"@type":"PropertyValueSpecification","valueRequired":true,"valueName":"search_term_string"}}],"inLanguage":"fr-FR"},{"@type":"Organization","@id":"https:\/\/www.osteopatiamotec.com\/fr\/#organization","name":"Centro de Osteopat\u00eda Motec Barcelona","url":"https:\/\/www.osteopatiamotec.com\/fr\/","logo":{"@type":"ImageObject","inLanguage":"fr-FR","@id":"https:\/\/www.osteopatiamotec.com\/fr\/#\/schema\/logo\/image\/","url":"https:\/\/www.osteopatiamotec.com\/wp-content\/uploads\/osteopatiamotec-social.jpg","contentUrl":"https:\/\/www.osteopatiamotec.com\/wp-content\/uploads\/osteopatiamotec-social.jpg","width":1200,"height":800,"caption":"Centro de Osteopat\u00eda Motec Barcelona"},"image":{"@id":"https:\/\/www.osteopatiamotec.com\/fr\/#\/schema\/logo\/image\/"},"sameAs":["https:\/\/www.facebook.com\/osteopatiamotec\/","https:\/\/x.com\/motecosteopatia","https:\/\/www.instagram.com\/osteopatiamotec\/","https:\/\/www.youtube.com\/channel\/UCiJMpuIx-plYD-Y3Y9Pod6A"]}]}},"_links":{"self":[{"href":"https:\/\/www.osteopatiamotec.com\/fr\/wp-json\/wp\/v2\/pages\/3132","targetHints":{"allow":["GET"]}}],"collection":[{"href":"https:\/\/www.osteopatiamotec.com\/fr\/wp-json\/wp\/v2\/pages"}],"about":[{"href":"https:\/\/www.osteopatiamotec.com\/fr\/wp-json\/wp\/v2\/types\/page"}],"author":[{"embeddable":true,"href":"https:\/\/www.osteopatiamotec.com\/fr\/wp-json\/wp\/v2\/users\/1"}],"replies":[{"embeddable":true,"href":"https:\/\/www.osteopatiamotec.com\/fr\/wp-json\/wp\/v2\/comments?post=3132"}],"version-history":[{"count":0,"href":"https:\/\/www.osteopatiamotec.com\/fr\/wp-json\/wp\/v2\/pages\/3132\/revisions"}],"up":[{"embeddable":true,"href":"https:\/\/www.osteopatiamotec.com\/fr\/wp-json\/wp\/v2\/pages\/3122"}],"wp:attachment":[{"href":"https:\/\/www.osteopatiamotec.com\/fr\/wp-json\/wp\/v2\/media?parent=3132"}],"curies":[{"name":"wp","href":"https:\/\/api.w.org\/{rel}","templated":true}]}}