{"id":3164,"date":"2012-12-04T10:20:36","date_gmt":"2012-12-04T10:20:36","guid":{"rendered":"https:\/\/www.osteopatiamotec.com\/quick-scanning\/"},"modified":"2022-01-21T14:52:50","modified_gmt":"2022-01-21T13:52:50","slug":"quick-scanning-technique","status":"publish","type":"page","link":"https:\/\/www.osteopatiamotec.com\/fr\/videos-dosteopathie\/quick-scanning-technique\/","title":{"rendered":"Quick-Scanning"},"content":{"rendered":"<p><div class=\"fusion-fullwidth fullwidth-box fusion-builder-row-1 fusion-flex-container nonhundred-percent-fullwidth non-hundred-percent-height-scrolling\" style=\"background-color: rgba(255,255,255,0);background-position: center center;background-repeat: no-repeat;border-width: 0px 0px 0px 0px;border-color:#e8ebef;border-style:solid;\" ><div class=\"fusion-builder-row fusion-row fusion-flex-align-items-flex-start\" style=\"max-width:calc( 1200px + 0px );margin-left: calc(-0px \/ 2 );margin-right: calc(-0px \/ 2 );\"><div class=\"fusion-layout-column fusion_builder_column fusion-builder-column-0 fusion_builder_column_1_1 1_1 fusion-flex-column\"><div class=\"fusion-column-wrapper fusion-flex-justify-content-flex-start fusion-content-layout-column\" style=\"background-position:left top;background-repeat:no-repeat;-webkit-background-size:cover;-moz-background-size:cover;-o-background-size:cover;background-size:cover;padding: 0px 0px 0px 0px;\"><div class=\"fusion-text fusion-text-1\"><h1>Quick-Scanning<\/h1>\n<\/div><\/div><style type=\"text\/css\">.fusion-body .fusion-builder-column-0{width:100% !important;margin-top : 0px;margin-bottom : 0px;}.fusion-builder-column-0 > .fusion-column-wrapper {padding-top : 0px !important;padding-right : 0px !important;margin-right : 0px;padding-bottom : 0px !important;padding-left : 0px !important;margin-left : 0px;}@media only screen and (max-width:1200px) {.fusion-body .fusion-builder-column-0{width:100% !important;}.fusion-builder-column-0 > .fusion-column-wrapper {margin-right : 0px;margin-left : 0px;}}@media only screen and (max-width:640px) {.fusion-body .fusion-builder-column-0{width:100% !important;}.fusion-builder-column-0 > .fusion-column-wrapper {margin-right : 0px;margin-left : 0px;}}<\/style><\/div><\/div><style type=\"text\/css\">.fusion-body .fusion-flex-container.fusion-builder-row-1{ padding-top : 0px;margin-top : 0px;padding-right : 0px;padding-bottom : 0px;margin-bottom : 0px;padding-left : 0px;}<\/style><\/div><div class=\"fusion-fullwidth fullwidth-box fusion-builder-row-2 fusion-flex-container hundred-percent-fullwidth non-hundred-percent-height-scrolling\" style=\"background-color: rgba(255,255,255,0);background-position: center center;background-repeat: no-repeat;border-width: 0px 0px 0px 0px;border-color:#e8ebef;border-style:solid;\" ><div class=\"fusion-builder-row fusion-row fusion-flex-align-items-flex-start\" style=\"width:calc( 100% + 0px ) !important;max-width:calc( 100% + 0px ) !important;margin-left: calc(-0px \/ 2 );margin-right: calc(-0px \/ 2 );\"><div class=\"fusion-layout-column fusion_builder_column fusion-builder-column-1 fusion_builder_column_1_1 1_1 fusion-flex-column fusion-flex-align-self-flex-start fusion-column-no-min-height\"><div class=\"fusion-column-wrapper fusion-flex-justify-content-center fusion-content-layout-column\" style=\"background-position:left top;background-repeat:no-repeat;-webkit-background-size:cover;-moz-background-size:cover;-o-background-size:cover;background-size:cover;padding: 0px 0px 0px 0px;\"><div class=\"fusion-video fusion-vimeo\" style=\"max-width:600px;max-height:350px;\"><div class=\"video-shortcode\"><lite-vimeo videoid=\"53789502\" params=\"&autopause=0\" title=\"Vimeo video player 1\"><\/lite-vimeo><\/div><\/div><div class=\"fusion-text fusion-text-2\"><h3>Test para valorar la movilidad especifica de cada segmento vertebra<\/h3>\n<address>**\u00a0Los v\u00eddeos que\u00a0se muestran\u00a0a continuaci\u00f3n\u00a0son simplemente\u00a0a t\u00edtulo informativo, de \u00a0diferentes t\u00e9cnicas y diagn\u00f3sticos\u00a0\u00a0realizados en el centro de osteopat\u00eda Motec con el objetivo de poder hacerse una idea general del enfoque osteop\u00e1tico<\/address>\n<\/div><\/div><style type=\"text\/css\">.fusion-body .fusion-builder-column-1{width:100% !important;margin-top : 0px;margin-bottom : 0px;}.fusion-builder-column-1 > .fusion-column-wrapper {padding-top : 0px !important;padding-right : 0px !important;margin-right : 0px;padding-bottom : 0px !important;padding-left : 0px !important;margin-left : 0px;}@media only screen and (max-width:1200px) {.fusion-body .fusion-builder-column-1{width:100% !important;}.fusion-builder-column-1 > .fusion-column-wrapper {margin-right : 0px;margin-left : 0px;}}@media only screen and (max-width:640px) {.fusion-body .fusion-builder-column-1{width:100% !important;}.fusion-builder-column-1 > .fusion-column-wrapper {margin-right : 0px;margin-left : 0px;}}<\/style><\/div><\/div><style type=\"text\/css\">.fusion-fullwidth.fusion-builder-row-2 { overflow:visible; }.fusion-body .fusion-flex-container.fusion-builder-row-2{ padding-top : 0px;margin-top : 0px;padding-right : 0px;padding-bottom : 0px;margin-bottom : 0px;padding-left : 0px;}<\/style><\/div><\/p>\n","protected":false},"excerpt":{"rendered":"","protected":false},"author":1,"featured_media":0,"parent":3134,"menu_order":1,"comment_status":"open","ping_status":"open","template":"side-navigation.php","meta":{"footnotes":""},"class_list":["post-3164","page","type-page","status-publish","hentry"],"yoast_head":"<!-- This site is optimized with the Yoast SEO plugin v27.4 - https:\/\/yoast.com\/product\/yoast-seo-wordpress\/ -->\n<title>Quick-Scanning &#8211; Centro de Osteopat\u00eda en Barcelona - Motec<\/title>\n<meta name=\"description\" content=\"Test para valorar la movilidad especifica de cada segmento vertebra\" \/>\n<meta name=\"robots\" content=\"index, follow, max-snippet:-1, max-image-preview:large, max-video-preview:-1\" \/>\n<link rel=\"canonical\" href=\"https:\/\/www.osteopatiamotec.com\/fr\/videos-dosteopathie\/quick-scanning-technique\/\" \/>\n<meta property=\"og:locale\" content=\"fr_FR\" \/>\n<meta property=\"og:type\" content=\"article\" \/>\n<meta property=\"og:title\" content=\"Quick-Scanning &#8211; Centro de Osteopat\u00eda en Barcelona - Motec\" \/>\n<meta property=\"og:description\" content=\"Test para valorar la movilidad especifica de cada segmento vertebra\" \/>\n<meta property=\"og:url\" content=\"https:\/\/www.osteopatiamotec.com\/fr\/videos-dosteopathie\/quick-scanning-technique\/\" \/>\n<meta property=\"og:site_name\" content=\"Centro de Osteopat\u00eda en Barcelona - Motec\" \/>\n<meta property=\"article:publisher\" content=\"https:\/\/www.facebook.com\/osteopatiamotec\/\" \/>\n<meta property=\"article:modified_time\" content=\"2022-01-21T13:52:50+00:00\" \/>\n<meta property=\"og:image\" content=\"https:\/\/www.osteopatiamotec.com\/wp-content\/uploads\/osteopatiamotec-social.jpg\" \/>\n\t<meta property=\"og:image:width\" content=\"1200\" \/>\n\t<meta property=\"og:image:height\" content=\"800\" \/>\n\t<meta property=\"og:image:type\" content=\"image\/jpeg\" \/>\n<meta name=\"twitter:card\" content=\"summary_large_image\" \/>\n<meta name=\"twitter:site\" content=\"@motecosteopatia\" \/>\n<meta name=\"twitter:label1\" content=\"Dur\u00e9e de lecture estim\u00e9e\" \/>\n\t<meta name=\"twitter:data1\" content=\"1 minute\" \/>\n<script type=\"application\/ld+json\" class=\"yoast-schema-graph\">{\"@context\":\"https:\\\/\\\/schema.org\",\"@graph\":[{\"@type\":[\"WebPage\",\"MedicalWebPage\"],\"@id\":\"https:\\\/\\\/www.osteopatiamotec.com\\\/fr\\\/videos-dosteopathie\\\/quick-scanning-technique\\\/\",\"url\":\"https:\\\/\\\/www.osteopatiamotec.com\\\/fr\\\/videos-dosteopathie\\\/quick-scanning-technique\\\/\",\"name\":\"Quick-Scanning &#8211; Centro de Osteopat\u00eda en Barcelona - Motec\",\"isPartOf\":{\"@id\":\"https:\\\/\\\/www.osteopatiamotec.com\\\/fr\\\/#website\"},\"datePublished\":\"2012-12-04T10:20:36+00:00\",\"dateModified\":\"2022-01-21T13:52:50+00:00\",\"description\":\"Test para valorar la movilidad especifica de cada segmento vertebra\",\"breadcrumb\":{\"@id\":\"https:\\\/\\\/www.osteopatiamotec.com\\\/fr\\\/videos-dosteopathie\\\/quick-scanning-technique\\\/#breadcrumb\"},\"inLanguage\":\"fr-FR\",\"potentialAction\":[{\"@type\":\"ReadAction\",\"target\":[\"https:\\\/\\\/www.osteopatiamotec.com\\\/fr\\\/videos-dosteopathie\\\/quick-scanning-technique\\\/\"]}]},{\"@type\":\"BreadcrumbList\",\"@id\":\"https:\\\/\\\/www.osteopatiamotec.com\\\/fr\\\/videos-dosteopathie\\\/quick-scanning-technique\\\/#breadcrumb\",\"itemListElement\":[{\"@type\":\"ListItem\",\"position\":1,\"name\":\"Home\",\"item\":\"https:\\\/\\\/www.osteopatiamotec.com\\\/fr\\\/\"},{\"@type\":\"ListItem\",\"position\":2,\"name\":\"Vid\u00e9os p\u00e9dagogiques sur les techniques d&rsquo;ost\u00e9opathie\",\"item\":\"https:\\\/\\\/www.osteopatiamotec.com\\\/fr\\\/videos-dosteopathie\\\/\"},{\"@type\":\"ListItem\",\"position\":3,\"name\":\"Quick-Scanning\"}]},{\"@type\":\"WebSite\",\"@id\":\"https:\\\/\\\/www.osteopatiamotec.com\\\/fr\\\/#website\",\"url\":\"https:\\\/\\\/www.osteopatiamotec.com\\\/fr\\\/\",\"name\":\"Centro de Osteopat\u00eda en Barcelona - Motec\",\"description\":\"En el Centro de Osteopat\u00eda Motec de Barcelona (Medicina Osteop\u00e1tica y Terapia Cr\u00e1neo-Sacral) no tratamos s\u00f3lo enfermedades, sino que tratamos personas. Debido a nuestra continua formaci\u00f3n, integramos desde t\u00e9cnicas osteop\u00e1ticas cl\u00e1sicas a viscerales, craneales, membranosas, fasciales, somatoemocionales, pedi\u00e1tricas, craneosacrales, seguimiento del embarazo\u2026\",\"publisher\":{\"@id\":\"https:\\\/\\\/www.osteopatiamotec.com\\\/fr\\\/#organization\"},\"potentialAction\":[{\"@type\":\"SearchAction\",\"target\":{\"@type\":\"EntryPoint\",\"urlTemplate\":\"https:\\\/\\\/www.osteopatiamotec.com\\\/fr\\\/?s={search_term_string}\"},\"query-input\":{\"@type\":\"PropertyValueSpecification\",\"valueRequired\":true,\"valueName\":\"search_term_string\"}}],\"inLanguage\":\"fr-FR\"},{\"@type\":\"Organization\",\"@id\":\"https:\\\/\\\/www.osteopatiamotec.com\\\/fr\\\/#organization\",\"name\":\"Centro de Osteopat\u00eda Motec Barcelona\",\"url\":\"https:\\\/\\\/www.osteopatiamotec.com\\\/fr\\\/\",\"logo\":{\"@type\":\"ImageObject\",\"inLanguage\":\"fr-FR\",\"@id\":\"https:\\\/\\\/www.osteopatiamotec.com\\\/fr\\\/#\\\/schema\\\/logo\\\/image\\\/\",\"url\":\"https:\\\/\\\/www.osteopatiamotec.com\\\/wp-content\\\/uploads\\\/osteopatiamotec-social.jpg\",\"contentUrl\":\"https:\\\/\\\/www.osteopatiamotec.com\\\/wp-content\\\/uploads\\\/osteopatiamotec-social.jpg\",\"width\":1200,\"height\":800,\"caption\":\"Centro de Osteopat\u00eda Motec Barcelona\"},\"image\":{\"@id\":\"https:\\\/\\\/www.osteopatiamotec.com\\\/fr\\\/#\\\/schema\\\/logo\\\/image\\\/\"},\"sameAs\":[\"https:\\\/\\\/www.facebook.com\\\/osteopatiamotec\\\/\",\"https:\\\/\\\/x.com\\\/motecosteopatia\",\"https:\\\/\\\/www.instagram.com\\\/osteopatiamotec\\\/\",\"https:\\\/\\\/www.youtube.com\\\/channel\\\/UCiJMpuIx-plYD-Y3Y9Pod6A\"]}]}<\/script>\n<!-- \/ Yoast SEO plugin. -->","yoast_head_json":{"title":"Quick-Scanning &#8211; Centro de Osteopat\u00eda en Barcelona - Motec","description":"Test para valorar la movilidad especifica de cada segmento vertebra","robots":{"index":"index","follow":"follow","max-snippet":"max-snippet:-1","max-image-preview":"max-image-preview:large","max-video-preview":"max-video-preview:-1"},"canonical":"https:\/\/www.osteopatiamotec.com\/fr\/videos-dosteopathie\/quick-scanning-technique\/","og_locale":"fr_FR","og_type":"article","og_title":"Quick-Scanning &#8211; Centro de Osteopat\u00eda en Barcelona - Motec","og_description":"Test para valorar la movilidad especifica de cada segmento vertebra","og_url":"https:\/\/www.osteopatiamotec.com\/fr\/videos-dosteopathie\/quick-scanning-technique\/","og_site_name":"Centro de Osteopat\u00eda en Barcelona - Motec","article_publisher":"https:\/\/www.facebook.com\/osteopatiamotec\/","article_modified_time":"2022-01-21T13:52:50+00:00","og_image":[{"width":1200,"height":800,"url":"https:\/\/www.osteopatiamotec.com\/wp-content\/uploads\/osteopatiamotec-social.jpg","type":"image\/jpeg"}],"twitter_card":"summary_large_image","twitter_site":"@motecosteopatia","twitter_misc":{"Dur\u00e9e de lecture estim\u00e9e":"1 minute"},"schema":{"@context":"https:\/\/schema.org","@graph":[{"@type":["WebPage","MedicalWebPage"],"@id":"https:\/\/www.osteopatiamotec.com\/fr\/videos-dosteopathie\/quick-scanning-technique\/","url":"https:\/\/www.osteopatiamotec.com\/fr\/videos-dosteopathie\/quick-scanning-technique\/","name":"Quick-Scanning &#8211; Centro de Osteopat\u00eda en Barcelona - Motec","isPartOf":{"@id":"https:\/\/www.osteopatiamotec.com\/fr\/#website"},"datePublished":"2012-12-04T10:20:36+00:00","dateModified":"2022-01-21T13:52:50+00:00","description":"Test para valorar la movilidad especifica de cada segmento vertebra","breadcrumb":{"@id":"https:\/\/www.osteopatiamotec.com\/fr\/videos-dosteopathie\/quick-scanning-technique\/#breadcrumb"},"inLanguage":"fr-FR","potentialAction":[{"@type":"ReadAction","target":["https:\/\/www.osteopatiamotec.com\/fr\/videos-dosteopathie\/quick-scanning-technique\/"]}]},{"@type":"BreadcrumbList","@id":"https:\/\/www.osteopatiamotec.com\/fr\/videos-dosteopathie\/quick-scanning-technique\/#breadcrumb","itemListElement":[{"@type":"ListItem","position":1,"name":"Home","item":"https:\/\/www.osteopatiamotec.com\/fr\/"},{"@type":"ListItem","position":2,"name":"Vid\u00e9os p\u00e9dagogiques sur les techniques d&rsquo;ost\u00e9opathie","item":"https:\/\/www.osteopatiamotec.com\/fr\/videos-dosteopathie\/"},{"@type":"ListItem","position":3,"name":"Quick-Scanning"}]},{"@type":"WebSite","@id":"https:\/\/www.osteopatiamotec.com\/fr\/#website","url":"https:\/\/www.osteopatiamotec.com\/fr\/","name":"Centro de Osteopat\u00eda en Barcelona - Motec","description":"En el Centro de Osteopat\u00eda Motec de Barcelona (Medicina Osteop\u00e1tica y Terapia Cr\u00e1neo-Sacral) no tratamos s\u00f3lo enfermedades, sino que tratamos personas. Debido a nuestra continua formaci\u00f3n, integramos desde t\u00e9cnicas osteop\u00e1ticas cl\u00e1sicas a viscerales, craneales, membranosas, fasciales, somatoemocionales, pedi\u00e1tricas, craneosacrales, seguimiento del embarazo\u2026","publisher":{"@id":"https:\/\/www.osteopatiamotec.com\/fr\/#organization"},"potentialAction":[{"@type":"SearchAction","target":{"@type":"EntryPoint","urlTemplate":"https:\/\/www.osteopatiamotec.com\/fr\/?s={search_term_string}"},"query-input":{"@type":"PropertyValueSpecification","valueRequired":true,"valueName":"search_term_string"}}],"inLanguage":"fr-FR"},{"@type":"Organization","@id":"https:\/\/www.osteopatiamotec.com\/fr\/#organization","name":"Centro de Osteopat\u00eda Motec Barcelona","url":"https:\/\/www.osteopatiamotec.com\/fr\/","logo":{"@type":"ImageObject","inLanguage":"fr-FR","@id":"https:\/\/www.osteopatiamotec.com\/fr\/#\/schema\/logo\/image\/","url":"https:\/\/www.osteopatiamotec.com\/wp-content\/uploads\/osteopatiamotec-social.jpg","contentUrl":"https:\/\/www.osteopatiamotec.com\/wp-content\/uploads\/osteopatiamotec-social.jpg","width":1200,"height":800,"caption":"Centro de Osteopat\u00eda Motec Barcelona"},"image":{"@id":"https:\/\/www.osteopatiamotec.com\/fr\/#\/schema\/logo\/image\/"},"sameAs":["https:\/\/www.facebook.com\/osteopatiamotec\/","https:\/\/x.com\/motecosteopatia","https:\/\/www.instagram.com\/osteopatiamotec\/","https:\/\/www.youtube.com\/channel\/UCiJMpuIx-plYD-Y3Y9Pod6A"]}]}},"_links":{"self":[{"href":"https:\/\/www.osteopatiamotec.com\/fr\/wp-json\/wp\/v2\/pages\/3164","targetHints":{"allow":["GET"]}}],"collection":[{"href":"https:\/\/www.osteopatiamotec.com\/fr\/wp-json\/wp\/v2\/pages"}],"about":[{"href":"https:\/\/www.osteopatiamotec.com\/fr\/wp-json\/wp\/v2\/types\/page"}],"author":[{"embeddable":true,"href":"https:\/\/www.osteopatiamotec.com\/fr\/wp-json\/wp\/v2\/users\/1"}],"replies":[{"embeddable":true,"href":"https:\/\/www.osteopatiamotec.com\/fr\/wp-json\/wp\/v2\/comments?post=3164"}],"version-history":[{"count":0,"href":"https:\/\/www.osteopatiamotec.com\/fr\/wp-json\/wp\/v2\/pages\/3164\/revisions"}],"up":[{"embeddable":true,"href":"https:\/\/www.osteopatiamotec.com\/fr\/wp-json\/wp\/v2\/pages\/3134"}],"wp:attachment":[{"href":"https:\/\/www.osteopatiamotec.com\/fr\/wp-json\/wp\/v2\/media?parent=3164"}],"curies":[{"name":"wp","href":"https:\/\/api.w.org\/{rel}","templated":true}]}}