{"id":3168,"date":"2014-07-18T10:19:15","date_gmt":"2014-07-18T10:19:15","guid":{"rendered":"https:\/\/www.osteopatiamotec.com\/politique-de-cookies\/"},"modified":"2022-02-16T11:15:27","modified_gmt":"2022-02-16T10:15:27","slug":"politique-de-cookies","status":"publish","type":"page","link":"https:\/\/www.osteopatiamotec.com\/fr\/politique-de-cookies\/","title":{"rendered":"Politique de cookies"},"content":{"rendered":"<div class=\"fusion-fullwidth fullwidth-box fusion-builder-row-1 fusion-flex-container nonhundred-percent-fullwidth non-hundred-percent-height-scrolling\" style=\"background-color: rgba(255,255,255,0);background-position: center center;background-repeat: no-repeat;border-width: 0px 0px 0px 0px;border-color:#e8ebef;border-style:solid;\" ><div class=\"fusion-builder-row fusion-row fusion-flex-align-items-flex-start\" style=\"max-width:1248px;margin-left: calc(-4% \/ 2 );margin-right: calc(-4% \/ 2 );\"><div class=\"fusion-layout-column fusion_builder_column fusion-builder-column-0 fusion_builder_column_1_1 1_1 fusion-flex-column\"><div class=\"fusion-column-wrapper fusion-flex-justify-content-flex-start fusion-content-layout-column\" style=\"background-position:left top;background-repeat:no-repeat;-webkit-background-size:cover;-moz-background-size:cover;-o-background-size:cover;background-size:cover;padding: 0px 0px 0px 0px;\"><div class=\"fusion-text fusion-text-1\" style=\"text-transform:none;\"><h2 style=\"color: #034c90;\">Explication de la fonctionnalit\u00e9 et de l&rsquo;utilisation de la politique des cookies<\/h2>\n<p style=\"color: #666666;\">Les cookies de politique sont de petits fichiers qui sont t\u00e9l\u00e9charg\u00e9s sur l&rsquo;ordinateur de l&rsquo;utilisateur par la page Web qu&rsquo;il visite et sont utilis\u00e9s pour g\u00e9rer diff\u00e9rents types d&rsquo;informations en fonction de leur fonctionnalit\u00e9.<\/p>\n<p style=\"color: #666666;\">Lors de votre visite sur le site www.osteopatiamotec.com, la politique-cookies qui est install\u00e9e, sous r\u00e9serve de leur acceptation, enregistre des informations pour :<\/p>\n<ul class=\"lista_contenido\" style=\"color: #666666;\">\n<li>G\u00e9n\u00e9rer des statistiques analytiques du Web pour garantir que nous offrons toujours un contenu et des informations int\u00e9ressants \u00e0 nos clients.<\/li>\n<li>Adapter l&rsquo;affichage et les fonctionnalit\u00e9s du site aux caract\u00e9ristiques des appareils des internautes.<\/li>\n<li>Conditionner le contenu publicitaire aux pr\u00e9f\u00e9rences et aux go\u00fbts de l&rsquo;utilisateur.<\/li>\n<li>Autoriser l&rsquo;utilisation des fonctionnalit\u00e9s d&rsquo;utilisateur et de magasin sur l&rsquo;ensemble du site Web.<\/li>\n<\/ul>\n<h2 style=\"color: #034c90;\">La politique des cookies utilis\u00e9s dans <span style=\"color: #666666;\">www.osteopatiamotec.com<\/span><\/h2>\n<ul class=\"lista_contenido\" style=\"color: #666666;\">\n<li><strong>Google Analytics<\/strong> : Propri\u00e9t\u00e9 de Google Inc. Il ne fournit pas le service d&rsquo;analyse de l&rsquo;audience de notre page. Cette soci\u00e9t\u00e9 peut utiliser ces donn\u00e9es pour am\u00e9liorer ses propres services et proposer des services \u00e0 d&rsquo;autres soci\u00e9t\u00e9s. Vous pouvez vous renseigner sur ces autres utilisations \u00e0 partir des liens indiqu\u00e9s. Cet outil n&rsquo;obtient pas de donn\u00e9es sur les noms ou pr\u00e9noms des utilisateurs ou l&rsquo;adresse postale \u00e0 partir de laquelle ils se connectent. Les informations obtenues sont li\u00e9es, par exemple, au nombre de pages visit\u00e9es, \u00e0 la langue, au r\u00e9seau social dans lequel nos actualit\u00e9s sont publi\u00e9es, \u00e0 la ville \u00e0 laquelle est attribu\u00e9e l&rsquo;adresse IP \u00e0 partir de laquelle les utilisateurs acc\u00e8dent, au nombre d&rsquo;utilisateurs qui nous visitent , la fr\u00e9quence et la r\u00e9currence des visites, l&rsquo;heure de la visite, le navigateur qu&rsquo;ils utilisent, l&rsquo;op\u00e9rateur ou le type de terminal \u00e0 partir duquel la visite est effectu\u00e9e.<\/li>\n<li><strong>Google Adwords<\/strong> : Propri\u00e9t\u00e9 de Google Inc. Gr\u00e2ce \u00e0 cet outil, nous contr\u00f4lons les personnes qui ont acc\u00e9d\u00e9 \u00e0 notre site Internet via nos publicit\u00e9s publi\u00e9es sur le r\u00e9seau Google Adwords.<\/li>\n<li><strong>Cookies tiers<\/strong>: Certains des cookies-politiques \u00e9mis par notre site sont g\u00e9r\u00e9s par des applications et extensions install\u00e9es dans notre syst\u00e8me par des soci\u00e9t\u00e9s tierces.Ces cookies-politiques sont destin\u00e9s \u00e0 reconna\u00eetre votre terminal lors de vos visites ult\u00e9rieures sur d&rsquo;autres sites Internet int\u00e9gr\u00e9s dans le m\u00eame syst\u00e8me. offrez de la publicit\u00e9 cibl\u00e9e \u00e0 vos pr\u00e9f\u00e9rences d&rsquo;articles.<\/li>\n<\/ul>\n<h2 style=\"color: #034c90;\">Cookies sociaux<\/h2>\n<p style=\"color: #666666;\">Notre site internet <span style=\"color: #666666; text-decoration: underline;\">www.osteopatiamotec.com<\/span><a style=\"color: #034c90;\" href=\"https:\/\/www.sek.es\/index.php?section=politica-cookies\"> <\/a>utilise l&rsquo;utilisation de plug-ins de r\u00e9seaux sociaux tels que Facebook, Twitter, Youtube, Flikr et Linkedin, conditionn\u00e9s par les conditions d&rsquo;utilisation de ceux-ci, pour permettre au navigateur de partager et de commenter l&rsquo;une de nos pages et\/ou produits dans leur pr\u00e9f\u00e9rence r\u00e9seau social.<\/p>\n<h2 style=\"color: #034c90;\">Acceptation de l&rsquo;utilisation des cookies de politique<\/h2>\n<p style=\"color: #666666;\">L&rsquo;utilisateur peut choisir \u00e0 tout moment d&rsquo;accepter ou de refuser l&rsquo;installation et l&rsquo;utilisation de la politique de cookies sur son terminal en configurant son navigateur.<\/p>\n<p style=\"color: #666666;\"><strong>Acceptation :<\/strong> Accepter l&rsquo;installation de cookies de politique \u00e0 un moment pr\u00e9cis ne dispense pas qu&rsquo;\u00e0 tout moment vous puissiez modifier ou supprimer les donn\u00e9es et les cookies de politique install\u00e9s via la configuration de votre navigateur.<\/p>\n<p style=\"color: #666666;\"><strong>Refus d&rsquo;installation de policy-cookies<\/strong> : Si vous d\u00e9cidez de refuser l&rsquo;installation de policy-cookies sur votre syst\u00e8me, vous devez comprendre que vous ne pourrez pas naviguer correctement ou b\u00e9n\u00e9ficier des fonctionnalit\u00e9s offertes par notre site Internet.<\/p>\n<h2 style=\"color: #034c90;\">Informations<\/h2>\n<p style=\"color: #666666;\">Nous utilisons ces informations pour am\u00e9liorer notre page, d\u00e9tecter de nouveaux besoins et \u00e9valuer les am\u00e9liorations \u00e0 apporter afin de fournir un meilleur service aux utilisateurs qui nous visitent.<\/p>\n<p style=\"color: #666666;\">Pour autoriser, conna\u00eetre, bloquer ou \u00e9liminer les cookies-politiques install\u00e9s sur votre ordinateur, vous pouvez le faire en configurant les options du navigateur install\u00e9 sur votre ordinateur.<\/p>\n<p style=\"color: #666666;\">Par exemple, vous pouvez trouver des informations sur la fa\u00e7on de proc\u00e9der si vous utilisez comme navigateur:<\/p>\n<ul class=\"lista_contenido\" style=\"color: #666666;\">\n<li>Firefox d&rsquo;ici: <a style=\"color: #034c90;\" href=\"https:\/\/support.mozilla.org\/es\/kb\/como-mantenerte-seguro-mientras-navegas\" target=\"_blank\" rel=\"noopener\">https:\/\/support.mozilla.org\/es\/products\/firefox\/politica-cookies<\/a><\/li>\n<li>Chrome d&rsquo;ici: <a style=\"color: #034c90;\" href=\"https:\/\/support.google.com\/chrome\/bin\/answer.py?hl=esanswer=95647\" target=\"_blank\" rel=\"noopener\">https:\/\/support.google.com\/chrome\/bin\/answer.py?hl=esanswer=95647<\/a><\/li>\n<li>Explorateur d&rsquo;ici: <a style=\"color: #034c90;\" href=\"https:\/\/windows.microsoft.com\/es-es\/windows7\/how-to-manage-politica-cookies-in-internet-explorer-9\" target=\"_blank\" rel=\"noopener\">https:\/\/windows.microsoft.com\/es-es\/windows7\/how-to-manage-politica-cookies-in-internet-explorer-9<\/a><\/li>\n<li>Safari \u00e0 partir d&rsquo;ici: <a style=\"color: #034c90;\" href=\"https:\/\/support.apple.com\/kb\/ph5042\" target=\"_blank\" rel=\"noopener\">https:\/\/support.apple.com\/kb\/ph5042<\/a><\/li>\n<li>Opera d&rsquo;ici : <a style=\"color: #034c90;\" href=\"https:\/\/help.opera.com\/Windows\/11.50\/es-ES\/politica-cookies.html\" target=\"_blank\" rel=\"noopener\">https:\/\/help.opera.com\/Windows\/11.50\/es-ES\/politica-cookies.html<\/a><\/li>\n<\/ul>\n<\/div><\/div><style type=\"text\/css\">.fusion-body .fusion-builder-column-0{width:100% !important;margin-top : 0px;margin-bottom : 0px;}.fusion-builder-column-0 > .fusion-column-wrapper {padding-top : 0px !important;padding-right : 0px !important;margin-right : 1.92%;padding-bottom : 0px !important;padding-left : 0px !important;margin-left : 1.92%;}@media only screen and (max-width:1200px) {.fusion-body .fusion-builder-column-0{width:100% !important;}.fusion-builder-column-0 > .fusion-column-wrapper {margin-right : 1.92%;margin-left : 1.92%;}}@media only screen and (max-width:640px) {.fusion-body .fusion-builder-column-0{width:100% !important;}.fusion-builder-column-0 > .fusion-column-wrapper {margin-right : 1.92%;margin-left : 1.92%;}}<\/style><\/div><\/div><style type=\"text\/css\">.fusion-body .fusion-flex-container.fusion-builder-row-1{ padding-top : 0px;margin-top : 0px;padding-right : 0px;padding-bottom : 0px;margin-bottom : 0px;padding-left : 0px;}<\/style><\/div>\n","protected":false},"excerpt":{"rendered":"","protected":false},"author":1,"featured_media":0,"parent":0,"menu_order":0,"comment_status":"open","ping_status":"open","template":"","meta":{"footnotes":""},"class_list":["post-3168","page","type-page","status-publish","hentry"],"yoast_head":"<!-- This site is optimized with the Yoast SEO plugin v27.2 - https:\/\/yoast.com\/product\/yoast-seo-wordpress\/ -->\n<title>Politique de cookies &#8211; Centro de Osteopat\u00eda en Barcelona - Motec<\/title>\n<meta name=\"robots\" content=\"index, follow, max-snippet:-1, max-image-preview:large, max-video-preview:-1\" \/>\n<link rel=\"canonical\" href=\"https:\/\/www.osteopatiamotec.com\/fr\/politique-de-cookies\/\" \/>\n<meta property=\"og:locale\" content=\"fr_FR\" \/>\n<meta property=\"og:type\" content=\"article\" \/>\n<meta property=\"og:title\" content=\"Politique de cookies &#8211; Centro de Osteopat\u00eda en Barcelona - Motec\" \/>\n<meta property=\"og:url\" content=\"https:\/\/www.osteopatiamotec.com\/fr\/politique-de-cookies\/\" \/>\n<meta property=\"og:site_name\" content=\"Centro de Osteopat\u00eda en Barcelona - Motec\" \/>\n<meta property=\"article:publisher\" content=\"https:\/\/www.facebook.com\/osteopatiamotec\/\" \/>\n<meta property=\"article:modified_time\" content=\"2022-02-16T10:15:27+00:00\" \/>\n<meta property=\"og:image\" content=\"https:\/\/www.osteopatiamotec.com\/wp-content\/uploads\/osteopatiamotec-social.jpg\" \/>\n\t<meta property=\"og:image:width\" content=\"1200\" \/>\n\t<meta property=\"og:image:height\" content=\"800\" \/>\n\t<meta property=\"og:image:type\" content=\"image\/jpeg\" \/>\n<meta name=\"twitter:card\" content=\"summary_large_image\" \/>\n<meta name=\"twitter:site\" content=\"@motecosteopatia\" \/>\n<meta name=\"twitter:label1\" content=\"Dur\u00e9e de lecture estim\u00e9e\" \/>\n\t<meta name=\"twitter:data1\" content=\"5 minutes\" \/>\n<script type=\"application\/ld+json\" class=\"yoast-schema-graph\">{\"@context\":\"https:\/\/schema.org\",\"@graph\":[{\"@type\":[\"WebPage\",\"MedicalWebPage\"],\"@id\":\"https:\/\/www.osteopatiamotec.com\/fr\/politique-de-cookies\/\",\"url\":\"https:\/\/www.osteopatiamotec.com\/fr\/politique-de-cookies\/\",\"name\":\"Politique de cookies &#8211; Centro de Osteopat\u00eda en Barcelona - Motec\",\"isPartOf\":{\"@id\":\"https:\/\/www.osteopatiamotec.com\/fr\/#website\"},\"datePublished\":\"2014-07-18T10:19:15+00:00\",\"dateModified\":\"2022-02-16T10:15:27+00:00\",\"breadcrumb\":{\"@id\":\"https:\/\/www.osteopatiamotec.com\/fr\/politique-de-cookies\/#breadcrumb\"},\"inLanguage\":\"fr-FR\",\"potentialAction\":[{\"@type\":\"ReadAction\",\"target\":[\"https:\/\/www.osteopatiamotec.com\/fr\/politique-de-cookies\/\"]}]},{\"@type\":\"BreadcrumbList\",\"@id\":\"https:\/\/www.osteopatiamotec.com\/fr\/politique-de-cookies\/#breadcrumb\",\"itemListElement\":[{\"@type\":\"ListItem\",\"position\":1,\"name\":\"Home\",\"item\":\"https:\/\/www.osteopatiamotec.com\/fr\/\"},{\"@type\":\"ListItem\",\"position\":2,\"name\":\"Politique de cookies\"}]},{\"@type\":\"WebSite\",\"@id\":\"https:\/\/www.osteopatiamotec.com\/fr\/#website\",\"url\":\"https:\/\/www.osteopatiamotec.com\/fr\/\",\"name\":\"Centro de Osteopat\u00eda en Barcelona - Motec\",\"description\":\"En el Centro de Osteopat\u00eda Motec de Barcelona (Medicina Osteop\u00e1tica y Terapia Cr\u00e1neo-Sacral) no tratamos s\u00f3lo enfermedades, sino que tratamos personas. Debido a nuestra continua formaci\u00f3n, integramos desde t\u00e9cnicas osteop\u00e1ticas cl\u00e1sicas a viscerales, craneales, membranosas, fasciales, somatoemocionales, pedi\u00e1tricas, craneosacrales, seguimiento del embarazo\u2026\",\"publisher\":{\"@id\":\"https:\/\/www.osteopatiamotec.com\/fr\/#organization\"},\"potentialAction\":[{\"@type\":\"SearchAction\",\"target\":{\"@type\":\"EntryPoint\",\"urlTemplate\":\"https:\/\/www.osteopatiamotec.com\/fr\/?s={search_term_string}\"},\"query-input\":{\"@type\":\"PropertyValueSpecification\",\"valueRequired\":true,\"valueName\":\"search_term_string\"}}],\"inLanguage\":\"fr-FR\"},{\"@type\":\"Organization\",\"@id\":\"https:\/\/www.osteopatiamotec.com\/fr\/#organization\",\"name\":\"Centro de Osteopat\u00eda Motec Barcelona\",\"url\":\"https:\/\/www.osteopatiamotec.com\/fr\/\",\"logo\":{\"@type\":\"ImageObject\",\"inLanguage\":\"fr-FR\",\"@id\":\"https:\/\/www.osteopatiamotec.com\/fr\/#\/schema\/logo\/image\/\",\"url\":\"https:\/\/www.osteopatiamotec.com\/wp-content\/uploads\/osteopatiamotec-social.jpg\",\"contentUrl\":\"https:\/\/www.osteopatiamotec.com\/wp-content\/uploads\/osteopatiamotec-social.jpg\",\"width\":1200,\"height\":800,\"caption\":\"Centro de Osteopat\u00eda Motec Barcelona\"},\"image\":{\"@id\":\"https:\/\/www.osteopatiamotec.com\/fr\/#\/schema\/logo\/image\/\"},\"sameAs\":[\"https:\/\/www.facebook.com\/osteopatiamotec\/\",\"https:\/\/x.com\/motecosteopatia\",\"https:\/\/www.instagram.com\/osteopatiamotec\/\",\"https:\/\/www.youtube.com\/channel\/UCiJMpuIx-plYD-Y3Y9Pod6A\"]}]}<\/script>\n<!-- \/ Yoast SEO plugin. -->","yoast_head_json":{"title":"Politique de cookies &#8211; Centro de Osteopat\u00eda en Barcelona - Motec","robots":{"index":"index","follow":"follow","max-snippet":"max-snippet:-1","max-image-preview":"max-image-preview:large","max-video-preview":"max-video-preview:-1"},"canonical":"https:\/\/www.osteopatiamotec.com\/fr\/politique-de-cookies\/","og_locale":"fr_FR","og_type":"article","og_title":"Politique de cookies &#8211; Centro de Osteopat\u00eda en Barcelona - Motec","og_url":"https:\/\/www.osteopatiamotec.com\/fr\/politique-de-cookies\/","og_site_name":"Centro de Osteopat\u00eda en Barcelona - Motec","article_publisher":"https:\/\/www.facebook.com\/osteopatiamotec\/","article_modified_time":"2022-02-16T10:15:27+00:00","og_image":[{"width":1200,"height":800,"url":"https:\/\/www.osteopatiamotec.com\/wp-content\/uploads\/osteopatiamotec-social.jpg","type":"image\/jpeg"}],"twitter_card":"summary_large_image","twitter_site":"@motecosteopatia","twitter_misc":{"Dur\u00e9e de lecture estim\u00e9e":"5 minutes"},"schema":{"@context":"https:\/\/schema.org","@graph":[{"@type":["WebPage","MedicalWebPage"],"@id":"https:\/\/www.osteopatiamotec.com\/fr\/politique-de-cookies\/","url":"https:\/\/www.osteopatiamotec.com\/fr\/politique-de-cookies\/","name":"Politique de cookies &#8211; Centro de Osteopat\u00eda en Barcelona - Motec","isPartOf":{"@id":"https:\/\/www.osteopatiamotec.com\/fr\/#website"},"datePublished":"2014-07-18T10:19:15+00:00","dateModified":"2022-02-16T10:15:27+00:00","breadcrumb":{"@id":"https:\/\/www.osteopatiamotec.com\/fr\/politique-de-cookies\/#breadcrumb"},"inLanguage":"fr-FR","potentialAction":[{"@type":"ReadAction","target":["https:\/\/www.osteopatiamotec.com\/fr\/politique-de-cookies\/"]}]},{"@type":"BreadcrumbList","@id":"https:\/\/www.osteopatiamotec.com\/fr\/politique-de-cookies\/#breadcrumb","itemListElement":[{"@type":"ListItem","position":1,"name":"Home","item":"https:\/\/www.osteopatiamotec.com\/fr\/"},{"@type":"ListItem","position":2,"name":"Politique de cookies"}]},{"@type":"WebSite","@id":"https:\/\/www.osteopatiamotec.com\/fr\/#website","url":"https:\/\/www.osteopatiamotec.com\/fr\/","name":"Centro de Osteopat\u00eda en Barcelona - Motec","description":"En el Centro de Osteopat\u00eda Motec de Barcelona (Medicina Osteop\u00e1tica y Terapia Cr\u00e1neo-Sacral) no tratamos s\u00f3lo enfermedades, sino que tratamos personas. Debido a nuestra continua formaci\u00f3n, integramos desde t\u00e9cnicas osteop\u00e1ticas cl\u00e1sicas a viscerales, craneales, membranosas, fasciales, somatoemocionales, pedi\u00e1tricas, craneosacrales, seguimiento del embarazo\u2026","publisher":{"@id":"https:\/\/www.osteopatiamotec.com\/fr\/#organization"},"potentialAction":[{"@type":"SearchAction","target":{"@type":"EntryPoint","urlTemplate":"https:\/\/www.osteopatiamotec.com\/fr\/?s={search_term_string}"},"query-input":{"@type":"PropertyValueSpecification","valueRequired":true,"valueName":"search_term_string"}}],"inLanguage":"fr-FR"},{"@type":"Organization","@id":"https:\/\/www.osteopatiamotec.com\/fr\/#organization","name":"Centro de Osteopat\u00eda Motec Barcelona","url":"https:\/\/www.osteopatiamotec.com\/fr\/","logo":{"@type":"ImageObject","inLanguage":"fr-FR","@id":"https:\/\/www.osteopatiamotec.com\/fr\/#\/schema\/logo\/image\/","url":"https:\/\/www.osteopatiamotec.com\/wp-content\/uploads\/osteopatiamotec-social.jpg","contentUrl":"https:\/\/www.osteopatiamotec.com\/wp-content\/uploads\/osteopatiamotec-social.jpg","width":1200,"height":800,"caption":"Centro de Osteopat\u00eda Motec Barcelona"},"image":{"@id":"https:\/\/www.osteopatiamotec.com\/fr\/#\/schema\/logo\/image\/"},"sameAs":["https:\/\/www.facebook.com\/osteopatiamotec\/","https:\/\/x.com\/motecosteopatia","https:\/\/www.instagram.com\/osteopatiamotec\/","https:\/\/www.youtube.com\/channel\/UCiJMpuIx-plYD-Y3Y9Pod6A"]}]}},"_links":{"self":[{"href":"https:\/\/www.osteopatiamotec.com\/fr\/wp-json\/wp\/v2\/pages\/3168","targetHints":{"allow":["GET"]}}],"collection":[{"href":"https:\/\/www.osteopatiamotec.com\/fr\/wp-json\/wp\/v2\/pages"}],"about":[{"href":"https:\/\/www.osteopatiamotec.com\/fr\/wp-json\/wp\/v2\/types\/page"}],"author":[{"embeddable":true,"href":"https:\/\/www.osteopatiamotec.com\/fr\/wp-json\/wp\/v2\/users\/1"}],"replies":[{"embeddable":true,"href":"https:\/\/www.osteopatiamotec.com\/fr\/wp-json\/wp\/v2\/comments?post=3168"}],"version-history":[{"count":0,"href":"https:\/\/www.osteopatiamotec.com\/fr\/wp-json\/wp\/v2\/pages\/3168\/revisions"}],"wp:attachment":[{"href":"https:\/\/www.osteopatiamotec.com\/fr\/wp-json\/wp\/v2\/media?parent=3168"}],"curies":[{"name":"wp","href":"https:\/\/api.w.org\/{rel}","templated":true}]}}